{"id":251999,"date":"2017-12-15T10:26:09","date_gmt":"2017-12-15T10:26:09","guid":{"rendered":"https:\/\/staging.lakewell.com\/geschaeftsbedingungen\/"},"modified":"2022-06-20T14:49:39","modified_gmt":"2022-06-20T14:49:39","slug":"geschaeftsbedingungen","status":"publish","type":"page","link":"https:\/\/www.lakewell.com\/de\/geschaeftsbedingungen\/","title":{"rendered":"R\u00fccknahmegarantie"},"content":{"rendered":"\t\t<div data-elementor-type=\"wp-page\" data-elementor-id=\"251999\" class=\"elementor elementor-251999 elementor-451\">\n\t\t\t\t\t\t<section class=\"elementor-section elementor-top-section elementor-element elementor-element-366f58e elementor-section-full_width elementor-section-height-default elementor-section-height-default\" data-id=\"366f58e\" data-element_type=\"section\" data-e-type=\"section\">\n\t\t\t\t\t\t<div class=\"elementor-container elementor-column-gap-default\">\n\t\t\t\t\t<div class=\"elementor-column elementor-col-50 elementor-top-column elementor-element elementor-element-8f85ed4 th-card leftpane-margin\" data-id=\"8f85ed4\" data-element_type=\"column\" data-e-type=\"column\" data-settings=\"{&quot;background_background&quot;:&quot;classic&quot;}\">\n\t\t\t<div class=\"elementor-widget-wrap elementor-element-populated\">\n\t\t\t\t\t\t<div class=\"elementor-element elementor-element-2cd0f08 elementor-widget elementor-widget-heading\" data-id=\"2cd0f08\" data-element_type=\"widget\" data-e-type=\"widget\" data-widget_type=\"heading.default\">\n\t\t\t\t<div class=\"elementor-widget-container\">\n\t\t\t\t\t<h5 class=\"elementor-heading-title elementor-size-default\">Information<\/h5>\t\t\t\t<\/div>\n\t\t\t\t<\/div>\n\t\t\t\t<div class=\"elementor-element elementor-element-f84d023 elementor-widget elementor-widget-nav-menu\" data-id=\"f84d023\" data-element_type=\"widget\" data-e-type=\"widget\" data-widget_type=\"nav-menu.default\">\n\t\t\t\t<div class=\"elementor-widget-container\">\n\t\t\t\t\t \t\t\t\t<\/div>\n\t\t\t\t<\/div>\n\t\t\t\t<div class=\"elementor-element elementor-element-e117dc9 elementor-widget elementor-widget-heading\" data-id=\"e117dc9\" data-element_type=\"widget\" data-e-type=\"widget\" data-widget_type=\"heading.default\">\n\t\t\t\t<div class=\"elementor-widget-container\">\n\t\t\t\t\t<h5 class=\"elementor-heading-title elementor-size-default\">Gesch\u00e4ftsbedingungen<\/h5>\t\t\t\t<\/div>\n\t\t\t\t<\/div>\n\t\t\t\t<div class=\"elementor-element elementor-element-fb4b7c2 elementor-widget elementor-widget-nav-menu\" data-id=\"fb4b7c2\" data-element_type=\"widget\" data-e-type=\"widget\" data-widget_type=\"nav-menu.default\">\n\t\t\t\t<div class=\"elementor-widget-container\">\n\t\t\t\t\t \t\t\t\t<\/div>\n\t\t\t\t<\/div>\n\t\t\t\t\t<\/div>\n\t\t<\/div>\n\t\t\t\t<div class=\"elementor-column elementor-col-50 elementor-top-column elementor-element elementor-element-0489a59 th-card\" data-id=\"0489a59\" data-element_type=\"column\" data-e-type=\"column\">\n\t\t\t<div class=\"elementor-widget-wrap elementor-element-populated\">\n\t\t\t\t\t\t<div class=\"elementor-element elementor-element-58fed42 elementor-widget elementor-widget-menu-anchor\" data-id=\"58fed42\" data-element_type=\"widget\" data-e-type=\"widget\" data-widget_type=\"menu-anchor.default\">\n\t\t\t\t<div class=\"elementor-widget-container\">\n\t\t\t\t\t\t\t<div class=\"elementor-menu-anchor\" id=\"Versand\"><\/div>\n\t\t\t\t\t\t<\/div>\n\t\t\t\t<\/div>\n\t\t\t\t<div class=\"elementor-element elementor-element-cdca008 elementor-widget elementor-widget-text-editor\" data-id=\"cdca008\" data-element_type=\"widget\" data-e-type=\"widget\" data-widget_type=\"text-editor.default\">\n\t\t\t\t<div class=\"elementor-widget-container\">\n\t\t\t\t\t\t\t\t\t<p>Wir haben eine Leidenschaft f\u00fcr Oldtimer und Sammlerautos. Wir m\u00f6chten, dass unsere Kunden mit gleicher Leidenschaft mit uns zusammenarbeiten. Unsere Zufriedenheitsgarantie und unsere R\u00fcckgaberichtlinie spiegeln diese Philosophie wider.<\/p><p>Wir achten sehr darauf, dass alle Produkte, die unser Werk verlassen, den h\u00f6chsten Qualit\u00e4tsstandards entsprechen und sorgf\u00e4ltig verpackt werden. Alle Artikel sind sofort nach Erhalt auf M\u00e4ngel oder fehlende Teile zu untersuchen.<\/p><p>Sollte ein Produkt defekt sein, bieten wir Ihnen eine unkomplizierte Ersatzgarantie, vom kleinsten Teil bis hin zum kompletten Interieur-Restaurierungsset. Wenn ein Produkt nicht defekt ist, Sie aber \u2013 aus welchen Gr\u00fcnden auch immer \u2013 damit nicht 100% zufrieden sind, werden wir versuchen, es zu Ihrer Zufriedenheit zu ersetzen oder, falls dies nicht m\u00f6glich ist, Ihnen den Wert des Produkts bei der R\u00fccksendung zur\u00fcckerstatten. Es k\u00f6nnen nur Artikel zur\u00fcckgegeben werden, die unbenutzt, nicht gekennzeichnet und in wiederverkaufsf\u00e4higem Zustand sind. F\u00fcr auf Bestellung gefertigte Produkte f\u00e4llt eine Lagergeb\u00fchr von 20 % an.<\/p><ul><li>Farben werden auf verschiedenen Bildschirmen unterschiedlich wiedergegeben. Wir empfehlen unseren Kunden dringend, vor der Bestellung ein physisches Muster anzufordern, um Farbe, Material und Textur zu \u00fcberpr\u00fcfen. Falls keine physische Probe angefordert wurde, f\u00e4llt eine Lagergeb\u00fchr von 20 % an.<\/li><li>Bitte beachten Sie, dass wir keine Versand- oder Einfuhrgeb\u00fchren erstatten. Sonderanfertigungen oder Produkte mit benutzerdefinierten Farbschemata sind vom Umtausch ausgeschlossen.<\/li><li>R\u00fccksendungen, R\u00fcckerstattungen oder andere Reklamationen m\u00fcssen innerhalb von 14 Tagen nach Lieferung des Produkts beantragt werden. Nach der Installation k\u00f6nnen Produkte nicht zur\u00fcckgegeben werden.<\/li><li>R\u00fccksendungen von au\u00dferhalb der EU bed\u00fcrfen unserer Zustimmung und Weisung.<\/li><li>Bitte nutzen Sie bei der R\u00fccksendung Ihrer Waren einen Kurierdienst mit Sendungsverfolgung. Lakewell kann keine Haftung f\u00fcr zur\u00fcckgesandte Pakete \u00fcbernehmen, die w\u00e4hrend des Transports falsch geliefert, verloren gehen oder besch\u00e4digt wurden.<\/li><li>Wir behalten uns das Recht vor, R\u00fccksendungen abzulehnen, die besch\u00e4digt oder in unangemessenem Umfang behandelt werden.<\/li><\/ul>\t\t\t\t\t\t\t\t<\/div>\n\t\t\t\t<\/div>\n\t\t\t\t\t<\/div>\n\t\t<\/div>\n\t\t\t\t\t<\/div>\n\t\t<\/section>\n\t\t\t\t<\/div>\n\t\t","protected":false},"excerpt":{"rendered":"<p>Information Gesch\u00e4ftsbedingungen Wir haben eine Leidenschaft f\u00fcr Oldtimer und Sammlerautos. Wir m\u00f6chten, dass unsere Kunden mit gleicher Leidenschaft mit uns zusammenarbeiten. Unsere Zufriedenheitsgarantie und unsere R\u00fcckgaberichtlinie spiegeln diese Philosophie wider. Wir achten sehr darauf, dass alle Produkte, die unser Werk verlassen, den h\u00f6chsten Qualit\u00e4tsstandards entsprechen und sorgf\u00e4ltig verpackt werden. Alle Artikel sind sofort nach Erhalt [&hellip;]<\/p>\n","protected":false},"author":1,"featured_media":0,"parent":0,"menu_order":34,"comment_status":"closed","ping_status":"closed","template":"elementor_theme","meta":{"footnotes":""},"class_list":["post-251999","page","type-page","status-publish","hentry"],"_links":{"self":[{"href":"https:\/\/www.lakewell.com\/de\/wp-json\/wp\/v2\/pages\/251999","targetHints":{"allow":["GET"]}}],"collection":[{"href":"https:\/\/www.lakewell.com\/de\/wp-json\/wp\/v2\/pages"}],"about":[{"href":"https:\/\/www.lakewell.com\/de\/wp-json\/wp\/v2\/types\/page"}],"author":[{"embeddable":true,"href":"https:\/\/www.lakewell.com\/de\/wp-json\/wp\/v2\/users\/1"}],"replies":[{"embeddable":true,"href":"https:\/\/www.lakewell.com\/de\/wp-json\/wp\/v2\/comments?post=251999"}],"version-history":[{"count":0,"href":"https:\/\/www.lakewell.com\/de\/wp-json\/wp\/v2\/pages\/251999\/revisions"}],"wp:attachment":[{"href":"https:\/\/www.lakewell.com\/de\/wp-json\/wp\/v2\/media?parent=251999"}],"curies":[{"name":"wp","href":"https:\/\/api.w.org\/{rel}","templated":true}]}}