{"id":281495,"date":"2022-05-04T07:09:22","date_gmt":"2022-05-04T07:09:22","guid":{"rendered":"https:\/\/staging.lakewell.com\/datenschutzrichtlinie\/"},"modified":"2022-05-30T13:43:17","modified_gmt":"2022-05-30T13:43:17","slug":"datenschutzrichtlinie","status":"publish","type":"page","link":"https:\/\/www.lakewell.com\/de\/datenschutzrichtlinie\/","title":{"rendered":"Datenschutzrichtlinie"},"content":{"rendered":"\t\t<div data-elementor-type=\"wp-page\" data-elementor-id=\"281495\" class=\"elementor elementor-281495 elementor-281393\">\n\t\t\t\t\t\t<section class=\"elementor-section elementor-top-section elementor-element elementor-element-722f96c elementor-section-full_width elementor-section-height-default elementor-section-height-default\" data-id=\"722f96c\" data-element_type=\"section\" data-e-type=\"section\">\n\t\t\t\t\t\t<div class=\"elementor-container elementor-column-gap-default\">\n\t\t\t\t\t<div class=\"elementor-column elementor-col-50 elementor-top-column elementor-element elementor-element-e20bb87 th-card leftpane-margin\" data-id=\"e20bb87\" data-element_type=\"column\" data-e-type=\"column\" data-settings=\"{&quot;background_background&quot;:&quot;classic&quot;}\">\n\t\t\t<div class=\"elementor-widget-wrap elementor-element-populated\">\n\t\t\t\t\t\t<div class=\"elementor-element elementor-element-cadfed3 elementor-widget elementor-widget-heading\" data-id=\"cadfed3\" data-element_type=\"widget\" data-e-type=\"widget\" data-widget_type=\"heading.default\">\n\t\t\t\t<div class=\"elementor-widget-container\">\n\t\t\t\t\t<h5 class=\"elementor-heading-title elementor-size-default\">Information<\/h5>\t\t\t\t<\/div>\n\t\t\t\t<\/div>\n\t\t\t\t<div class=\"elementor-element elementor-element-6a06be1 elementor-widget elementor-widget-nav-menu\" data-id=\"6a06be1\" data-element_type=\"widget\" data-e-type=\"widget\" data-widget_type=\"nav-menu.default\">\n\t\t\t\t<div class=\"elementor-widget-container\">\n\t\t\t\t\t \t\t\t\t<\/div>\n\t\t\t\t<\/div>\n\t\t\t\t<div class=\"elementor-element elementor-element-3d2ad41 elementor-widget elementor-widget-heading\" data-id=\"3d2ad41\" data-element_type=\"widget\" data-e-type=\"widget\" data-widget_type=\"heading.default\">\n\t\t\t\t<div class=\"elementor-widget-container\">\n\t\t\t\t\t<h5 class=\"elementor-heading-title elementor-size-default\">Gesch\u00e4ftsbedingungen<\/h5>\t\t\t\t<\/div>\n\t\t\t\t<\/div>\n\t\t\t\t<div class=\"elementor-element elementor-element-875a412 elementor-widget elementor-widget-nav-menu\" data-id=\"875a412\" data-element_type=\"widget\" data-e-type=\"widget\" data-widget_type=\"nav-menu.default\">\n\t\t\t\t<div class=\"elementor-widget-container\">\n\t\t\t\t\t \t\t\t\t<\/div>\n\t\t\t\t<\/div>\n\t\t\t\t\t<\/div>\n\t\t<\/div>\n\t\t\t\t<div class=\"elementor-column elementor-col-50 elementor-top-column elementor-element elementor-element-3ae1521 th-card\" data-id=\"3ae1521\" data-element_type=\"column\" data-e-type=\"column\">\n\t\t\t<div class=\"elementor-widget-wrap elementor-element-populated\">\n\t\t\t\t\t\t<div class=\"elementor-element elementor-element-6829e2d elementor-widget elementor-widget-menu-anchor\" data-id=\"6829e2d\" data-element_type=\"widget\" data-e-type=\"widget\" data-widget_type=\"menu-anchor.default\">\n\t\t\t\t<div class=\"elementor-widget-container\">\n\t\t\t\t\t\t\t<div class=\"elementor-menu-anchor\" id=\"Versand\"><\/div>\n\t\t\t\t\t\t<\/div>\n\t\t\t\t<\/div>\n\t\t\t\t<div class=\"elementor-element elementor-element-58f0c2f elementor-widget elementor-widget-text-editor\" data-id=\"58f0c2f\" data-element_type=\"widget\" data-e-type=\"widget\" data-widget_type=\"text-editor.default\">\n\t\t\t\t<div class=\"elementor-widget-container\">\n\t\t\t\t\t\t\t\t\t<p>Die Website verwendet Cookies, um Statistiken und Verkehrsinformationen zu verarbeiten, das Surfen zu erleichtern und den Service f\u00fcr Sie zu verbessern. Sie k\u00f6nnen die Platzierung dieser Cookies ablehnen, indem Sie Ihren Browser konfigurieren. Um das Surfen auf der Lakewell-Website zu erleichtern, wird jedoch empfohlen, die Browsereinstellungen so einzustellen, dass Cookies akzeptiert werden.<\/p><p>Die auf dieser Website gesammelten Informationen werden verwendet, um Ihre Bestellungen zu bearbeiten. Die Informationen sind ausschlie\u00dflich zur Verwendung durch Lakewell bestimmt und werden nicht an Dritte weitergegeben.<\/p><p>Die von der Website gesammelten Bestellinformationen werden f\u00fcr ein Jahr nach Abschluss der Transaktion gespeichert. Nach Ablauf dieser Frist werden die erhobenen Daten automatisch gel\u00f6scht. Sie haben das Recht, auf die Sie betreffenden Daten zuzugreifen, sie zu \u00e4ndern, zu korrigieren und zu l\u00f6schen. Sie k\u00f6nnen Ihre Rechte aus\u00fcben, indem Sie uns eine E- <a href=\"https:\/\/lakewell.com\/de\/kontaktiere-uns\/\" target=\"_blank\" rel=\"noopener\">Mail<\/a> senden oder an unseren Sitz schreiben.<\/p>\t\t\t\t\t\t\t\t<\/div>\n\t\t\t\t<\/div>\n\t\t\t\t\t<\/div>\n\t\t<\/div>\n\t\t\t\t\t<\/div>\n\t\t<\/section>\n\t\t\t\t<\/div>\n\t\t","protected":false},"excerpt":{"rendered":"<p>Information Gesch\u00e4ftsbedingungen Die Website verwendet Cookies, um Statistiken und Verkehrsinformationen zu verarbeiten, das Surfen zu erleichtern und den Service f\u00fcr Sie zu verbessern. Sie k\u00f6nnen die Platzierung dieser Cookies ablehnen, indem Sie Ihren Browser konfigurieren. Um das Surfen auf der Lakewell-Website zu erleichtern, wird jedoch empfohlen, die Browsereinstellungen so einzustellen, dass Cookies akzeptiert werden. Die [&hellip;]<\/p>\n","protected":false},"author":1,"featured_media":0,"parent":0,"menu_order":24,"comment_status":"closed","ping_status":"closed","template":"elementor_theme","meta":{"footnotes":""},"class_list":["post-281495","page","type-page","status-publish","hentry"],"_links":{"self":[{"href":"https:\/\/www.lakewell.com\/de\/wp-json\/wp\/v2\/pages\/281495","targetHints":{"allow":["GET"]}}],"collection":[{"href":"https:\/\/www.lakewell.com\/de\/wp-json\/wp\/v2\/pages"}],"about":[{"href":"https:\/\/www.lakewell.com\/de\/wp-json\/wp\/v2\/types\/page"}],"author":[{"embeddable":true,"href":"https:\/\/www.lakewell.com\/de\/wp-json\/wp\/v2\/users\/1"}],"replies":[{"embeddable":true,"href":"https:\/\/www.lakewell.com\/de\/wp-json\/wp\/v2\/comments?post=281495"}],"version-history":[{"count":0,"href":"https:\/\/www.lakewell.com\/de\/wp-json\/wp\/v2\/pages\/281495\/revisions"}],"wp:attachment":[{"href":"https:\/\/www.lakewell.com\/de\/wp-json\/wp\/v2\/media?parent=281495"}],"curies":[{"name":"wp","href":"https:\/\/api.w.org\/{rel}","templated":true}]}}