{"id":281502,"date":"2022-05-04T06:17:35","date_gmt":"2022-05-04T06:17:35","guid":{"rendered":"https:\/\/staging.lakewell.com\/anwendung-der-mehrwertsteuer\/"},"modified":"2022-05-30T13:43:17","modified_gmt":"2022-05-30T13:43:17","slug":"anwendung-der-mehrwertsteuer","status":"publish","type":"page","link":"https:\/\/www.lakewell.com\/de\/anwendung-der-mehrwertsteuer\/","title":{"rendered":"Anwendung der Mehrwertsteuer"},"content":{"rendered":"\t\t<div data-elementor-type=\"wp-page\" data-elementor-id=\"281502\" class=\"elementor elementor-281502 elementor-281290\">\n\t\t\t\t\t\t<section class=\"elementor-section elementor-top-section elementor-element elementor-element-43dcf80 elementor-section-full_width elementor-section-height-default elementor-section-height-default\" data-id=\"43dcf80\" data-element_type=\"section\" data-e-type=\"section\">\n\t\t\t\t\t\t<div class=\"elementor-container elementor-column-gap-default\">\n\t\t\t\t\t<div class=\"elementor-column elementor-col-50 elementor-top-column elementor-element elementor-element-c0cc5b4 th-card leftpane-margin\" data-id=\"c0cc5b4\" data-element_type=\"column\" data-e-type=\"column\" data-settings=\"{&quot;background_background&quot;:&quot;classic&quot;}\">\n\t\t\t<div class=\"elementor-widget-wrap elementor-element-populated\">\n\t\t\t\t\t\t<div class=\"elementor-element elementor-element-60f4450 elementor-widget elementor-widget-heading\" data-id=\"60f4450\" data-element_type=\"widget\" data-e-type=\"widget\" data-widget_type=\"heading.default\">\n\t\t\t\t<div class=\"elementor-widget-container\">\n\t\t\t\t\t<h5 class=\"elementor-heading-title elementor-size-default\">Information<\/h5>\t\t\t\t<\/div>\n\t\t\t\t<\/div>\n\t\t\t\t<div class=\"elementor-element elementor-element-2e0df1d elementor-widget elementor-widget-nav-menu\" data-id=\"2e0df1d\" data-element_type=\"widget\" data-e-type=\"widget\" data-widget_type=\"nav-menu.default\">\n\t\t\t\t<div class=\"elementor-widget-container\">\n\t\t\t\t\t \t\t\t\t<\/div>\n\t\t\t\t<\/div>\n\t\t\t\t<div class=\"elementor-element elementor-element-f6f4b11 elementor-widget elementor-widget-heading\" data-id=\"f6f4b11\" data-element_type=\"widget\" data-e-type=\"widget\" data-widget_type=\"heading.default\">\n\t\t\t\t<div class=\"elementor-widget-container\">\n\t\t\t\t\t<h5 class=\"elementor-heading-title elementor-size-default\">Gesch\u00e4ftsbedingungen<\/h5>\t\t\t\t<\/div>\n\t\t\t\t<\/div>\n\t\t\t\t<div class=\"elementor-element elementor-element-196146e elementor-widget elementor-widget-nav-menu\" data-id=\"196146e\" data-element_type=\"widget\" data-e-type=\"widget\" data-widget_type=\"nav-menu.default\">\n\t\t\t\t<div class=\"elementor-widget-container\">\n\t\t\t\t\t \t\t\t\t<\/div>\n\t\t\t\t<\/div>\n\t\t\t\t\t<\/div>\n\t\t<\/div>\n\t\t\t\t<div class=\"elementor-column elementor-col-50 elementor-top-column elementor-element elementor-element-5055c6c th-card\" data-id=\"5055c6c\" data-element_type=\"column\" data-e-type=\"column\">\n\t\t\t<div class=\"elementor-widget-wrap elementor-element-populated\">\n\t\t\t\t\t\t<div class=\"elementor-element elementor-element-875ed40 elementor-widget elementor-widget-menu-anchor\" data-id=\"875ed40\" data-element_type=\"widget\" data-e-type=\"widget\" data-widget_type=\"menu-anchor.default\">\n\t\t\t\t<div class=\"elementor-widget-container\">\n\t\t\t\t\t\t\t<div class=\"elementor-menu-anchor\" id=\"Versand\"><\/div>\n\t\t\t\t\t\t<\/div>\n\t\t\t\t<\/div>\n\t\t\t\t<div class=\"elementor-element elementor-element-bee31d3 elementor-widget elementor-widget-text-editor\" data-id=\"bee31d3\" data-element_type=\"widget\" data-e-type=\"widget\" data-widget_type=\"text-editor.default\">\n\t\t\t\t<div class=\"elementor-widget-container\">\n\t\t\t\t\t\t\t\t\t<p>Die Preise unserer Produkte sind ohne Mehrwertsteuer angegeben. Die Anwendung der Mehrwertsteuer h\u00e4ngt davon ab, ob Sie ein gewerblicher oder privater K\u00e4ufer sind und das Zielland Ihres Pakets:<\/p><p><strong>Professionelle Kunden<\/strong><\/p><ul><li>Gewerbliche Kunden in Belgien zahlen 21% Mehrwertsteuer. Bitte teilen Sie uns Ihre Umsatzsteuer-Identifikationsnummer mit<\/li><li>Gewerbliche Kunden au\u00dferhalb Belgiens zahlen keine Mehrwertsteuer, sofern Sie uns eine g\u00fcltige Mehrwertsteuernummer mitteilen<\/li><\/ul><p>Bitte verwenden Sie bei der Eingabe Ihrer Umsatzsteuer-Identifikationsnummer w\u00e4hrend des Bestellvorgangs die vom EU-Informationsaustauschsystem vorgeschriebene Struktur der Umsatzsteuer-Identifikationsnummer. Zum Beispiel:<\/p><p>Belgien: BE0999999999<br>Frankreich: FRXX 999999999<br>Deutschland: DE999999999<br>Luxemburg: LU88888888<br>Niederlande: NL999999999B22<\/p><p>Die Nichtverwendung dieses Formats kann dazu f\u00fchren, dass das System eine g\u00fcltige Umsatzsteuer-Identifikationsnummer ablehnt. Das System erfordert nur f\u00fcr Berufst\u00e4tige aus der EU eine Umsatzsteuer-Identifikationsnummer. Gewerbetreibende au\u00dferhalb der EU werden gebeten, das Mehrwertsteuerfeld leer zu lassen.<\/p><p><strong>Privatkunden<\/strong><\/p><ul><li>Privatkunden in Belgien zahlen 21% Mehrwertsteuer.<\/li><li>Privatkunden im Rest der EU zahlen ihren lokalen Mehrwertsteuersatz<\/li><li>Privatkunden au\u00dferhalb der EU-Zollzone zahlen keine Mehrwertsteuer<\/li><\/ul>\t\t\t\t\t\t\t\t<\/div>\n\t\t\t\t<\/div>\n\t\t\t\t\t<\/div>\n\t\t<\/div>\n\t\t\t\t\t<\/div>\n\t\t<\/section>\n\t\t\t\t<\/div>\n\t\t","protected":false},"excerpt":{"rendered":"<p>Information Gesch\u00e4ftsbedingungen Die Preise unserer Produkte sind ohne Mehrwertsteuer angegeben. Die Anwendung der Mehrwertsteuer h\u00e4ngt davon ab, ob Sie ein gewerblicher oder privater K\u00e4ufer sind und das Zielland Ihres Pakets: Professionelle Kunden Gewerbliche Kunden in Belgien zahlen 21% Mehrwertsteuer. Bitte teilen Sie uns Ihre Umsatzsteuer-Identifikationsnummer mit Gewerbliche Kunden au\u00dferhalb Belgiens zahlen keine Mehrwertsteuer, sofern Sie [&hellip;]<\/p>\n","protected":false},"author":1,"featured_media":0,"parent":0,"menu_order":4,"comment_status":"closed","ping_status":"closed","template":"elementor_theme","meta":{"footnotes":""},"class_list":["post-281502","page","type-page","status-publish","hentry"],"_links":{"self":[{"href":"https:\/\/www.lakewell.com\/de\/wp-json\/wp\/v2\/pages\/281502","targetHints":{"allow":["GET"]}}],"collection":[{"href":"https:\/\/www.lakewell.com\/de\/wp-json\/wp\/v2\/pages"}],"about":[{"href":"https:\/\/www.lakewell.com\/de\/wp-json\/wp\/v2\/types\/page"}],"author":[{"embeddable":true,"href":"https:\/\/www.lakewell.com\/de\/wp-json\/wp\/v2\/users\/1"}],"replies":[{"embeddable":true,"href":"https:\/\/www.lakewell.com\/de\/wp-json\/wp\/v2\/comments?post=281502"}],"version-history":[{"count":0,"href":"https:\/\/www.lakewell.com\/de\/wp-json\/wp\/v2\/pages\/281502\/revisions"}],"wp:attachment":[{"href":"https:\/\/www.lakewell.com\/de\/wp-json\/wp\/v2\/media?parent=281502"}],"curies":[{"name":"wp","href":"https:\/\/api.w.org\/{rel}","templated":true}]}}