{"id":281506,"date":"2022-05-04T07:09:13","date_gmt":"2022-05-04T07:09:13","guid":{"rendered":"https:\/\/staging.lakewell.com\/rechtliche-hinweise\/"},"modified":"2022-05-30T13:43:20","modified_gmt":"2022-05-30T13:43:20","slug":"rechtliche-hinweise","status":"publish","type":"page","link":"https:\/\/www.lakewell.com\/de\/rechtliche-hinweise\/","title":{"rendered":"Rechtliche Hinweise"},"content":{"rendered":"\t\t<div data-elementor-type=\"wp-page\" data-elementor-id=\"281506\" class=\"elementor elementor-281506 elementor-281392\">\n\t\t\t\t\t\t<section class=\"elementor-section elementor-top-section elementor-element elementor-element-86c262e elementor-section-full_width elementor-section-height-default elementor-section-height-default\" data-id=\"86c262e\" data-element_type=\"section\" data-e-type=\"section\">\n\t\t\t\t\t\t<div class=\"elementor-container elementor-column-gap-default\">\n\t\t\t\t\t<div class=\"elementor-column elementor-col-50 elementor-top-column elementor-element elementor-element-30132b4 th-card leftpane-margin\" data-id=\"30132b4\" data-element_type=\"column\" data-e-type=\"column\" data-settings=\"{&quot;background_background&quot;:&quot;classic&quot;}\">\n\t\t\t<div class=\"elementor-widget-wrap elementor-element-populated\">\n\t\t\t\t\t\t<div class=\"elementor-element elementor-element-ce12c27 elementor-widget elementor-widget-heading\" data-id=\"ce12c27\" data-element_type=\"widget\" data-e-type=\"widget\" data-widget_type=\"heading.default\">\n\t\t\t\t<div class=\"elementor-widget-container\">\n\t\t\t\t\t<h5 class=\"elementor-heading-title elementor-size-default\">Information<\/h5>\t\t\t\t<\/div>\n\t\t\t\t<\/div>\n\t\t\t\t<div class=\"elementor-element elementor-element-ac9284f elementor-widget elementor-widget-nav-menu\" data-id=\"ac9284f\" data-element_type=\"widget\" data-e-type=\"widget\" data-widget_type=\"nav-menu.default\">\n\t\t\t\t<div class=\"elementor-widget-container\">\n\t\t\t\t\t \t\t\t\t<\/div>\n\t\t\t\t<\/div>\n\t\t\t\t<div class=\"elementor-element elementor-element-7c3346a elementor-widget elementor-widget-heading\" data-id=\"7c3346a\" data-element_type=\"widget\" data-e-type=\"widget\" data-widget_type=\"heading.default\">\n\t\t\t\t<div class=\"elementor-widget-container\">\n\t\t\t\t\t<h5 class=\"elementor-heading-title elementor-size-default\">Gesch\u00e4ftsbedingungen<\/h5>\t\t\t\t<\/div>\n\t\t\t\t<\/div>\n\t\t\t\t<div class=\"elementor-element elementor-element-c52b9cf elementor-widget elementor-widget-nav-menu\" data-id=\"c52b9cf\" data-element_type=\"widget\" data-e-type=\"widget\" data-widget_type=\"nav-menu.default\">\n\t\t\t\t<div class=\"elementor-widget-container\">\n\t\t\t\t\t \t\t\t\t<\/div>\n\t\t\t\t<\/div>\n\t\t\t\t\t<\/div>\n\t\t<\/div>\n\t\t\t\t<div class=\"elementor-column elementor-col-50 elementor-top-column elementor-element elementor-element-dd787cc th-card\" data-id=\"dd787cc\" data-element_type=\"column\" data-e-type=\"column\">\n\t\t\t<div class=\"elementor-widget-wrap elementor-element-populated\">\n\t\t\t\t\t\t<div class=\"elementor-element elementor-element-24fb7fc elementor-widget elementor-widget-menu-anchor\" data-id=\"24fb7fc\" data-element_type=\"widget\" data-e-type=\"widget\" data-widget_type=\"menu-anchor.default\">\n\t\t\t\t<div class=\"elementor-widget-container\">\n\t\t\t\t\t\t\t<div class=\"elementor-menu-anchor\" id=\"Versand\"><\/div>\n\t\t\t\t\t\t<\/div>\n\t\t\t\t<\/div>\n\t\t\t\t<div class=\"elementor-element elementor-element-ca98fca elementor-widget elementor-widget-text-editor\" data-id=\"ca98fca\" data-element_type=\"widget\" data-e-type=\"widget\" data-widget_type=\"text-editor.default\">\n\t\t\t\t<div class=\"elementor-widget-container\">\n\t\t\t\t\t\t\t\t\t<p><strong>Geistiges Eigentum<\/strong><\/p><p>Die Website Lakewell.com ist das ausschlie\u00dfliche Eigentum von Lakewell NV (im Folgenden Lakewell), die daher alle diesbez\u00fcglichen geistigen Eigentumsrechte besitzt. Das geistige Eigentum umfasst unter anderem marken- und urheberrechtlich gesch\u00fctzte Inhalte, einschlie\u00dflich Text, Bilder, Namen, Logos, Patente, Videos, Produktdesigns und Herstellungsverfahren.<br>Folglich darf sein Inhalt ohne die vorherige schriftliche Zustimmung von Lakewell weder ganz noch teilweise ge\u00e4ndert, kopiert, verbreitet, reproduziert, heruntergeladen, angezeigt, ver\u00f6ffentlicht, kommuniziert oder verkauft werden.<\/p><p>Lakewell beh\u00e4lt das volle und ausschlie\u00dfliche Eigentum an allen Marken, eingetragenen Designs und Urheberrechten, die an den Produkten angebracht sind, die von der Website bereitgestellt werden oder \u00fcber die Website zug\u00e4nglich sind, sowie an allen anderen geistigen Eigentumsrechten in Bezug auf Lakewell.<\/p><p>Verst\u00f6\u00dft der Kunde im Hinblick auf diese Gesch\u00e4ftsbedingungen gegen die vorgenannten Rechte oder wird dies wahrscheinlich verletzen, beh\u00e4lt sich Lakewell das Recht vor, alle geeigneten Ma\u00dfnahmen zu ergreifen, um die St\u00f6rung abzustellen. Lakewell beh\u00e4lt sich au\u00dferdem das Recht vor, die Registrierung des Kunden auf der Website auszusetzen, zu l\u00f6schen oder seinen Zugang dazu zu sperren.<\/p><p>Die Nennung von Fahrzeugmarken, Modellen und Teilenummern auf der Website dient nur zu Referenz- und Vergleichszwecken. Lakewell ist kein offizieller Vertreter einer Fahrzeugmarke und handelt nicht in deren Namen. Die Fahrzeugmarken, Modelle und Teilenummern sind Warenzeichen der jeweiligen Lieferantenhersteller.<\/p><p><strong><br>Eigentums\u00fcbertragung<\/strong><\/p><p>Bestellte Produkte bleiben bis zur \u00dcbergabe an den Spediteur Eigentum von Lakewell.<\/p><p>Die Gefahr des Verlustes oder der Besch\u00e4digung der Produkte geht in dem Moment auf den Kunden \u00fcber, in dem der Kunde oder ein vom Kunden benannter Dritter diese Produkte physisch in Besitz nimmt. <br>Im Falle einer Produktr\u00fccksendung bleiben die Produkte Eigentum des Kunden, bis sie von Lakewell empfangen und gepr\u00fcft werden. <br>Der Kunde tr\u00e4gt die unmittelbaren Kosten der R\u00fccksendung der Produkte und haftet f\u00fcr eine durch die Handhabung entstandene Wertminderung der Produkte.<\/p><p><strong><br>Haftungsbeschr\u00e4nkung<\/strong><\/p><p>Lakewell lehnt jede Haftung im Falle der rechtswidrigen Nutzung oder des rechtswidrigen Betriebs des gesamten oder eines Teils des Inhalts der Website ab. Lakewell haftet gegen\u00fcber Kunden auch nicht f\u00fcr Verluste oder Sch\u00e4den, die ihnen dadurch entstehen, dass sie Lakewell keine korrekten Informationen \u00fcbermitteln oder ihre Kontoinformationen nicht sicher aufbewahren.<\/p><p>Die Website kann Hypertext-Links zu anderen Websites enthalten, die nicht Eigentum von Lakewell sind oder von Lakewell kontrolliert werden. Lakewell hat keine Kontrolle \u00fcber den Inhalt, die Datenschutzbestimmungen oder Praktiken von Websites Dritter und lehnt jegliche diesbez\u00fcgliche Haftung ab. Lakewell ist nicht verantwortlich f\u00fcr die Verf\u00fcgbarkeit dieser externen Websites und Ressourcen und unterst\u00fctzt keine Werbung, Produkte oder andere Materialien auf diesen externen Websites oder Ressourcen oder die \u00fcber diese zug\u00e4nglich sind.<\/p><p>Lakewell haftet nicht f\u00fcr Sch\u00e4den jeglicher Art, seien es Personen-, K\u00f6rper- oder Verm\u00f6genssch\u00e4den, die aus der Installation, Verwendung, Missbrauch oder Abnutzung der verkauften Produkte resultieren k\u00f6nnten.<\/p><p>Lakewell garantiert die Konformit\u00e4t seiner Produkte gem\u00e4\u00df den Produktbeschreibungen und Spezifikationen. Lakewell haftet nicht f\u00fcr eine von diesen Spezifikationen abweichende Verwendung.<\/p><p>Der Kunde \u00fcbernimmt jede andere Haftung als f\u00fcr die Konformit\u00e4t der Produkte gem\u00e4\u00df Produktbeschreibungen und Spezifikationen, insbesondere f\u00fcr die Eignung der Produkte f\u00fcr ihre Anforderungen und die Verwendung und den Betrieb der Produkte.<\/p><p>Der Kunde nimmt ausdr\u00fccklich zur Kenntnis, dass Lakewell ihm alle Informationen zur Verf\u00fcgung gestellt hat, die er ben\u00f6tigt, um die Eignung der Produkte f\u00fcr seine Bed\u00fcrfnisse zu beurteilen und alle notwendigen Vorkehrungen f\u00fcr deren Umsetzung und Verwendung zu treffen. <br>Der Kunde erkl\u00e4rt sich damit einverstanden, und stellt hiermit Lakewell, seine Direktoren, Mitarbeiter und Aktion\u00e4re von allen Anspr\u00fcchen, Sch\u00e4den, Verlusten, Kosten und Ausgaben frei, die zugunsten einer Person, Firma oder Gesellschaft aufgrund von Personensch\u00e4den entstehen oder Sachsch\u00e4den, die angeblich durch die Produkte verursacht wurden.<\/p><p><strong><br>Streitigkeiten<\/strong><\/p><p>Diese Gesch\u00e4ftsbedingungen unterliegen belgischem Recht.<\/p><p>Im Falle von Streitigkeiten \u00fcber die G\u00fcltigkeit, Anwendung, Erf\u00fcllung, Aussetzung oder Beendigung dieser Gesch\u00e4ftsbedingungen werden sich die Parteien nach besten Kr\u00e4ften bem\u00fchen, eine einvernehmliche L\u00f6sung zu finden und vereinbaren, keine \u00f6ffentlichen Streitigkeiten in den sozialen Medien offenzulegen oder das Internet insgesamt. Solche Streitigkeiten k\u00f6nnen auch der Verbraucherschlichtung vorgelegt werden. Dem Kunden steht es jedoch frei, die Nutzung der Verbrauchervermittlung zu akzeptieren oder abzulehnen.<\/p><p>Die Parteien k\u00f6nnen die Europ\u00e4ische Streitbeilegungsplattform auch unter folgendem <a href=\"https:\/\/webgate.ec.europa.eu\/odr\/main\/?event=main.home.show&amp;lng=FR\" target=\"_blank\" rel=\"noopener\">Link<\/a> besuchen. Die vom Mediator vorgeschlagene L\u00f6sung ist f\u00fcr die Parteien nicht bindend.<\/p><p>F\u00fcr alle Streitigkeiten zwischen den Parteien, die sich aus der Aufstellung oder Ausf\u00fchrung dieser Allgemeinen Gesch\u00e4ftsbedingungen ergeben, die nicht g\u00fctlich oder durch Vermittlung beigelegt werden konnten, sind die zust\u00e4ndigen Gerichte am Wohnsitz des Beklagten oder am Erf\u00fcllungsort der Allgemeinen Gesch\u00e4ftsbedingungen befindet.<\/p>\t\t\t\t\t\t\t\t<\/div>\n\t\t\t\t<\/div>\n\t\t\t\t\t<\/div>\n\t\t<\/div>\n\t\t\t\t\t<\/div>\n\t\t<\/section>\n\t\t\t\t<\/div>\n\t\t","protected":false},"excerpt":{"rendered":"<p>Information Gesch\u00e4ftsbedingungen Geistiges Eigentum Die Website Lakewell.com ist das ausschlie\u00dfliche Eigentum von Lakewell NV (im Folgenden Lakewell), die daher alle diesbez\u00fcglichen geistigen Eigentumsrechte besitzt. Das geistige Eigentum umfasst unter anderem marken- und urheberrechtlich gesch\u00fctzte Inhalte, einschlie\u00dflich Text, Bilder, Namen, Logos, Patente, Videos, Produktdesigns und Herstellungsverfahren.Folglich darf sein Inhalt ohne die vorherige schriftliche Zustimmung von Lakewell [&hellip;]<\/p>\n","protected":false},"author":1,"featured_media":0,"parent":0,"menu_order":15,"comment_status":"closed","ping_status":"closed","template":"elementor_theme","meta":{"footnotes":""},"class_list":["post-281506","page","type-page","status-publish","hentry"],"_links":{"self":[{"href":"https:\/\/www.lakewell.com\/de\/wp-json\/wp\/v2\/pages\/281506","targetHints":{"allow":["GET"]}}],"collection":[{"href":"https:\/\/www.lakewell.com\/de\/wp-json\/wp\/v2\/pages"}],"about":[{"href":"https:\/\/www.lakewell.com\/de\/wp-json\/wp\/v2\/types\/page"}],"author":[{"embeddable":true,"href":"https:\/\/www.lakewell.com\/de\/wp-json\/wp\/v2\/users\/1"}],"replies":[{"embeddable":true,"href":"https:\/\/www.lakewell.com\/de\/wp-json\/wp\/v2\/comments?post=281506"}],"version-history":[{"count":0,"href":"https:\/\/www.lakewell.com\/de\/wp-json\/wp\/v2\/pages\/281506\/revisions"}],"wp:attachment":[{"href":"https:\/\/www.lakewell.com\/de\/wp-json\/wp\/v2\/media?parent=281506"}],"curies":[{"name":"wp","href":"https:\/\/api.w.org\/{rel}","templated":true}]}}