{"id":267190,"date":"2008-08-14T21:03:20","date_gmt":"2008-08-14T21:03:20","guid":{"rendered":"https:\/\/staging.lakewell.com\/product\/unkategorisiert\/komplettes-kofferraum-retrim-kit-xke-e-type-s1-s2-ots\/"},"modified":"2022-08-06T22:52:47","modified_gmt":"2022-08-06T22:52:47","slug":"komplettes-kofferraum-retrim-kit-xke-e-type-s1-s2-ots-2","status":"publish","type":"product","link":"https:\/\/www.lakewell.com\/de\/shop\/jaguar\/e-type\/s1-1961-1968\/ots\/komplettes-kofferraum-retrim-kit-xke-e-type-s1-s2-ots-2\/","title":{"rendered":"Komplettes Kofferraum Bezugsatz XKE E-Type S1-S2 OTS"},"content":{"rendered":"<p>Unser Kofferraum Bezugsatz geh\u00f6rt zu den besten, das Sie punkto Originalit\u00e4t und Passform kaufen k\u00f6nnen. Als Tr\u00e4germaterial f\u00fcr die Seiten- und R\u00fcckw\u00e4nde verwenden wir wetterfeste Unilit-Platten (1\/8&#8243;) und auf der Mittelmatte eine schwere Gummir\u00fcckseite. Alle Materialien sind pr\u00e4zise geschnitten, druckgeklebt, geheftet, gen\u00e4ht und kantengebunden, um eine werksechte Passform zu garantieren.<\/p>\n<p>Das Kunstleder der Mittelmatte und der Seitenteile stimmen in Farbe, Textur und Glanz zu 100 % \u00fcberein. Das Kofferraum Bezugsatz ist im Original Biscuit erh\u00e4ltlich, kann aber auch in Schwarz, Dunkelblau, Grau, Magnolia, Biscuit, Beige, Burgund und Rot an Ihr Interieur angepasst werden.<\/p>\n<p>&nbsp;<\/p>\n","protected":false},"excerpt":{"rendered":"<p>Kofferraum Bezugsatz aus wetterfester Unilit-Platte, schwerem Naturkautschuk und Ledertuch, erh\u00e4ltlich im Original Biscuit.<\/p>\n","protected":false},"featured_media":267197,"template":"","meta":[],"product_cat":[7487,7496],"product_tag":[],"class_list":{"0":"post-267190","1":"product","2":"type-product","3":"status-publish","4":"has-post-thumbnail","6":"product_cat-ots","7":"product_cat-xke-ots-s2","9":"first","10":"instock","11":"taxable","12":"shipping-taxable","13":"purchasable","14":"product-type-variable","15":"has-product-sample"},"wcpa_form_fields":null,"_links":{"self":[{"href":"https:\/\/www.lakewell.com\/de\/wp-json\/wp\/v2\/product\/267190","targetHints":{"allow":["GET"]}}],"collection":[{"href":"https:\/\/www.lakewell.com\/de\/wp-json\/wp\/v2\/product"}],"about":[{"href":"https:\/\/www.lakewell.com\/de\/wp-json\/wp\/v2\/types\/product"}],"wp:featuredmedia":[{"embeddable":true,"href":"https:\/\/www.lakewell.com\/de\/wp-json\/wp\/v2\/media\/267197"}],"wp:attachment":[{"href":"https:\/\/www.lakewell.com\/de\/wp-json\/wp\/v2\/media?parent=267190"}],"wp:term":[{"taxonomy":"product_cat","embeddable":true,"href":"https:\/\/www.lakewell.com\/de\/wp-json\/wp\/v2\/product_cat?post=267190"},{"taxonomy":"product_tag","embeddable":true,"href":"https:\/\/www.lakewell.com\/de\/wp-json\/wp\/v2\/product_tag?post=267190"}],"curies":[{"name":"wp","href":"https:\/\/api.w.org\/{rel}","templated":true}]}}