{"id":267491,"date":"2021-01-04T21:25:11","date_gmt":"2021-01-04T21:25:11","guid":{"rendered":"https:\/\/staging.lakewell.com\/product\/unkategorisiert\/innenteppichsatz-triumph-tr6-tr5-tr4a-und-tr-250-65-76\/"},"modified":"2022-08-06T22:53:29","modified_gmt":"2022-08-06T22:53:29","slug":"innenraum-teppichsatz-triumph-tr6-tr5-tr4a-und-tr-250-65-76","status":"publish","type":"product","link":"https:\/\/www.lakewell.com\/de\/shop\/triumph\/innenraum-teppichsatz-triumph-tr6-tr5-tr4a-und-tr-250-65-76\/","title":{"rendered":"Innenraum Teppichsatz Triumph TR6, TR5, TR4A und TR 250 &#8217;65-76"},"content":{"rendered":"<p>Komplettes 14-teiliges Teppichset f\u00fcr Triumph TR6, TR5, TR4A und TR 250, &#8217;65-&#8217;76.<\/p>\n<p>W\u00e4hrend des gesamten Produktionsprozesses halten wir uns eng an die Werksspezifikationen; von N\u00e4hten, Randeinfassungen bis hin zu Verst\u00e4rkungen und Absatzschutzmatte. In das Getriebetunnelst\u00fcck ist die Handbremsmanschette wie beim Original eingen\u00e4ht. Alle Materialien sind pr\u00e4zisionsgeschnitten, druckgeklebt und vorgeformt, um eine originalgetreue Passform zu garantieren.<\/p>\n<p>Wir verwenden hochwertige Velours aus einer Wolle\/Nylon-Mischung, die in den meisten Originalfarben erh\u00e4ltlich ist; Schwarz, Grau, Hellbeige, Biskuit, Tan, Dunkelblau, Moosgr\u00fcn und Rot.<\/p>\n<p>Das Set wird mit leicht verst\u00e4ndlichen Schritt-f\u00fcr-Schritt-Installationsanleitunge und Bildern geliefert. Die Installation erfordert keine speziellen Werkzeuge und liegt im Bereich der F\u00e4higkeiten eines Hobbymechanikers.<\/p>\n","protected":false},"excerpt":{"rendered":"<p>Komplettes 14-teiliges Teppichset f\u00fcr Triumph TR6, TR5, TR4A und TR 250, &#8217;65-&#8217;76.<\/p>\n","protected":false},"featured_media":267497,"template":"","meta":[],"product_cat":[7593],"product_tag":[],"class_list":{"0":"post-267491","1":"product","2":"type-product","3":"status-publish","4":"has-post-thumbnail","6":"product_cat-triumph","8":"first","9":"instock","10":"taxable","11":"shipping-taxable","12":"purchasable","13":"product-type-variable","14":"has-product-sample"},"wcpa_form_fields":null,"_links":{"self":[{"href":"https:\/\/www.lakewell.com\/de\/wp-json\/wp\/v2\/product\/267491","targetHints":{"allow":["GET"]}}],"collection":[{"href":"https:\/\/www.lakewell.com\/de\/wp-json\/wp\/v2\/product"}],"about":[{"href":"https:\/\/www.lakewell.com\/de\/wp-json\/wp\/v2\/types\/product"}],"wp:featuredmedia":[{"embeddable":true,"href":"https:\/\/www.lakewell.com\/de\/wp-json\/wp\/v2\/media\/267497"}],"wp:attachment":[{"href":"https:\/\/www.lakewell.com\/de\/wp-json\/wp\/v2\/media?parent=267491"}],"wp:term":[{"taxonomy":"product_cat","embeddable":true,"href":"https:\/\/www.lakewell.com\/de\/wp-json\/wp\/v2\/product_cat?post=267491"},{"taxonomy":"product_tag","embeddable":true,"href":"https:\/\/www.lakewell.com\/de\/wp-json\/wp\/v2\/product_tag?post=267491"}],"curies":[{"name":"wp","href":"https:\/\/api.w.org\/{rel}","templated":true}]}}