{"id":268264,"date":"2021-01-04T21:46:53","date_gmt":"2021-01-04T19:46:53","guid":{"rendered":"https:\/\/staging.lakewell.com\/product\/unkategorisiert\/porsche-pascha-schachbrett-stoffe\/"},"modified":"2022-08-09T18:31:16","modified_gmt":"2022-08-09T18:31:16","slug":"porsche-pascha-schachbrett-stoffe","status":"publish","type":"product","link":"https:\/\/www.lakewell.com\/de\/shop\/materialien-zubehor\/stoffe\/porsche-pascha-schachbrett-stoffe\/","title":{"rendered":"Porsche &#8220;Pascha&#8221; (Schachbrett) Stoffe"},"content":{"rendered":"<p>Porsche &#8216;Pascha&#8217; (Pascha) Flanellstoff f\u00fcr Porsche 911, 924 und 928 Modelle von 1980 bis 1984. Erh\u00e4ltlich in Schwarz\/Wei\u00df, Schwarz\/Blau, Blau\/Beige und Braun\/Beige. Dies ist ein wundersch\u00f6ner Stoff nach OEM-Spezifikation. Wir garantieren authentisches Muster, Webart und Qualit\u00e4t.<\/p>\n<p>Der Velours-\/Flanellstoff Porsche Pasha (Pascha) wurde von 1980 bis 1984 in der Innenausstattung von Porsche 911, 924 und 928 verwendet. Es war auch als &#8220;Schachbrett&#8221; oder &#8220;Checkerboard&#8221; bekannt. Autos, die urspr\u00fcnglich mit Pasha-Innenausstattung ausgestattet sind, k\u00f6nnen anhand der TPB-Codes erkannt werden. Wir haben folgende Porsche Pasha-Stoffe verf\u00fcgbar; Pasha Schwarz\/Wei\u00df, Schwarz\/Blau, Blau\/Beige und Braun\/Beige. F\u00fcr andere Farben bitte anfragen. Dies ist ein wundersch\u00f6ner Stoff nach OEM-Spezifikation. Wir garantieren authentisches Muster, Webart und Qualit\u00e4t.<\/p>\n<p>Dieser Stoff wird pro Quadratmeter verkauft. Breite des Stoffes ist 1m50. F\u00fcr den Umbau von 2 Vordersitzen (nur Mittelteil) ben\u00f6tigen Sie 2 Quadratmeter.<\/p>\n","protected":false},"excerpt":{"rendered":"<p>Porsche &#8216;Pascha&#8217; (Pascha) Flanellstoff f\u00fcr Porsche 911, 924 und 928 Modelle von 1980 bis 1984. Erh\u00e4ltlich in Schwarz\/Wei\u00df, Schwarz\/Blau, Blau\/Beige und Braun\/Beige. Wir garantieren authentisches Muster, Webart und Qualit\u00e4t.<\/p>\n","protected":false},"featured_media":268265,"template":"","meta":[],"product_cat":[7518],"product_tag":[],"class_list":{"0":"post-268264","1":"product","2":"type-product","3":"status-publish","4":"has-post-thumbnail","6":"product_cat-stoffe","8":"first","9":"instock","10":"taxable","11":"shipping-taxable","12":"purchasable","13":"product-type-variable","14":"has-product-sample"},"wcpa_form_fields":null,"_links":{"self":[{"href":"https:\/\/www.lakewell.com\/de\/wp-json\/wp\/v2\/product\/268264","targetHints":{"allow":["GET"]}}],"collection":[{"href":"https:\/\/www.lakewell.com\/de\/wp-json\/wp\/v2\/product"}],"about":[{"href":"https:\/\/www.lakewell.com\/de\/wp-json\/wp\/v2\/types\/product"}],"wp:featuredmedia":[{"embeddable":true,"href":"https:\/\/www.lakewell.com\/de\/wp-json\/wp\/v2\/media\/268265"}],"wp:attachment":[{"href":"https:\/\/www.lakewell.com\/de\/wp-json\/wp\/v2\/media?parent=268264"}],"wp:term":[{"taxonomy":"product_cat","embeddable":true,"href":"https:\/\/www.lakewell.com\/de\/wp-json\/wp\/v2\/product_cat?post=268264"},{"taxonomy":"product_tag","embeddable":true,"href":"https:\/\/www.lakewell.com\/de\/wp-json\/wp\/v2\/product_tag?post=268264"}],"curies":[{"name":"wp","href":"https:\/\/api.w.org\/{rel}","templated":true}]}}