{"id":268377,"date":"2021-01-04T23:17:52","date_gmt":"2021-01-04T21:17:52","guid":{"rendered":"https:\/\/staging.lakewell.com\/product\/unkategorisiert\/radiokonsole-jaguar-xke-e-type-s2-s3-69-75\/"},"modified":"2022-08-07T07:55:58","modified_gmt":"2022-08-07T07:55:58","slug":"radio-konsole-jaguar-xke-e-typ-s2-s3-69-75-2","status":"publish","type":"product","link":"https:\/\/www.lakewell.com\/de\/shop\/jaguar\/e-type\/s2-1968-1971\/221626421759\/radio-konsole-jaguar-xke-e-typ-s2-s3-69-75-2\/","title":{"rendered":"Radiokonsole Jaguar XKE E-Type S2-S3 &#8217;69-&#8217;75"},"content":{"rendered":"<p>Radiokonsole f\u00fcr alle Jaguar XKE S2 und S3 Modelle, Roadster\/Coupe\/2+2, 1969-1975, generalnachgefertigt nach exakten OEM-Spezifikationen.<\/p>\n<p>Unsere Radioblende ist wahrscheinlich das Beste, was Sie in Bezug auf Originalit\u00e4t und Passform kaufen k\u00f6nnen. Das Werkzeug zum Formen und Gie\u00dfen der Konsole wurde mithilfe von 3-D-Scannen auf einer NOS-Konsole entwickelt.<\/p>\n<p>Die Radiokonsole besteht aus formgesch\u00e4umtem PVC-Kunststoff und hat eine Edelstahl-Tr\u00e4gerplatte. Textur und Glanz der Vynil-Oberfl\u00e4chenbeschichtung entsprechen den urspr\u00fcnglichen Werksspezifikationen. Wir garantieren eine werksgetreue Optik und Passform.<\/p>\n<p>Die Installation erfordert keine speziellen Werkzeuge. Die Radioblende wird direkt an den originalen Befestigungspunkten verschraubt.<\/p>\n","protected":false},"excerpt":{"rendered":"<p>Radiokonsole f\u00fcr alle Jaguar XKE S2 und S3 Modelle, Roadster\/Coupe\/2+2, 1969-1975. \u00dcberholt nach genauen OEM-Spezifikationen.<\/p>\n","protected":false},"featured_media":268383,"template":"","meta":[],"product_cat":[7492,7499,7493,7496,7502],"product_tag":[],"class_list":{"0":"post-268377","1":"product","2":"type-product","3":"status-publish","4":"has-post-thumbnail","6":"product_cat-7492","7":"product_cat-xke-coupe-s3","8":"product_cat-xke-fhc-s2","9":"product_cat-xke-ots-s2","10":"product_cat-xke-roadster-s3","12":"first","13":"instock","14":"taxable","15":"shipping-taxable","16":"purchasable","17":"product-type-simple"},"wcpa_form_fields":null,"_links":{"self":[{"href":"https:\/\/www.lakewell.com\/de\/wp-json\/wp\/v2\/product\/268377","targetHints":{"allow":["GET"]}}],"collection":[{"href":"https:\/\/www.lakewell.com\/de\/wp-json\/wp\/v2\/product"}],"about":[{"href":"https:\/\/www.lakewell.com\/de\/wp-json\/wp\/v2\/types\/product"}],"wp:featuredmedia":[{"embeddable":true,"href":"https:\/\/www.lakewell.com\/de\/wp-json\/wp\/v2\/media\/268383"}],"wp:attachment":[{"href":"https:\/\/www.lakewell.com\/de\/wp-json\/wp\/v2\/media?parent=268377"}],"wp:term":[{"taxonomy":"product_cat","embeddable":true,"href":"https:\/\/www.lakewell.com\/de\/wp-json\/wp\/v2\/product_cat?post=268377"},{"taxonomy":"product_tag","embeddable":true,"href":"https:\/\/www.lakewell.com\/de\/wp-json\/wp\/v2\/product_tag?post=268377"}],"curies":[{"name":"wp","href":"https:\/\/api.w.org\/{rel}","templated":true}]}}