{"id":271793,"date":"2021-11-21T11:50:31","date_gmt":"2021-11-21T09:50:31","guid":{"rendered":"https:\/\/staging.lakewell.com\/product\/unkategorisiert\/soziussitzfuellung-paar-porsche-911-66-93\/"},"modified":"2022-08-07T11:04:03","modified_gmt":"2022-08-07T11:04:03","slug":"fond-sockel-fullung-paar-porsche-911-66-89","status":"publish","type":"product","link":"https:\/\/www.lakewell.com\/de\/shop\/porsche\/911\/1965-1968\/fond-sockel-fullung-paar-porsche-911-66-89\/","title":{"rendered":"F\u00fcllung R\u00fccksitzfl\u00e4che (Paar) Porsche 911 &#8217;66-&#8217;93"},"content":{"rendered":"<p>F\u00fcllung R\u00fccksitzfl\u00e4che (Paar) f\u00fcr die 2 R\u00fccksitze aller Porsche 911 und 912 Coupe\/Targa Modelle 1966-1993. Empfohlen zum Kauf mit unserem R\u00fccksitz-Restaurationsset.<\/p>\n","protected":false},"excerpt":{"rendered":"<p>F\u00fcllung R\u00fccksitzfl\u00e4che (Paar) f\u00fcr die 2 R\u00fccksitze aller Porsche 911 und 912 Coupe\/Targa Modelle 1966-1993.<\/p>\n","protected":false},"featured_media":269181,"template":"","meta":[],"product_cat":[7545,7547,7549,7551,7553,7573,7579,7582],"product_tag":[],"class_list":{"0":"post-271793","1":"product","2":"type-product","3":"status-publish","4":"has-post-thumbnail","6":"product_cat-1965-1968","7":"product_cat-1969-1973","8":"product_cat-1974-1983","9":"product_cat-1984-1989","10":"product_cat-1990-1993","11":"product_cat-1994-1998","12":"product_cat-7579","13":"product_cat-7582","15":"first","16":"instock","17":"taxable","18":"shipping-taxable","19":"purchasable","20":"product-type-simple","21":"has-product-sample"},"wcpa_form_fields":null,"_links":{"self":[{"href":"https:\/\/www.lakewell.com\/de\/wp-json\/wp\/v2\/product\/271793","targetHints":{"allow":["GET"]}}],"collection":[{"href":"https:\/\/www.lakewell.com\/de\/wp-json\/wp\/v2\/product"}],"about":[{"href":"https:\/\/www.lakewell.com\/de\/wp-json\/wp\/v2\/types\/product"}],"wp:featuredmedia":[{"embeddable":true,"href":"https:\/\/www.lakewell.com\/de\/wp-json\/wp\/v2\/media\/269181"}],"wp:attachment":[{"href":"https:\/\/www.lakewell.com\/de\/wp-json\/wp\/v2\/media?parent=271793"}],"wp:term":[{"taxonomy":"product_cat","embeddable":true,"href":"https:\/\/www.lakewell.com\/de\/wp-json\/wp\/v2\/product_cat?post=271793"},{"taxonomy":"product_tag","embeddable":true,"href":"https:\/\/www.lakewell.com\/de\/wp-json\/wp\/v2\/product_tag?post=271793"}],"curies":[{"name":"wp","href":"https:\/\/api.w.org\/{rel}","templated":true}]}}