{"id":271876,"date":"2021-06-03T15:55:04","date_gmt":"2021-06-03T15:55:04","guid":{"rendered":"https:\/\/staging.lakewell.com\/product\/unkategorisiert\/vordere-sicherheitsgurte-paar-jaguar-xke-e-type-61-75\/"},"modified":"2022-08-07T07:53:51","modified_gmt":"2022-08-07T07:53:51","slug":"vordere-sicherheitsgurte-paar-jaguar-xke-e-typ-61-75-2","status":"publish","type":"product","link":"https:\/\/www.lakewell.com\/de\/shop\/jaguar\/e-type\/s2-1968-1971\/221626421759\/vordere-sicherheitsgurte-paar-jaguar-xke-e-typ-61-75-2\/","title":{"rendered":"Vordere Sicherheitsgurte (Paar) Jaguar XKE E Type &#8217;61-&#8217;75"},"content":{"rendered":"<p>Paar automatische 3-Punkt-Sicherheitsgurte f\u00fcr alle Jaguar E-Type Coup\u00e9, 2+2 und Roadster Modelle 1961-1975 (S1, S2 und S3). Diese Sicherheitsgurte sind ein funktionaler Ersatz des Originals und entsprechen den aktuellen EU-Sicherheitsnormen. Nur in Schwarz erh\u00e4ltlich, mit langer und kurzer Schnallenverbindung. Passend f\u00fcr LHD und RHD.<\/p>\n<p>Sparen Sie nicht an der Sicherheit. Sicherheitsgurte, die Verschlei\u00dferscheinungen aufweisen, sollten ersetzt werden. Tests haben gezeigt, dass Sicherheitsgurte mit einer durchschnittlichen Lebensdauer von 20 Jahren und 200&#8217;000 km (ohne Unfall) bis zu 70 % schw\u00e4cher sind als ein neuer Sicherheitsgurt. Nach einem Unfall sollten Sicherheitsgurte immer ersetzt werden Der Aufprall bei einem Unfall verringert die Wirksamkeit des Gurts, da er das Gurtband dauerhaft dehnt und seine F\u00e4higkeit verliert, Energie zu absorbieren. Sicherheitsgurte sind Sicherheitsprodukte, die nicht gewartet werden k\u00f6nnen. Es sollte nicht versucht werden, sie zu zerlegen oder zu reparieren.<\/p>\n<p>Diese Sicherheitsgurte europ\u00e4ischen Ursprungs werden in identischen Konfigurationen wie in Ihrem klassischen Jaguar nachgefertigt. Im Gegensatz zu Ihren Original-Sicherheitsgurten entsprechen sie jedoch vollst\u00e4ndig den aktuellen europ\u00e4ischen Fahrzeugsicherheitsvorschriften ECE R16 (E8-Homologation).<\/p>\n<p>Sicherheitsgurte werden mit Einbauanleitung und einem umfassenden Einbausatz (Schrauben, Muttern, Unterlegscheiben, Halterungen usw.) geliefert, um die verschiedenen Modelle abzudecken, f\u00fcr die sie urspr\u00fcnglich entwickelt wurden. Das Gewinde der Ankerbolzen ist das Standardgewinde 7\/16&#8243; UNF, das seit den 60er Jahren in der Automobilindustrie verwendet wird.<\/p>\n<p>Diese Sicherheitsgurte sind mit einer kurzen 15 cm (6&#8243;) oder einer langen 30 cm (12&#8243;) Schnallenverbindung erh\u00e4ltlich. Bitte \u00fcberpr\u00fcfen Sie vor der Bestellung die Verf\u00fcgbarkeit von Ankerpunkten und der erforderlichen Schnallenverbindung in Ihrem Auto.<\/p>\n","protected":false},"excerpt":{"rendered":"<p>Paar automatische 3-Punkt-Sicherheitsgurte f\u00fcr alle Jaguar E-Type Coup\u00e9, 2+2 und Roadster Modelle 1961-1975 (S1, S2 und S3). Nur in Schwarz erh\u00e4ltlich, mit langer und kurzer Schnallenverbindung. Passend f\u00fcr LHD und RHD.<\/p>\n","protected":false},"featured_media":269306,"template":"","meta":[],"product_cat":[7492,7482,7499,7493,7485,7496,7487,7502],"product_tag":[],"class_list":{"0":"post-271876","1":"product","2":"type-product","3":"status-publish","4":"has-post-thumbnail","6":"product_cat-7492","7":"product_cat-2-2","8":"product_cat-xke-coupe-s3","9":"product_cat-xke-fhc-s2","10":"product_cat-fhc","11":"product_cat-xke-ots-s2","12":"product_cat-ots","13":"product_cat-xke-roadster-s3","15":"first","16":"instock","17":"taxable","18":"shipping-taxable","19":"purchasable","20":"product-type-variable"},"wcpa_form_fields":null,"_links":{"self":[{"href":"https:\/\/www.lakewell.com\/de\/wp-json\/wp\/v2\/product\/271876","targetHints":{"allow":["GET"]}}],"collection":[{"href":"https:\/\/www.lakewell.com\/de\/wp-json\/wp\/v2\/product"}],"about":[{"href":"https:\/\/www.lakewell.com\/de\/wp-json\/wp\/v2\/types\/product"}],"wp:featuredmedia":[{"embeddable":true,"href":"https:\/\/www.lakewell.com\/de\/wp-json\/wp\/v2\/media\/269306"}],"wp:attachment":[{"href":"https:\/\/www.lakewell.com\/de\/wp-json\/wp\/v2\/media?parent=271876"}],"wp:term":[{"taxonomy":"product_cat","embeddable":true,"href":"https:\/\/www.lakewell.com\/de\/wp-json\/wp\/v2\/product_cat?post=271876"},{"taxonomy":"product_tag","embeddable":true,"href":"https:\/\/www.lakewell.com\/de\/wp-json\/wp\/v2\/product_tag?post=271876"}],"curies":[{"name":"wp","href":"https:\/\/api.w.org\/{rel}","templated":true}]}}