{"id":272038,"date":"2021-06-28T21:20:50","date_gmt":"2021-06-28T19:20:50","guid":{"rendered":"https:\/\/staging.lakewell.com\/product\/unkategorisiert\/cabriolet-top-kofferraumabdeckung-porsche-911-993-94-98\/"},"modified":"2022-08-06T22:54:12","modified_gmt":"2022-08-06T22:54:12","slug":"cabrio-top-boot-cover-porsche-911-993-94-98-2","status":"publish","type":"product","link":"https:\/\/www.lakewell.com\/de\/shop\/porsche\/911\/1994-1998\/cabrio-top-boot-cover-porsche-911-993-94-98-2\/","title":{"rendered":"Cabriolet Top Kofferraumabdeckung Porsche 911 (993) &#8217;94-&#8217;98"},"content":{"rendered":"<p>Komplette, neue und originale Cabriolet Verdeckh\u00fclle f\u00fcr Ihr Porsche 993\/ 911 Cabriolet von 1994 bis 1998. Dies ist ein wundersch\u00f6nes Porsche-Teil nach OEM-Spezifikation, das in Dunkelblau und Schwarz erh\u00e4ltlich ist, komplett mit der Originaltasche.<\/p>\n<p>Unsere Kofferraumabdeckung f\u00fcr Cabriolets ist wahrscheinlich die beste, die Sie in Bezug auf Vollst\u00e4ndigkeit, Originalit\u00e4t und Passform kaufen k\u00f6nnen. Wir verwenden die original deutschen Materialien; hochwertiges &#8220;Sonnenland Classic&#8221; Verdeckstoff und farbcodiertes Kantenbindegewebe beide vom Originallieferanten, hochbest\u00e4ndige Garne und alle original &#8220;Dot&#8221; und &#8220;Tenax&#8221; Verschl\u00fcsse und Beschl\u00e4ge. Sogar das schwere Kunstleder und der &#8220;Klettverschluss&#8221;, der f\u00fcr die Herstellung der Tasche verwendet wird, entsprechen genau den Stuttgarter Werksspezifikationen. Alle Materialien sind pr\u00e4zisionsgeschnitten, druckgeklebt, formgen\u00e4ht und kantengebunden, um eine werksechte Passform zu garantieren.<\/p>\n<p>Wenn Sie Ihren Porsche derzeit ohne Kofferraumabdeckung fahren, beachten Sie, dass Sie Ihr Cabrioverdeck besch\u00e4digen k\u00f6nnen. Diese Autos wurden werksseitig mit einer Kofferraumabdeckung geliefert, um sicherzustellen, dass die Gurtstruktur im Inneren des Cabrioverdecks bei hoher Geschwindigkeit und Fahrt von oben nach unten gesch\u00fctzt ist. Dar\u00fcber hinaus gibt es nichts Besseres als die Kofferraumabdeckung, um den Sexappeal Ihres kurvenreichen Cabriolets zu betonen.<\/p>\n<p>TENAX-Befestigungselemente (6er-Set) sind nicht im Lieferumfang enthalten. Diese k\u00f6nnen bei Bedarf von Ihrer alten Kofferraumabdeckung \u00fcbernommen oder Ihrer Bestellung hinzugef\u00fcgt werden.<\/p>\n","protected":false},"excerpt":{"rendered":"<p>Komplette, neue und originale Cabriolet Verdeckh\u00fclle f\u00fcr Ihr Porsche 993\/ 911 Cabriolet von 1994 bis 1998. Dies ist ein wundersch\u00f6nes Porsche-Teil nach OEM-Spezifikation, das in Dunkelblau und Schwarz erh\u00e4ltlich ist, komplett mit der Originaltasche.<\/p>\n","protected":false},"featured_media":263163,"template":"","meta":[],"product_cat":[7573,7582],"product_tag":[],"class_list":{"0":"post-272038","1":"product","2":"type-product","3":"status-publish","4":"has-post-thumbnail","6":"product_cat-1994-1998","7":"product_cat-7582","9":"first","10":"instock","11":"taxable","12":"shipping-taxable","13":"purchasable","14":"product-type-variable","15":"has-product-sample"},"wcpa_form_fields":null,"_links":{"self":[{"href":"https:\/\/www.lakewell.com\/de\/wp-json\/wp\/v2\/product\/272038","targetHints":{"allow":["GET"]}}],"collection":[{"href":"https:\/\/www.lakewell.com\/de\/wp-json\/wp\/v2\/product"}],"about":[{"href":"https:\/\/www.lakewell.com\/de\/wp-json\/wp\/v2\/types\/product"}],"wp:featuredmedia":[{"embeddable":true,"href":"https:\/\/www.lakewell.com\/de\/wp-json\/wp\/v2\/media\/263163"}],"wp:attachment":[{"href":"https:\/\/www.lakewell.com\/de\/wp-json\/wp\/v2\/media?parent=272038"}],"wp:term":[{"taxonomy":"product_cat","embeddable":true,"href":"https:\/\/www.lakewell.com\/de\/wp-json\/wp\/v2\/product_cat?post=272038"},{"taxonomy":"product_tag","embeddable":true,"href":"https:\/\/www.lakewell.com\/de\/wp-json\/wp\/v2\/product_tag?post=272038"}],"curies":[{"name":"wp","href":"https:\/\/api.w.org\/{rel}","templated":true}]}}