{"id":272091,"date":"2021-05-03T19:34:09","date_gmt":"2021-05-03T17:34:09","guid":{"rendered":"https:\/\/staging.lakewell.com\/product\/unkategorisiert\/kofferraumteppichsatz-porsche-911-993-94-98\/"},"modified":"2022-08-06T22:54:03","modified_gmt":"2022-08-06T22:54:03","slug":"kofferraum-teppich-set-porsche-911-993-94-98-2","status":"publish","type":"product","link":"https:\/\/www.lakewell.com\/de\/shop\/porsche\/911\/1994-1998\/kofferraum-teppich-set-porsche-911-993-94-98-2\/","title":{"rendered":"Kofferraumteppichsatz Porsche 911 (993) &#8217;94-&#8217;98"},"content":{"rendered":"<p>Komplettes Kofferraum-\/Kofferraum-Teppich-Set f\u00fcr alle Porsche 911 993 Modelle von 1993 bis 1998 (Carrera 2, Carrera 4 und Turbo) mit serienm\u00e4\u00dfigem Kraftstofftank.<\/p>\n<p>Unser Kofferraum-Teppich-Set ist wahrscheinlich das Beste, was Sie in Bezug auf Originalit\u00e4t und Passform kaufen k\u00f6nnen. Wir verwenden die Originalmaterialien, die den Stuttgarter Werksspezifikationen genau entsprechen; Porsche OEM Sliverknit Velours, Kanteneinfassung, Klettverschluss, integrierte Verst\u00e4rkung und alle notwendigen Pr\u00e4zisionsverschl\u00fcsse und Beschl\u00e4ge. Alle Materialien sind pr\u00e4zisionsgeschnitten, blind gen\u00e4ht und vorgeformt, um eine Werks-Passform zu garantieren.<\/p>\n<p>Bitte vergewissern Sie sich bei der Bestellung, ob Ihr Auto \u00fcber Druckkn\u00f6pfe (DOT-Verschl\u00fcsse) oder Klettverschl\u00fcsse verf\u00fcgt, um die Teppichseitenteile an den Innenkotfl\u00fcgeln Ihres Kofferraums zu befestigen.<\/p>\n","protected":false},"excerpt":{"rendered":"<p>Komplettes Kofferraum-\/Kofferraum-Teppich-Set f\u00fcr alle Porsche 911 993 Modelle von 1993 bis 1998 (Carrera 2, Carrera 4 und Turbo) mit serienm\u00e4\u00dfigem Kraftstofftank.<\/p>\n","protected":false},"featured_media":269331,"template":"","meta":[],"product_cat":[7573,7582],"product_tag":[],"class_list":{"0":"post-272091","1":"product","2":"type-product","3":"status-publish","4":"has-post-thumbnail","6":"product_cat-1994-1998","7":"product_cat-7582","9":"first","10":"instock","11":"taxable","12":"shipping-taxable","13":"purchasable","14":"product-type-variable","15":"has-product-sample"},"wcpa_form_fields":null,"_links":{"self":[{"href":"https:\/\/www.lakewell.com\/de\/wp-json\/wp\/v2\/product\/272091","targetHints":{"allow":["GET"]}}],"collection":[{"href":"https:\/\/www.lakewell.com\/de\/wp-json\/wp\/v2\/product"}],"about":[{"href":"https:\/\/www.lakewell.com\/de\/wp-json\/wp\/v2\/types\/product"}],"wp:featuredmedia":[{"embeddable":true,"href":"https:\/\/www.lakewell.com\/de\/wp-json\/wp\/v2\/media\/269331"}],"wp:attachment":[{"href":"https:\/\/www.lakewell.com\/de\/wp-json\/wp\/v2\/media?parent=272091"}],"wp:term":[{"taxonomy":"product_cat","embeddable":true,"href":"https:\/\/www.lakewell.com\/de\/wp-json\/wp\/v2\/product_cat?post=272091"},{"taxonomy":"product_tag","embeddable":true,"href":"https:\/\/www.lakewell.com\/de\/wp-json\/wp\/v2\/product_tag?post=272091"}],"curies":[{"name":"wp","href":"https:\/\/api.w.org\/{rel}","templated":true}]}}