{"id":272310,"date":"2021-02-17T16:38:05","date_gmt":"2021-02-17T16:38:05","guid":{"rendered":"https:\/\/staging.lakewell.com\/product\/unkategorisiert\/komplettes-innenrestaurierungskit-jaguar-xke-4-2-ots-68-71\/"},"modified":"2022-08-06T22:51:37","modified_gmt":"2022-08-06T22:51:37","slug":"komplettes-interior-restaurations-kit-jaguar-xke-4-2-ots-68-71","status":"publish","type":"product","link":"https:\/\/www.lakewell.com\/de\/shop\/jaguar\/e-type\/s2-1968-1971\/xke-ots-s2\/komplettes-interior-restaurations-kit-jaguar-xke-4-2-ots-68-71\/","title":{"rendered":"Komplettes Innenraum-Restaurierungskit Jaguar XKE 4.2 OTS &#8217;68-&#8217;71"},"content":{"rendered":"<p>Komplettes Innenraum-Restaurierungskit f\u00fcr Jaguar XKE 4.2 OTS (2 Sitzer), 1968-1971 (Serie 2).<\/p>\n<p>Wir glauben, dass unser Innenrestaurierungsset zu den besten geh\u00f6rt, die Sie in Bezug auf Vollst\u00e4ndigkeit, Originalit\u00e4t und Passform kaufen k\u00f6nnen. Das Kit enth\u00e4lt alles, was Sie normalerweise ben\u00f6tigen, um Ihr Interieur wieder in einen fabrikneuen Zustand zu bringen.<\/p>\n<p>Unsere handgefertigten Innenrestaurierungssets entsprechen genau den Werksspezifikationen von Coventry. Wir verwenden die feinsten schottischen Vollnarben Lederh\u00e4ute und vollst\u00e4ndig angepasstes Kunstleder, Naturkautschuk, Naturjute, hochwertiges Kaliko-R\u00fcckenmaterial, exakte Polsterf\u00fcllung, Keder und hochbest\u00e4ndige Garne. Alle H\u00e4ute sind pr\u00e4zisionsgeschnitten, kedergebunden und vorgeformt, um eine werksechte Passform zu garantieren.<\/p>\n<p>Folgende Teile sind im Kit enthalten:<\/p>\n<ul>\n<li>Komplet Teppichsatz Innenraum, 10 St\u00fcck (Diagramm Ref. C+CB)<\/li>\n<li>Teppich-Unterfilz-Set, 10 St\u00fcck (Nicht angegeben)<\/li>\n<li>T\u00fcrschweller-Retrim-Kit, Paar (Diagramm Ref. 2)<\/li>\n<li>T\u00fcrverkleidungen, einbaufertig, Paar (Diagramm Ref. 4B)<\/li>\n<li>T\u00fcrabdeckungs-Nachtrim, Paar (Diagramm Ref. 27)<\/li>\n<li>T\u00fcrfalzverkleidung, Paar (Diagramm Ref. 14)<\/li>\n<li>Quarter Panel Retrim, Paar (Diagramm Ref. 13B)<\/li>\n<li>A-S\u00e4ule Hardura, Paar (Diagramm Ref. 1)<\/li>\n<li>Ledersitz-Wiederherstellungsset, perforierte Abdeckungen, Paar (Diagramm Ref. 17B)<\/li>\n<li>Lederkopfst\u00fctzen-Retrim-Kit, Paar (Abbildungsref. 22B)<\/li>\n<li>Untersitz Hardura, 2 St\u00fcck (Diagramm Ref. 3B)<\/li>\n<li>Mittelkonsolen-Retrim-Kit aus Leder (Diagramm-Ref. 16B, 18, 19B)<\/li>\n<li>Radio Panel Retrim (nicht angegeben)<\/li>\n<li>Underdash Hardura, 3 St\u00fcck (Diagramm Ref. 15B)<\/li>\n<li>Bezugsatz Radlauf, unten, Paar (Diagramm Ref. 6)<\/li>\n<li>Bezugsatz Radlauf, oben, Paar (Diagramm Ref. 8)<\/li>\n<li>Hintere Schottwand Hardura, Ablage (Diagramm Ref. 5B)<\/li>\n<li>Abdeckplatte f\u00fcr Hutablage, oben (Diagramm Nr. 9)<\/li>\n<li>Heckschott, unten (Diagramm Ref. 7) Kofferraum-Retrim-Kit (Diagramm Ref. 10, 11, 12)<\/li>\n<li>Zus\u00e4tzliches Kunstleder, 1m\u00b2<\/li>\n<li>Vollst\u00e4ndige Schritt-f\u00fcr-Schritt-Installationsanleitung und Bilder<\/li>\n<\/ul>\n<p>Folgende Teile sind nicht im Bausatz enthalten:<\/p>\n<ul>\n<li>Armaturenbrett-Retrim-Kit (Diagramm Ref. 29)<\/li>\n<li>Windschutzscheibenrahmenabdeckung aus Resopal (Diagramm Nr. 30)<\/li>\n<li>Ersatz-Sitzbasisschaum, Paar (nicht abgebildet), kann separat bestellt werden<\/li>\n<li>Sitzfl\u00e4chenmembran, Paar (nicht abgebildet), kann separat bestellt werden<\/li>\n<li>Schalld\u00e4mpfung unter dem Armaturenbrett (Diagramm Nr. 23), kann separat bestellt werden<\/li>\n<li>Verdeck (nicht angegeben), kann separat bestellt werden<\/li>\n<\/ul>\n<p>Bitte \u00fcberpr\u00fcfen Sie auch den Zustand Ihrer Sitz-innenbau. Neue Zellschaumstoffe und Sitzmembranen f\u00fcr die Sitzfl\u00e4che sind in diesem Kit nicht enthalten.<\/p>\n<p>Das Innenrestaurierungsset wird mit einer leicht verst\u00e4ndlichen Schritt-f\u00fcr-Schritt-Installationsanleitung und Bildern geliefert. Die Installation erfordert keine speziellen Werkzeuge und liegt im K\u00f6nnen des m\u00e4\u00dfig erfahrenen Hobbymechanikers.<\/p>\n<p>Wir stellen dieses Innenrestaurierungsset in den meisten Originalfarben her: Magnolia, Beige, Biscuit, Red, Burgundy, Dark Blue, Grey und Black. Innenausstattung mit Kontrastpaspel auf Anfrage erh\u00e4ltlich.<\/p>\n","protected":false},"excerpt":{"rendered":"<p>Komplettes Innenraum-Restaurierungskit f\u00fcr Jaguar XKE 4.2 OTS, 1968 -1971 (Serie 2). Das Kit enth\u00e4lt alles, was Sie normalerweise ben\u00f6tigen, um Ihr Interieur wieder in einen fabrikneuen Zustand zu bringen.<\/p>\n","protected":false},"featured_media":277889,"template":"","meta":[],"product_cat":[7496],"product_tag":[],"class_list":{"0":"post-272310","1":"product","2":"type-product","3":"status-publish","4":"has-post-thumbnail","6":"product_cat-xke-ots-s2","7":"wcpa_has_options","9":"first","10":"instock","11":"taxable","12":"shipping-taxable","13":"purchasable","14":"product-type-variable","15":"has-product-sample"},"wcpa_form_fields":{"rules":{"pric_overide_base_price":false,"pric_overide_base_price_if_gt_zero":false,"pric_overide_base_price_fully":false,"pric_cal_option_once":false,"pric_use_as_fee":false,"bind_quantity":false,"quantity_bind_formula":false},"fields":[{"type":"text","required":true,"elementId":"wcpa-text-1660247444911","label":"Fahrgestellnummer","pricingType":"fixed","name":"text-1660247444911","subtype":"text","cl_rule":"show","col":6,"relations":false,"form_id":287204,"form_rules":{"pric_cal_option_once":false,"exclude_from_discount":false,"pric_use_as_fee":false,"fee_label":"Fee","render_after_acb":false,"disp_hide_options_price":false}}]},"_links":{"self":[{"href":"https:\/\/www.lakewell.com\/de\/wp-json\/wp\/v2\/product\/272310","targetHints":{"allow":["GET"]}}],"collection":[{"href":"https:\/\/www.lakewell.com\/de\/wp-json\/wp\/v2\/product"}],"about":[{"href":"https:\/\/www.lakewell.com\/de\/wp-json\/wp\/v2\/types\/product"}],"wp:featuredmedia":[{"embeddable":true,"href":"https:\/\/www.lakewell.com\/de\/wp-json\/wp\/v2\/media\/277889"}],"wp:attachment":[{"href":"https:\/\/www.lakewell.com\/de\/wp-json\/wp\/v2\/media?parent=272310"}],"wp:term":[{"taxonomy":"product_cat","embeddable":true,"href":"https:\/\/www.lakewell.com\/de\/wp-json\/wp\/v2\/product_cat?post=272310"},{"taxonomy":"product_tag","embeddable":true,"href":"https:\/\/www.lakewell.com\/de\/wp-json\/wp\/v2\/product_tag?post=272310"}],"curies":[{"name":"wp","href":"https:\/\/api.w.org\/{rel}","templated":true}]}}