{"id":272421,"date":"2021-02-23T23:55:02","date_gmt":"2021-02-23T23:55:02","guid":{"rendered":"https:\/\/staging.lakewell.com\/product\/unkategorisiert\/sitzrestaurierungskit-2-sitze-tvr-m-serie-71-79\/"},"modified":"2022-08-06T22:57:26","modified_gmt":"2022-08-06T22:57:26","slug":"sitzrestaurationssatz-2-sitze-tvr-m-series-71-79","status":"publish","type":"product","link":"https:\/\/www.lakewell.com\/de\/shop\/tvr\/m-series\/sitzrestaurationssatz-2-sitze-tvr-m-series-71-79\/","title":{"rendered":"Sitzrestaurierungskit (2 Sitze) TVR M-Serie &#8217;71-&#8217;79"},"content":{"rendered":"<p>Kompletter Leder-Restaurierungssatz f\u00fcr die 2 Sitze und 2 Kopfst\u00fctzen aller TVR 3000M, 2500M, 1600M und Taimar Modelle von 1971-1979.<\/p>\n<p>Unser Ledersitz-Restaurierungsset ist wahrscheinlich das Beste, was Sie in Bezug auf Vollst\u00e4ndigkeit, Originalit\u00e4t und Passform kaufen k\u00f6nnen. Das Kit enth\u00e4lt alles, was Sie normalerweise ben\u00f6tigen, um Ihre Vordersitze und Kopfst\u00fctzen wieder in den fabrikneuen Zustand zu versetzen; alle Sitz- und Kopfst\u00fctzenbez\u00fcge sowie Korrekturschaum f\u00fcr Sitzfl\u00e4chenwangen.<\/p>\n<p>Unsere handgefertigten Bez\u00fcge (2 R\u00fcckenlehnen-, 2 Sitzfl\u00e4chen- und 2 Kopfst\u00fctzenbez\u00fcge) entsprechen Schritt f\u00fcr Schritt den Blackpool-Werksspezifikationen; aus feinsten schottischen H\u00e4uten, angepasstes Kunstleder, hochwertigem Kalikor\u00fcckenmaterial, exakt spezifizierter Faltenf\u00fcllung, doppelt gen\u00e4hten Obern\u00e4hten bis hin zu den von uns verwendeten hochbest\u00e4ndigen Garnen. Alle H\u00e4ute sind pr\u00e4zisionsgeschnitten, gebunden und vorgeformt, um eine werksechte Passform zu garantieren.<\/p>\n<p>Das Kit wird mit Korrekturschaum f\u00fcr die Sitzfl\u00e4chenpolster geliefert. Auf diese Weise k\u00f6nnen Sie die abgenutzten Seiten korrigieren, die normalerweise an der Sitzwange der Fahrerseite zu finden sind. Beachten Sie, dass eine stark verformte oder zersetzte Sitzfl\u00e4che nur mit neuem Zellschaum wiederhergestellt werden kann. Neue Zellschaumstoffe f\u00fcr die Sitzbasis sind nicht im Lieferumfang dieses Kits enthalten.<\/p>\n<p>Das Sitzrestaurationsset wird mit einer leicht verst\u00e4ndlichen Schritt-f\u00fcr-Schritt-Montageanleitung und Bildern geliefert. Die Installation erfordert keine speziellen Werkzeuge und liegt im Bereich der F\u00e4higkeiten eines m\u00e4\u00dfig erfahrenen Hobbymechanikers.<\/p>\n<p>Aufgrund des Ausbleichens des Originalmaterials und der Farbunterschiede zwischen den Farbpartien bieten wir den Sitzrestaurierungssatz nur als eigenst\u00e4ndigen Artikel in einer begrenzten Anzahl von Farben an. F\u00fcr komplette Lederausstattungen k\u00f6nnen wir die g\u00e4ngigsten Original-TVR-Farben anbieten (bitte anfragen).<\/p>\n","protected":false},"excerpt":{"rendered":"<p>Kompletter Ledersitz- und Kopfst\u00fctzen-Restaurierungssatz f\u00fcr alle TVR 3000M-, 2500M-, 1600M- und Taimar-Modelle von 1971-1979.<\/p>\n","protected":false},"featured_media":277829,"template":"","meta":[],"product_cat":[7602],"product_tag":[],"class_list":{"0":"post-272421","1":"product","2":"type-product","3":"status-publish","4":"has-post-thumbnail","6":"product_cat-m-series","8":"first","9":"instock","10":"taxable","11":"shipping-taxable","12":"purchasable","13":"product-type-variable","14":"has-product-sample"},"wcpa_form_fields":null,"_links":{"self":[{"href":"https:\/\/www.lakewell.com\/de\/wp-json\/wp\/v2\/product\/272421","targetHints":{"allow":["GET"]}}],"collection":[{"href":"https:\/\/www.lakewell.com\/de\/wp-json\/wp\/v2\/product"}],"about":[{"href":"https:\/\/www.lakewell.com\/de\/wp-json\/wp\/v2\/types\/product"}],"wp:featuredmedia":[{"embeddable":true,"href":"https:\/\/www.lakewell.com\/de\/wp-json\/wp\/v2\/media\/277829"}],"wp:attachment":[{"href":"https:\/\/www.lakewell.com\/de\/wp-json\/wp\/v2\/media?parent=272421"}],"wp:term":[{"taxonomy":"product_cat","embeddable":true,"href":"https:\/\/www.lakewell.com\/de\/wp-json\/wp\/v2\/product_cat?post=272421"},{"taxonomy":"product_tag","embeddable":true,"href":"https:\/\/www.lakewell.com\/de\/wp-json\/wp\/v2\/product_tag?post=272421"}],"curies":[{"name":"wp","href":"https:\/\/api.w.org\/{rel}","templated":true}]}}