{"id":272469,"date":"2021-02-23T23:55:17","date_gmt":"2021-02-23T21:55:17","guid":{"rendered":"https:\/\/staging.lakewell.com\/product\/unkategorisiert\/innenteppichsatz-tvr-tuscan-99-06\/"},"modified":"2022-08-07T07:50:07","modified_gmt":"2022-08-07T07:50:07","slug":"innenraum-teppichsatz-tvr-tuscan-99-06","status":"publish","type":"product","link":"https:\/\/www.lakewell.com\/de\/shop\/tvr\/tuscan\/innenraum-teppichsatz-tvr-tuscan-99-06\/","title":{"rendered":"Innenraum Teppichsatz TVR Tuscan &#8217;99-&#8217;06"},"content":{"rendered":"<p>Komplettes 20-teiliges Teppichset f\u00fcr alle TVR Tuscan Modelle von 1999-2006.<\/p>\n<p>W\u00e4hrend des gesamten Produktionsprozesses halten wir uns eng an die Werksspezifikationen von Blackpool; von Steppn\u00e4hten, Kantenbindungen bis hin zu Einrichtungsgegenst\u00e4nden und Beschl\u00e4gen. Sogar die originalen Heelpads werden in unserer Gummiform- und Gie\u00dferei nach genauen Standards reproduziert. Alle Materialien sind pr\u00e4zisionsgeschnitten, druckgeklebt und vorgeformt, um eine originalgetreue Passform zu garantieren.<\/p>\n<p>Wir verwenden hochwertige Velours aus einem Woll-Nylon-Gemisch, die in den g\u00e4ngigsten Farben erh\u00e4ltlich sind; Schwarz, Grau, Rot, Dunkelblau (nicht Marine), Magnolia, Beige, Biscuit und Tan. Bei Bedarf k\u00f6nnen wir dieses Teppichset auch mit Kontrastpaspel anfertigen (bitte bei der Bestellung im Listenfeld &#8216;custom&#8217; w\u00e4hlen.<\/p>\n<p>Die Installation erfordert keine speziellen Werkzeuge und liegt im Bereich der F\u00e4higkeiten eines Hobbymechanikers.<\/p>\n","protected":false},"excerpt":{"rendered":"<p>Komplettes 20-teiliges Teppichset f\u00fcr alle TVR Tuscan Modelle von 1999-2006.<\/p>\n","protected":false},"featured_media":277822,"template":"","meta":[],"product_cat":[7597],"product_tag":[],"class_list":{"0":"post-272469","1":"product","2":"type-product","3":"status-publish","4":"has-post-thumbnail","6":"product_cat-tuscan","8":"first","9":"instock","10":"taxable","11":"shipping-taxable","12":"purchasable","13":"product-type-variable","14":"has-product-sample"},"wcpa_form_fields":null,"_links":{"self":[{"href":"https:\/\/www.lakewell.com\/de\/wp-json\/wp\/v2\/product\/272469","targetHints":{"allow":["GET"]}}],"collection":[{"href":"https:\/\/www.lakewell.com\/de\/wp-json\/wp\/v2\/product"}],"about":[{"href":"https:\/\/www.lakewell.com\/de\/wp-json\/wp\/v2\/types\/product"}],"wp:featuredmedia":[{"embeddable":true,"href":"https:\/\/www.lakewell.com\/de\/wp-json\/wp\/v2\/media\/277822"}],"wp:attachment":[{"href":"https:\/\/www.lakewell.com\/de\/wp-json\/wp\/v2\/media?parent=272469"}],"wp:term":[{"taxonomy":"product_cat","embeddable":true,"href":"https:\/\/www.lakewell.com\/de\/wp-json\/wp\/v2\/product_cat?post=272469"},{"taxonomy":"product_tag","embeddable":true,"href":"https:\/\/www.lakewell.com\/de\/wp-json\/wp\/v2\/product_tag?post=272469"}],"curies":[{"name":"wp","href":"https:\/\/api.w.org\/{rel}","templated":true}]}}