{"id":272487,"date":"2021-02-23T23:55:31","date_gmt":"2021-02-23T21:55:31","guid":{"rendered":"https:\/\/staging.lakewell.com\/product\/unkategorisiert\/verdeck-restaurierungskit-fuer-alle-tvr-wedge-modelle-80-91\/"},"modified":"2022-08-07T07:56:31","modified_gmt":"2022-08-07T07:56:31","slug":"verdeck-restaurierungskit-fur-alle-tvr-keil-modelle-80-91","status":"publish","type":"product","link":"https:\/\/www.lakewell.com\/de\/shop\/tvr\/wedge\/verdeck-restaurierungskit-fur-alle-tvr-keil-modelle-80-91\/","title":{"rendered":"Verdeck-Restaurierungskit f\u00fcr alle TVR Wedge-Modelle 80-91"},"content":{"rendered":"<p>Komplettes Verdeck-Restaurationskit f\u00fcr alle TVR Wedge-Modelle (Tasmin, 200, 280, 350, 390, 400, 420 und 450 in i\/SX\/SE\/SEAC-Varianten) von 1980 bis 1991. Dies ist ein wundersch\u00f6nes TVR-Teil nach OEM-Spezifikation, das in mehreren Originalfarben erh\u00e4ltlich ist.<\/p>\n<p>Unser Verdeck-Restaurierungsset ist wahrscheinlich das Beste, was Sie in Bezug auf Originalit\u00e4t und Passform kaufen k\u00f6nnen. Wir verwenden die Original-TVR-Materialien; hochwertiges &#8220;Sonnenland Classic&#8221; Verdeckstoff und farbcodiertes kantenbindendes Verdeckstoff, beide vom Originallieferanten und DOT-zugelassener Fensterkunststoff. Sogar der schwere &#8220;Klettverschluss&#8221; entspricht genau der TVR-Spezifikation. Alle Materialien sind pr\u00e4zise geschnitten, gen\u00e4ht und Randgebunden, um eine werksechte Passform zu garantieren.<\/p>\n<p>Das Kit wird mit leicht verst\u00e4ndlichen Schritt-f\u00fcr-Schritt-Installationsanleitungen und Bildern geliefert. Die Installation erfordert keine speziellen Werkzeuge und liegt im Bereich der F\u00e4higkeiten eines Hobbymechanikers.<\/p>\n<p>Beinhaltet die Heckscheibensektion und Nachr\u00fcstungen f\u00fcr die Targa-Dachpaneele.<\/p>\n<p>&nbsp;<\/p>\n","protected":false},"excerpt":{"rendered":"<p>Komplettes Verdeck-Restaurierungskit f\u00fcr alle TVR Wedge-Modelle von 1980 bis 1991. Dies ist ein wundersch\u00f6nes TVR-Teil nach OEM-Spezifikation, das in mehreren Originalfarben erh\u00e4ltlich ist.<\/p>\n","protected":false},"featured_media":269285,"template":"","meta":[],"product_cat":[7596],"product_tag":[],"class_list":{"0":"post-272487","1":"product","2":"type-product","3":"status-publish","4":"has-post-thumbnail","6":"product_cat-wedge","8":"first","9":"instock","10":"taxable","11":"shipping-taxable","12":"purchasable","13":"product-type-variable","14":"has-product-sample"},"wcpa_form_fields":null,"_links":{"self":[{"href":"https:\/\/www.lakewell.com\/de\/wp-json\/wp\/v2\/product\/272487","targetHints":{"allow":["GET"]}}],"collection":[{"href":"https:\/\/www.lakewell.com\/de\/wp-json\/wp\/v2\/product"}],"about":[{"href":"https:\/\/www.lakewell.com\/de\/wp-json\/wp\/v2\/types\/product"}],"wp:featuredmedia":[{"embeddable":true,"href":"https:\/\/www.lakewell.com\/de\/wp-json\/wp\/v2\/media\/269285"}],"wp:attachment":[{"href":"https:\/\/www.lakewell.com\/de\/wp-json\/wp\/v2\/media?parent=272487"}],"wp:term":[{"taxonomy":"product_cat","embeddable":true,"href":"https:\/\/www.lakewell.com\/de\/wp-json\/wp\/v2\/product_cat?post=272487"},{"taxonomy":"product_tag","embeddable":true,"href":"https:\/\/www.lakewell.com\/de\/wp-json\/wp\/v2\/product_tag?post=272487"}],"curies":[{"name":"wp","href":"https:\/\/api.w.org\/{rel}","templated":true}]}}