{"id":272541,"date":"2021-01-05T22:32:37","date_gmt":"2021-01-05T20:32:37","guid":{"rendered":"https:\/\/staging.lakewell.com\/product\/unkategorisiert\/knopfsatz-fuer-sitzlehnenentriegelung-porsche-911-85-98\/"},"modified":"2022-08-07T11:04:20","modified_gmt":"2022-08-07T11:04:20","slug":"knopf-set-fur-ruckenlehnenentriegelung-porsche-911-85-98-2","status":"publish","type":"product","link":"https:\/\/www.lakewell.com\/de\/shop\/porsche\/911\/1984-1989\/knopf-set-fur-ruckenlehnenentriegelung-porsche-911-85-98-2\/","title":{"rendered":"Knopfsatz f\u00fcr Sitzlehnenentriegelung Porsche 911 &#8217;85-&#8217;98"},"content":{"rendered":"<p><span>Knopfsatz (3 St\u00fcck) zum Entriegeln und Vorneigen der Sitzlehne bei Porsche 911, 964 und 993 Modelle 1985 bis 1998. Jedes Set beinhaltet den schwarzen Kunststoffknauf, die Kunststoffrosette und den Befestigungsclip. Passend f\u00fcr Standard- und Sportsitze.<\/span><\/p>\n<p><span>Die kleinen Clips fallen oft ab, wodurch der Knopf auf dem Metallschaft wackelt und dann bricht.<\/span><\/p>\n<p>Verkauft pro Satz. F\u00fcr jeden Sitz sind 2 Knopfs\u00e4tze erforderlich. Um alle Sitzkn\u00f6pfe an Ihrem Auto zu ersetzen, geben Sie die Menge als 4 ein.<\/p>\n","protected":false},"excerpt":{"rendered":"<p>Knaufsatz (3 St\u00fcck) zum L\u00f6sen der Sitzlehne bei Porsche 911, 964 und 993 Modelle 1985 bis 1998. Jedes Set beinhaltet den schwarzen Kunststoffknauf, die Kunststoffrosette und den Befestigungsclip. Passend f\u00fcr Standard- und Sportsitze.<\/p>\n","protected":false},"featured_media":277860,"template":"","meta":[],"product_cat":[7551,7553,7573,7579,7582],"product_tag":[],"class_list":{"0":"post-272541","1":"product","2":"type-product","3":"status-publish","4":"has-post-thumbnail","6":"product_cat-1984-1989","7":"product_cat-1990-1993","8":"product_cat-1994-1998","9":"product_cat-7579","10":"product_cat-7582","12":"first","13":"instock","14":"taxable","15":"shipping-taxable","16":"purchasable","17":"product-type-simple"},"wcpa_form_fields":null,"_links":{"self":[{"href":"https:\/\/www.lakewell.com\/de\/wp-json\/wp\/v2\/product\/272541","targetHints":{"allow":["GET"]}}],"collection":[{"href":"https:\/\/www.lakewell.com\/de\/wp-json\/wp\/v2\/product"}],"about":[{"href":"https:\/\/www.lakewell.com\/de\/wp-json\/wp\/v2\/types\/product"}],"wp:featuredmedia":[{"embeddable":true,"href":"https:\/\/www.lakewell.com\/de\/wp-json\/wp\/v2\/media\/277860"}],"wp:attachment":[{"href":"https:\/\/www.lakewell.com\/de\/wp-json\/wp\/v2\/media?parent=272541"}],"wp:term":[{"taxonomy":"product_cat","embeddable":true,"href":"https:\/\/www.lakewell.com\/de\/wp-json\/wp\/v2\/product_cat?post=272541"},{"taxonomy":"product_tag","embeddable":true,"href":"https:\/\/www.lakewell.com\/de\/wp-json\/wp\/v2\/product_tag?post=272541"}],"curies":[{"name":"wp","href":"https:\/\/api.w.org\/{rel}","templated":true}]}}