{"id":272623,"date":"2021-01-05T18:07:33","date_gmt":"2021-01-05T18:07:33","guid":{"rendered":"https:\/\/staging.lakewell.com\/product\/unkategorisiert\/heckklappenkappen-paar-porsche-911-targa-67-68\/"},"modified":"2022-08-07T11:02:34","modified_gmt":"2022-08-07T11:02:34","slug":"garnierleiste-hintere-seitenverkleidung-paar-porsche-911-targa-67-68","status":"publish","type":"product","link":"https:\/\/www.lakewell.com\/de\/shop\/porsche\/911\/1965-1968\/garnierleiste-hintere-seitenverkleidung-paar-porsche-911-targa-67-68\/","title":{"rendered":"Garnierleiste Hintere Seitenverkleidung (Paar) Porsche 911 Targa &#8217;67-&#8217;68"},"content":{"rendered":"<p>Paar hintere Garnierleiste Hintere Seitenverkleidung (Formteile) zum Aufsetzen auf die hinteren Seitenverkleidungen f\u00fcr Porsche 911 Targa &#8220;Soft Window&#8221; SWB-Modelle, 1967-1968. Dies ist KEIN Verkleidung-Satz, sondern ein Paar kompletter, einbaufertiger Zierleisten. Erh\u00e4ltlich in Kunstleder und Leder. Passend zu den Teilenummern 90155509140 (links) und 90155509240 (rechts)<\/p>\n<p>Geh\u00e4use aus hitzebest\u00e4ndigem ABS. Textur, Maserung und Glanz der Vynil-Oberfl\u00e4chenbeschichtung wurden so optimiert, dass sie zu unseren Armaturenbrett- und T\u00fcrleisten passen, um eine perfekte Homogenit\u00e4t zu gew\u00e4hrleisten. Wir garantieren eine werksgetreue Optik und Passform.<\/p>\n<p>Die Installation ist unkompliziert und erfordert keine speziellen Werkzeuge.<\/p>\n<p>Nur in schwarz erh\u00e4ltlich.<\/p>\n","protected":false},"excerpt":{"rendered":"<p>Paar hintere Garnierleiste Hintere Seitenverkleidung (Formteile) zum Aufsetzen auf die hinteren Seitenverkleidungen f\u00fcr Porsche 911 Targa &#8220;Soft Window&#8221; SWB-Modelle, 1967-1968. Erh\u00e4ltlich in Kunstleder und Leder.<\/p>\n","protected":false},"featured_media":278080,"template":"","meta":[],"product_cat":[7545,7574],"product_tag":[],"class_list":{"0":"post-272623","1":"product","2":"type-product","3":"status-publish","4":"has-post-thumbnail","6":"product_cat-1965-1968","7":"product_cat-7574","9":"first","10":"instock","11":"taxable","12":"shipping-taxable","13":"purchasable","14":"product-type-variable","15":"has-product-sample"},"wcpa_form_fields":null,"_links":{"self":[{"href":"https:\/\/www.lakewell.com\/de\/wp-json\/wp\/v2\/product\/272623","targetHints":{"allow":["GET"]}}],"collection":[{"href":"https:\/\/www.lakewell.com\/de\/wp-json\/wp\/v2\/product"}],"about":[{"href":"https:\/\/www.lakewell.com\/de\/wp-json\/wp\/v2\/types\/product"}],"wp:featuredmedia":[{"embeddable":true,"href":"https:\/\/www.lakewell.com\/de\/wp-json\/wp\/v2\/media\/278080"}],"wp:attachment":[{"href":"https:\/\/www.lakewell.com\/de\/wp-json\/wp\/v2\/media?parent=272623"}],"wp:term":[{"taxonomy":"product_cat","embeddable":true,"href":"https:\/\/www.lakewell.com\/de\/wp-json\/wp\/v2\/product_cat?post=272623"},{"taxonomy":"product_tag","embeddable":true,"href":"https:\/\/www.lakewell.com\/de\/wp-json\/wp\/v2\/product_tag?post=272623"}],"curies":[{"name":"wp","href":"https:\/\/api.w.org\/{rel}","templated":true}]}}