{"id":272971,"date":"2021-01-05T15:38:39","date_gmt":"2021-01-05T13:38:39","guid":{"rendered":"https:\/\/staging.lakewell.com\/product\/unkategorisiert\/kofferraumteppichsatz-porsche-912-69\/"},"modified":"2022-08-07T07:50:48","modified_gmt":"2022-08-07T07:50:48","slug":"kofferraumteppich-set-porsche-912-69","status":"publish","type":"product","link":"https:\/\/www.lakewell.com\/de\/shop\/porsche\/912\/kofferraumteppich-set-porsche-912-69\/","title":{"rendered":"Kofferraumteppichsatz Porsche 912 &#8217;69"},"content":{"rendered":"<p>Kompletter Kofferraumteppichsatz f\u00fcr alle Porsche 911 und 912 Modelle von 1969 bis 1973.<\/p>\n<p>Unser Kofferraum-Teppich-Set ist wahrscheinlich das Beste, was Sie in Bezug auf Originalit\u00e4t und Passform kaufen k\u00f6nnen. Wir verwenden die Originalmaterialien, die exakt den Stuttgarter Werksspezifikationen entsprechen; hochwertiger Perlon Filz, Garne und alle notwendigen Pr\u00e4zisionsbefestigungen und -beschl\u00e4ge. Im Gegensatz zu vielen anderen verf\u00fcgt unser Kit auch \u00fcber die richtige Sperrholzverst\u00e4rkung und eine eingen\u00e4hte Verst\u00e4rkungstasche auf der R\u00fcckseite des Mittelteils.<\/p>\n<p>Alle Materialien sind pr\u00e4zisionsgeschnitten, blind gen\u00e4ht und vorgeformt, um eine Werks-Passform zu garantieren.<\/p>\n","protected":false},"excerpt":{"rendered":"<p>Kompletter Kofferraumteppichsatz f\u00fcr alle Porsche 911 und 912 Modelle von 1969 bis 1973.<\/p>\n","protected":false},"featured_media":267097,"template":"","meta":[],"product_cat":[7574],"product_tag":[],"class_list":{"0":"post-272971","1":"product","2":"type-product","3":"status-publish","4":"has-post-thumbnail","6":"product_cat-7574","8":"first","9":"instock","10":"taxable","11":"shipping-taxable","12":"purchasable","13":"product-type-variable","14":"has-product-sample"},"wcpa_form_fields":null,"_links":{"self":[{"href":"https:\/\/www.lakewell.com\/de\/wp-json\/wp\/v2\/product\/272971","targetHints":{"allow":["GET"]}}],"collection":[{"href":"https:\/\/www.lakewell.com\/de\/wp-json\/wp\/v2\/product"}],"about":[{"href":"https:\/\/www.lakewell.com\/de\/wp-json\/wp\/v2\/types\/product"}],"wp:featuredmedia":[{"embeddable":true,"href":"https:\/\/www.lakewell.com\/de\/wp-json\/wp\/v2\/media\/267097"}],"wp:attachment":[{"href":"https:\/\/www.lakewell.com\/de\/wp-json\/wp\/v2\/media?parent=272971"}],"wp:term":[{"taxonomy":"product_cat","embeddable":true,"href":"https:\/\/www.lakewell.com\/de\/wp-json\/wp\/v2\/product_cat?post=272971"},{"taxonomy":"product_tag","embeddable":true,"href":"https:\/\/www.lakewell.com\/de\/wp-json\/wp\/v2\/product_tag?post=272971"}],"curies":[{"name":"wp","href":"https:\/\/api.w.org\/{rel}","templated":true}]}}