{"id":273094,"date":"2021-01-05T15:16:43","date_gmt":"2021-01-05T15:16:43","guid":{"rendered":"https:\/\/staging.lakewell.com\/product\/unkategorisiert\/kofferraumteppichsatz-porsche-993-rs-94-98\/"},"modified":"2022-08-07T11:00:46","modified_gmt":"2022-08-07T11:00:46","slug":"kofferraumteppich-set-porsche-993-rs-94-98","status":"publish","type":"product","link":"https:\/\/www.lakewell.com\/de\/shop\/porsche\/911\/1994-1998\/kofferraumteppich-set-porsche-993-rs-94-98\/","title":{"rendered":"Kofferraumteppichsatz Porsche 993 RS &#8217;94-&#8217;98"},"content":{"rendered":"<p>Kofferraumteppich f\u00fcr Porsche 911 (993) RS \/ RS Replica 1993-1998 (Carrera 2, Carrera 4 und Turbo) mit serienm\u00e4\u00dfigem Kraftstofftank.<\/p>\n<p>Wir verwenden die Originalmaterialien, die den Stuttgarter Werksspezifikationen genau entsprechen; Porsche OEM Strick-Velours, Kanteneinfassung, Klettverschluss, verst\u00e4rktes Perlon-Filz-Tr\u00e4germaterial, integrierte Brettverst\u00e4rkung und alle notwendigen Riemen und Beschl\u00e4ge.<\/p>\n<p>Alle Materialien sind pr\u00e4zise geschnitten, gen\u00e4ht und vorgeformt, um eine authentische Passform zu garantieren.<\/p>\n","protected":false},"excerpt":{"rendered":"<p>Kofferraumteppich f\u00fcr Porsche 993 RS \/ RS Replica von 1993-1998 (Carrera 2, Carrera 4 und Turbo) mit serienm\u00e4\u00dfigem Kraftstofftank.<\/p>\n","protected":false},"featured_media":269238,"template":"","meta":[],"product_cat":[7573,7582],"product_tag":[],"class_list":{"0":"post-273094","1":"product","2":"type-product","3":"status-publish","4":"has-post-thumbnail","6":"product_cat-1994-1998","7":"product_cat-7582","9":"first","10":"instock","11":"taxable","12":"shipping-taxable","13":"purchasable","14":"product-type-variable","15":"has-product-sample"},"wcpa_form_fields":null,"_links":{"self":[{"href":"https:\/\/www.lakewell.com\/de\/wp-json\/wp\/v2\/product\/273094","targetHints":{"allow":["GET"]}}],"collection":[{"href":"https:\/\/www.lakewell.com\/de\/wp-json\/wp\/v2\/product"}],"about":[{"href":"https:\/\/www.lakewell.com\/de\/wp-json\/wp\/v2\/types\/product"}],"wp:featuredmedia":[{"embeddable":true,"href":"https:\/\/www.lakewell.com\/de\/wp-json\/wp\/v2\/media\/269238"}],"wp:attachment":[{"href":"https:\/\/www.lakewell.com\/de\/wp-json\/wp\/v2\/media?parent=273094"}],"wp:term":[{"taxonomy":"product_cat","embeddable":true,"href":"https:\/\/www.lakewell.com\/de\/wp-json\/wp\/v2\/product_cat?post=273094"},{"taxonomy":"product_tag","embeddable":true,"href":"https:\/\/www.lakewell.com\/de\/wp-json\/wp\/v2\/product_tag?post=273094"}],"curies":[{"name":"wp","href":"https:\/\/api.w.org\/{rel}","templated":true}]}}