{"id":273122,"date":"2021-01-05T15:16:54","date_gmt":"2021-01-05T15:16:54","guid":{"rendered":"https:\/\/staging.lakewell.com\/product\/unkategorisiert\/tuerverkleidungen-paar-porsche-993-rs-94-98\/"},"modified":"2022-08-07T11:01:25","modified_gmt":"2022-08-07T11:01:25","slug":"turverkleidungen-paar-porsche-993-rs-94-98-2","status":"publish","type":"product","link":"https:\/\/www.lakewell.com\/de\/shop\/porsche\/911\/1994-1998\/turverkleidungen-paar-porsche-993-rs-94-98-2\/","title":{"rendered":"T\u00fcrverkleidungen (Paar) Porsche 993 RS &#8217;94-&#8217;98"},"content":{"rendered":"<p>Komplette einbaufertige Leichtbau-T\u00fcrverkleidungen (Paar) f\u00fcr Porsche 993 RS und RS America Modelle &#8217;94-&#8217;98, komplett mit originalen T\u00fcrgriffen, Zuglaschen und Zierkappen.<\/p>\n<p>Unsere T\u00fcrverkleidungen mit RS-Spezifikation geh\u00f6ren zu den besten, die Sie in Bezug auf Originalit\u00e4t und Passform kaufen k\u00f6nnen. Wir folgen die Stuttgarter Werksvorgaben Schritt f\u00fcr Schritt; aus klassischem genarbtem Kunstleder, vibrationsd\u00e4mpfender Schaumstoff, leichte wasserabweisende Tr\u00e4gerplatte, originale 993 RS-T\u00fcrgriffe, gewebte Zugriemen, alles mit OEM-Zierkappen versehen. Alle Platten sind pr\u00e4zisionsgeschnitten und druckverklebt, um eine werksechte Passform zu garantieren.<\/p>\n<p>Die T\u00fcrverkleidungen werden mit Montagesatz geliefert. Das Kit enth\u00e4lt 6 Faltmuttern, 6 Schrauben und 6 OEM-Zierkappen. Bitte beachten Sie, dass die T\u00fcrverkleidungsclips nicht im Lieferumfang enthalten sind.<\/p>\n<p>Zugb\u00e4nder sind in den Farben Schwarz, Rot, Gelb und Maritimes Blau erh\u00e4ltlich.<\/p>\n","protected":false},"excerpt":{"rendered":"<p>Komplette einbaufertige Leichtbau-T\u00fcrverkleidungen (Paar) f\u00fcr Porsche 993 RS und RS America Modelle &#8217;94-&#8217;98, komplett mit originalen T\u00fcrgriffen, Zuglaschen und Zierkappen.<\/p>\n","protected":false},"featured_media":269244,"template":"","meta":[],"product_cat":[7573,7582],"product_tag":[],"class_list":{"0":"post-273122","1":"product","2":"type-product","3":"status-publish","4":"has-post-thumbnail","6":"product_cat-1994-1998","7":"product_cat-7582","9":"first","10":"instock","11":"taxable","12":"shipping-taxable","13":"purchasable","14":"product-type-variable","15":"has-product-sample"},"wcpa_form_fields":null,"_links":{"self":[{"href":"https:\/\/www.lakewell.com\/de\/wp-json\/wp\/v2\/product\/273122","targetHints":{"allow":["GET"]}}],"collection":[{"href":"https:\/\/www.lakewell.com\/de\/wp-json\/wp\/v2\/product"}],"about":[{"href":"https:\/\/www.lakewell.com\/de\/wp-json\/wp\/v2\/types\/product"}],"wp:featuredmedia":[{"embeddable":true,"href":"https:\/\/www.lakewell.com\/de\/wp-json\/wp\/v2\/media\/269244"}],"wp:attachment":[{"href":"https:\/\/www.lakewell.com\/de\/wp-json\/wp\/v2\/media?parent=273122"}],"wp:term":[{"taxonomy":"product_cat","embeddable":true,"href":"https:\/\/www.lakewell.com\/de\/wp-json\/wp\/v2\/product_cat?post=273122"},{"taxonomy":"product_tag","embeddable":true,"href":"https:\/\/www.lakewell.com\/de\/wp-json\/wp\/v2\/product_tag?post=273122"}],"curies":[{"name":"wp","href":"https:\/\/api.w.org\/{rel}","templated":true}]}}