{"id":273174,"date":"2021-01-05T15:27:03","date_gmt":"2021-01-05T15:27:03","guid":{"rendered":"https:\/\/staging.lakewell.com\/product\/unkategorisiert\/innenraum-teppichsatz-porsche-912-69\/"},"modified":"2022-08-07T07:50:51","modified_gmt":"2022-08-07T07:50:51","slug":"innenraum-teppichsatz-porsche-912-69","status":"publish","type":"product","link":"https:\/\/www.lakewell.com\/de\/shop\/porsche\/912\/innenraum-teppichsatz-porsche-912-69\/","title":{"rendered":"Innenraum Teppichsatz Porsche 912 &#8217;69"},"content":{"rendered":"<p>Kompletter 16-teiliger Teppichsatz f\u00fcr Porsche 911 und 912 Targa \/ Coupe Modelle mit langem Radstand (LWB), 1969-1973. Unsere handgefertigten Teppichsets geh\u00f6ren zu den besten, die Sie in Bezug auf Originalit\u00e4t und Passform kaufen k\u00f6nnen. Wir halten uns genau an die Stuttgarter Werksspezifikationen; von Materialien, Farben, N\u00e4hten, Randeinfassungen bis hin zu Kn\u00f6pfen und Absatzschutzmatte.<\/p>\n<p>Wir verwenden einen hochwertigen Velours, der in den g\u00e4ngigsten Originalfarben erh\u00e4ltlich ist: Charcoal (\u201ePepper &amp; Salt\u201c), schwarzer, beige, brauner, hellbrauner, dunkelblauer und roter Velours. Das typische &#8216;Pepper &amp; Salt&#8217; gibt es auch im original gewebten Haargarn-Velours (100% Wolle, OEM)<\/p>\n<p>F\u00fcr RS- oder RS-Replikatmodelle fertigen wir auch ein spezielles 17-teiliges Teppichset aus OEM-leichtem Charcoal Perlon Felt. Auf Wunsch kann dieses Teppich-Set in kontrastierender Kanteneinfassung ausgef\u00fchrt werden.<\/p>\n<p>Das Set wird mit leicht verst\u00e4ndlichen Schritt-f\u00fcr-Schritt-Installationsanleitunge und Bildern geliefert. Die Installation erfordert keine speziellen Werkzeuge und liegt im Bereich der F\u00e4higkeiten eines Hobbymechanikers.<\/p>\n","protected":false},"excerpt":{"rendered":"<p>Kompletter 16-teiliger Teppichsatz f\u00fcr Porsche 911 und 912 Targa \/ Coupe Modelle mit langem Radstand (LWB), 1969-1973. Auch als 17-teiliges Teppichset f\u00fcr RS- oder RS-Replica-Modelle in OEM-Leichtperlon-Filz erh\u00e4ltlich.<\/p>\n","protected":false},"featured_media":278358,"template":"","meta":[],"product_cat":[7574],"product_tag":[],"class_list":{"0":"post-273174","1":"product","2":"type-product","3":"status-publish","4":"has-post-thumbnail","6":"product_cat-7574","8":"first","9":"instock","10":"taxable","11":"shipping-taxable","12":"purchasable","13":"product-type-variable"},"wcpa_form_fields":null,"_links":{"self":[{"href":"https:\/\/www.lakewell.com\/de\/wp-json\/wp\/v2\/product\/273174","targetHints":{"allow":["GET"]}}],"collection":[{"href":"https:\/\/www.lakewell.com\/de\/wp-json\/wp\/v2\/product"}],"about":[{"href":"https:\/\/www.lakewell.com\/de\/wp-json\/wp\/v2\/types\/product"}],"wp:featuredmedia":[{"embeddable":true,"href":"https:\/\/www.lakewell.com\/de\/wp-json\/wp\/v2\/media\/278358"}],"wp:attachment":[{"href":"https:\/\/www.lakewell.com\/de\/wp-json\/wp\/v2\/media?parent=273174"}],"wp:term":[{"taxonomy":"product_cat","embeddable":true,"href":"https:\/\/www.lakewell.com\/de\/wp-json\/wp\/v2\/product_cat?post=273174"},{"taxonomy":"product_tag","embeddable":true,"href":"https:\/\/www.lakewell.com\/de\/wp-json\/wp\/v2\/product_tag?post=273174"}],"curies":[{"name":"wp","href":"https:\/\/api.w.org\/{rel}","templated":true}]}}