{"id":278577,"date":"2021-01-04T23:49:09","date_gmt":"2021-01-04T23:49:09","guid":{"rendered":"https:\/\/staging.lakewell.com\/product\/unkategorisiert\/targa-top-heckklapparm-porsche-911-70-73\/"},"modified":"2022-08-07T11:02:53","modified_gmt":"2022-08-07T11:02:53","slug":"targa-top-strebe-hinten-porsche-911-70-73","status":"publish","type":"product","link":"https:\/\/www.lakewell.com\/de\/shop\/porsche\/911\/1969-1973\/targa-top-strebe-hinten-porsche-911-70-73\/","title":{"rendered":"Targa Dach Strebe hinten Porsche 911 &#8217;70-73"},"content":{"rendered":"<p><span lang=\"EN-GB\">Targa Dach Strebe hinten (Klapparm) f\u00fcr Porsche 911 Modelle 1970-1973. <\/span><span lang=\"EN-GB\">Dies ist eine sehr sch\u00f6ne Reproduktion nach OEM-Spezifikation in einer hochfesten Legierung. <span lang=\"EN-GB\">Erh\u00e4ltlich f\u00fcr hinten links und hinten rechts<\/span><\/span><\/p>\n<p><span lang=\"EN-GB\">Arme des oberen Targa-Rahmens brechen h\u00e4ufig an den Scharnierpunkten aufgrund von Metallerm\u00fcdung und der Verwendung einer spr\u00f6den Legierung im Original. Unser oberer Targa-Rahmenarm ist aus einer \u00fcberlegenen Mg-Al-Legierung mit einer Zugfestigkeit von mehr als 300 % h\u00f6her als das Original. <\/span><\/p>\n<p><span lang=\"EN-GB\">Entworfen und entwickelt mit modernster 3D-Technologie. Die Form der Strebe ist dem Original perfekt nachempfunden. Alle \u00d6ffnungen sind auf exakte Toleranzen CNC-gefr\u00e4st. <\/span><\/p>\n<p><span lang=\"EN-GB\"><span lang=\"EN-GB\">Ersetzt folgende OEM-Teilenummern:<\/span><\/span><\/p>\n<p><span lang=\"EN-GB\"><span lang=\"EN-GB\">Targa Dachrahmen 911 70-73, hinten links 901.565.211.45<br \/>\n<span lang=\"EN-GB\"><span lang=\"EN-GB\"><span lang=\"EN-GB\"><span lang=\"EN-GB\"><span lang=\"EN-GB\"><span lang=\"EN-GB\"><span lang=\"EN-GB\">Targa Dachrahmen 911 70-73, hinten rechts 901.565.212.45<br \/>\n<span lang=\"EN-GB\">Targa Dachrahmen 911 74-85, hinten links 901.565.211.45<br \/>\n<span lang=\"EN-GB\">Targa Dachrahmen 911 74-85, hinten rechts 901.565.212.40<\/span> <\/span><\/span><\/span><\/span><\/span><\/span><\/span><\/span><\/span><\/span><\/p>\n<p><span lang=\"EN-GB\"><span lang=\"EN-GB\"><span lang=\"EN-GB\"><span lang=\"EN-GB\"><span lang=\"EN-GB\"><span lang=\"EN-GB\"><span lang=\"EN-GB\"><span lang=\"EN-GB\"><span lang=\"EN-GB\"><span lang=\"EN-GB\"><span lang=\"EN-GB\"><span lang=\"EN-GB\">Wir garantieren werksgetreue Optik, Passform und Funktion. <\/span><\/span><span lang=\"EN-GB\"><span lang=\"EN-GB\"><span lang=\"EN-GB\"><span lang=\"EN-GB\"><span lang=\"EN-GB\"><span lang=\"EN-GB\"><span lang=\"EN-GB\"><span lang=\"EN-GB\"><span lang=\"EN-GB\"><span lang=\"EN-GB\"><br \/>\n<\/span><\/span><\/span><\/span><\/span><\/span><\/span><\/span><\/span><\/span><\/span><\/span><\/span><\/span><\/span><\/span><\/span><\/span><\/span><\/span><\/p>\n<p><span lang=\"EN-GB\">Erh\u00e4ltlich f\u00fcr hinten links und hinten rechts<\/span> .<\/p>\n<p>Verkauft pro St\u00fcck.<\/p>\n","protected":false},"excerpt":{"rendered":"<p>Targa Top Strebe hinten (Klapparm) f\u00fcr Porsche 911 Modelle 1970-1973. Dies ist eine sehr sch\u00f6ne Reproduktion nach OEM-Spezifikation in einer hochfesten Legierung. Erh\u00e4ltlich f\u00fcr links-hinten und rechts-hinten.<\/p>\n","protected":false},"featured_media":278446,"template":"","meta":[],"product_cat":[7547,9004],"product_tag":[],"class_list":{"0":"post-278577","1":"product","2":"type-product","3":"status-publish","4":"has-post-thumbnail","6":"product_cat-1969-1973","7":"product_cat-sonderangebote","9":"first","10":"instock","11":"taxable","12":"shipping-taxable","13":"purchasable","14":"product-type-variable"},"wcpa_form_fields":null,"_links":{"self":[{"href":"https:\/\/www.lakewell.com\/de\/wp-json\/wp\/v2\/product\/278577","targetHints":{"allow":["GET"]}}],"collection":[{"href":"https:\/\/www.lakewell.com\/de\/wp-json\/wp\/v2\/product"}],"about":[{"href":"https:\/\/www.lakewell.com\/de\/wp-json\/wp\/v2\/types\/product"}],"wp:featuredmedia":[{"embeddable":true,"href":"https:\/\/www.lakewell.com\/de\/wp-json\/wp\/v2\/media\/278446"}],"wp:attachment":[{"href":"https:\/\/www.lakewell.com\/de\/wp-json\/wp\/v2\/media?parent=278577"}],"wp:term":[{"taxonomy":"product_cat","embeddable":true,"href":"https:\/\/www.lakewell.com\/de\/wp-json\/wp\/v2\/product_cat?post=278577"},{"taxonomy":"product_tag","embeddable":true,"href":"https:\/\/www.lakewell.com\/de\/wp-json\/wp\/v2\/product_tag?post=278577"}],"curies":[{"name":"wp","href":"https:\/\/api.w.org\/{rel}","templated":true}]}}