{"id":278676,"date":"2021-01-05T00:38:18","date_gmt":"2021-01-05T00:38:18","guid":{"rendered":"https:\/\/staging.lakewell.com\/product\/unkategorisiert\/sportomatic-fahrertrittbrett-porsche-911-67-73\/"},"modified":"2022-08-07T10:56:26","modified_gmt":"2022-08-07T10:56:26","slug":"sportomatic-fahrer-trittbrett-porsche-911-67-73","status":"publish","type":"product","link":"https:\/\/www.lakewell.com\/de\/shop\/porsche\/911\/1965-1968\/sportomatic-fahrer-trittbrett-porsche-911-67-73\/","title":{"rendered":"Fahrer Bodenbrett Sportomatic Porsche 911 &#8217;67-&#8217;73"},"content":{"rendered":"<p>Pedalbodenbrett f\u00fcr alle Porsche 911 Modelle mit Sportomatic Getriebe (Typ 905 und 925) von 1967-1973. Dies ist eine sch\u00f6ne OEM-Spezifikationsplatte aus laminiertem Birkenholz, erh\u00e4ltlich f\u00fcr Targa- und Coup\u00e9-Modelle. Identisch mit Porsche Teile-Nr. 905 551 063 20 (Coupe) und 905 551 063 40 (Targa)<\/p>\n<p>Unser Pedalboden ist wie das Original aus formgepresstem Birkenschichtholz gefertigt. Die Bretter werden mehrlagig verleimt, anschlie\u00dfend formgepresst und im exakten Winkel gebogen. Alle \u00d6ffnungen und Kanten sind CNC-bearbeitet, um eine originalgetreue Passform und Verarbeitung zu gew\u00e4hrleisten.<\/p>\n<p>\u00dcbertragen Sie zum Einbau einfach den Beschleunigeranschlag von Ihrem alten Board.<\/p>\n<p>Nur f\u00fcr LHD-Fahrzeuge erh\u00e4ltlich.<\/p>\n","protected":false},"excerpt":{"rendered":"<p>Pedalbodenbrett f\u00fcr alle Porsche 911 Modelle mit Sportomatic Getriebe (Typ 905 und 925) von 1967-1973. Dies ist eine sch\u00f6ne OEM-Spezifikationsplatte aus laminiertem Birkenholz, erh\u00e4ltlich f\u00fcr Targa- und Coup\u00e9-Modelle.<\/p>\n","protected":false},"featured_media":278544,"template":"","meta":[],"product_cat":[7545,7547],"product_tag":[],"class_list":{"0":"post-278676","1":"product","2":"type-product","3":"status-publish","4":"has-post-thumbnail","6":"product_cat-1965-1968","7":"product_cat-1969-1973","9":"first","10":"instock","11":"taxable","12":"shipping-taxable","13":"purchasable","14":"product-type-variable"},"wcpa_form_fields":null,"_links":{"self":[{"href":"https:\/\/www.lakewell.com\/de\/wp-json\/wp\/v2\/product\/278676","targetHints":{"allow":["GET"]}}],"collection":[{"href":"https:\/\/www.lakewell.com\/de\/wp-json\/wp\/v2\/product"}],"about":[{"href":"https:\/\/www.lakewell.com\/de\/wp-json\/wp\/v2\/types\/product"}],"wp:featuredmedia":[{"embeddable":true,"href":"https:\/\/www.lakewell.com\/de\/wp-json\/wp\/v2\/media\/278544"}],"wp:attachment":[{"href":"https:\/\/www.lakewell.com\/de\/wp-json\/wp\/v2\/media?parent=278676"}],"wp:term":[{"taxonomy":"product_cat","embeddable":true,"href":"https:\/\/www.lakewell.com\/de\/wp-json\/wp\/v2\/product_cat?post=278676"},{"taxonomy":"product_tag","embeddable":true,"href":"https:\/\/www.lakewell.com\/de\/wp-json\/wp\/v2\/product_tag?post=278676"}],"curies":[{"name":"wp","href":"https:\/\/api.w.org\/{rel}","templated":true}]}}