{"id":278917,"date":"2021-01-04T22:06:17","date_gmt":"2021-01-04T22:06:17","guid":{"rendered":"https:\/\/staging.lakewell.com\/product\/unkategorisiert\/kofferraumabdeckung-jaguar-xke-s1-s2-ots-61-71\/"},"modified":"2022-08-07T10:59:25","modified_gmt":"2022-08-07T10:59:25","slug":"stiefelabdeckung-jaguar-xke-s1-s2-ots-61-71","status":"publish","type":"product","link":"https:\/\/www.lakewell.com\/de\/shop\/jaguar\/e-type\/s1-1961-1968\/ots\/stiefelabdeckung-jaguar-xke-s1-s2-ots-61-71\/","title":{"rendered":"Persenning Jaguar XKE S1-S2 OTS &#8217;61-&#8217;71"},"content":{"rendered":"<p>Komplette Persenning f\u00fcr Jaguar XKE Roadster, 1961-1968 (Serie 1 und 1.5) und 1968-1971 (Serie 2). Dies ist ein wundersch\u00f6nes Teil nach OEM-Spezifikation, das in Schwarz, Dunkelblau und Beige &#8220;Sonnenland Classic&#8221; Mohair erh\u00e4ltlich ist. Passt perfekt zu unserem Verdeck.<\/p>\n<p>Unsere Persenning geh\u00f6rt zu den besten, die Sie in Bezug auf Originalit\u00e4t und Passform kaufen k\u00f6nnen. Wir verwenden hochwertige &#8220;Sonnenland Classic&#8221; Verdeckstoff (Mohair), farbkodierte Kantenbindungsleinwand. Die Kofferraumabdeckung wird mit lederbezogenen Stahlhaken zur Befestigung an Ihrem Verdeckrahmen geliefert. Alle Materialien sind pr\u00e4zise geschnitten, gen\u00e4ht und Randgebunden, um eine werksechte Passform zu garantieren.<\/p>\n<p>Um sicherzustellen, dass unsere Kofferraumabdeckung sowohl auf originalen als auch auf ersetzten Verdecken perfekt passt, werden Befestigungshaken mit der Abdeckung geliefert, aber nicht vormontiert.<\/p>\n","protected":false},"excerpt":{"rendered":"<p>Komplette Persenning f\u00fcr Jaguar XKE Roadster, 1961-1968 (Serie 1 und 1.5) und 1968-1971 (Serie 2). Dies ist ein wundersch\u00f6nes Teil nach OEM-Spezifikation, das in Schwarz, Dunkelblau und Beige &#8220;Sonnenland Classic&#8221; Mohair erh\u00e4ltlich ist. Passt perfekt zu unserem Verdeck.<\/p>\n","protected":false},"featured_media":278918,"template":"","meta":[],"product_cat":[7487,7496],"product_tag":[],"class_list":{"0":"post-278917","1":"product","2":"type-product","3":"status-publish","4":"has-post-thumbnail","6":"product_cat-ots","7":"product_cat-xke-ots-s2","9":"first","10":"instock","11":"taxable","12":"shipping-taxable","13":"purchasable","14":"product-type-variable","15":"has-product-sample"},"wcpa_form_fields":null,"_links":{"self":[{"href":"https:\/\/www.lakewell.com\/de\/wp-json\/wp\/v2\/product\/278917","targetHints":{"allow":["GET"]}}],"collection":[{"href":"https:\/\/www.lakewell.com\/de\/wp-json\/wp\/v2\/product"}],"about":[{"href":"https:\/\/www.lakewell.com\/de\/wp-json\/wp\/v2\/types\/product"}],"wp:featuredmedia":[{"embeddable":true,"href":"https:\/\/www.lakewell.com\/de\/wp-json\/wp\/v2\/media\/278918"}],"wp:attachment":[{"href":"https:\/\/www.lakewell.com\/de\/wp-json\/wp\/v2\/media?parent=278917"}],"wp:term":[{"taxonomy":"product_cat","embeddable":true,"href":"https:\/\/www.lakewell.com\/de\/wp-json\/wp\/v2\/product_cat?post=278917"},{"taxonomy":"product_tag","embeddable":true,"href":"https:\/\/www.lakewell.com\/de\/wp-json\/wp\/v2\/product_tag?post=278917"}],"curies":[{"name":"wp","href":"https:\/\/api.w.org\/{rel}","templated":true}]}}