{"id":278953,"date":"2021-01-04T21:28:18","date_gmt":"2021-01-04T19:28:18","guid":{"rendered":"https:\/\/staging.lakewell.com\/product\/unkategorisiert\/innenteppichset-tvr-s-serie-86-93\/"},"modified":"2022-08-06T22:55:51","modified_gmt":"2022-08-06T22:55:51","slug":"innenraum-teppichsatz-tvr-s-serie-86-93","status":"publish","type":"product","link":"https:\/\/www.lakewell.com\/de\/shop\/tvr\/s-series\/innenraum-teppichsatz-tvr-s-serie-86-93\/","title":{"rendered":"Innenraum Teppichsatz TVR S Serie &#8217;86-&#8217;93"},"content":{"rendered":"<p>Komplettes 24-teiliges Teppichset f\u00fcr alle TVR S1, S2, S3, S3C, S4C und SV8 Modelle von 1986-1993.<\/p>\n<p>W\u00e4hrend des gesamten Produktionsprozesses halten wir uns eng an die Werksspezifikationen von Blackpool; von Steppn\u00e4hten, Kantenbindungen bis hin zu Einrichtungsgegenst\u00e4nden und Beschl\u00e4gen. Alle Materialien sind pr\u00e4zisionsgeschnitten, druckgeklebt und vorgeformt, um eine originalgetreue Passform zu garantieren.<\/p>\n<p>Wir verwenden hochwertige Velours aus einem Woll-Nylon-Gemisch, die in den g\u00e4ngigsten Farben erh\u00e4ltlich sind; Schwarz, Grau, Rot, Dunkelblau (nicht Marine), Magnolia, Beige, Biscuit und Tan. Bei Bedarf k\u00f6nnen wir dieses Teppichset auch mit Kontrastpaspeln anfertigen (bitte bei der Bestellung im Listenfeld &#8216;custom&#8217; w\u00e4hlen).<\/p>\n<p>Die Installation erfordert keine speziellen Werkzeuge und liegt im Bereich der F\u00e4higkeiten eines Hobbymechanikers.<\/p>\n","protected":false},"excerpt":{"rendered":"<p>Komplettes 24-teiliges Teppichset f\u00fcr alle TVR S1, S2, S3, S3C, S4C und SV8 Modelle von 1986-1993.<\/p>\n","protected":false},"featured_media":278954,"template":"","meta":[],"product_cat":[7599],"product_tag":[],"class_list":{"0":"post-278953","1":"product","2":"type-product","3":"status-publish","4":"has-post-thumbnail","6":"product_cat-s-series","8":"first","9":"instock","10":"taxable","11":"shipping-taxable","12":"purchasable","13":"product-type-variable","14":"has-product-sample"},"wcpa_form_fields":null,"_links":{"self":[{"href":"https:\/\/www.lakewell.com\/de\/wp-json\/wp\/v2\/product\/278953","targetHints":{"allow":["GET"]}}],"collection":[{"href":"https:\/\/www.lakewell.com\/de\/wp-json\/wp\/v2\/product"}],"about":[{"href":"https:\/\/www.lakewell.com\/de\/wp-json\/wp\/v2\/types\/product"}],"wp:featuredmedia":[{"embeddable":true,"href":"https:\/\/www.lakewell.com\/de\/wp-json\/wp\/v2\/media\/278954"}],"wp:attachment":[{"href":"https:\/\/www.lakewell.com\/de\/wp-json\/wp\/v2\/media?parent=278953"}],"wp:term":[{"taxonomy":"product_cat","embeddable":true,"href":"https:\/\/www.lakewell.com\/de\/wp-json\/wp\/v2\/product_cat?post=278953"},{"taxonomy":"product_tag","embeddable":true,"href":"https:\/\/www.lakewell.com\/de\/wp-json\/wp\/v2\/product_tag?post=278953"}],"curies":[{"name":"wp","href":"https:\/\/api.w.org\/{rel}","templated":true}]}}