{"id":279047,"date":"2021-01-04T21:34:05","date_gmt":"2021-01-04T21:34:05","guid":{"rendered":"https:\/\/staging.lakewell.com\/product\/unkategorisiert\/polsterspruehkleber-allgemeine-verwendung\/"},"modified":"2022-08-06T22:56:03","modified_gmt":"2022-08-06T22:56:03","slug":"polster-spray-kleber-allgemeine-verwendung","status":"publish","type":"product","link":"https:\/\/www.lakewell.com\/de\/shop\/materialien-zubehor\/klebstoffe\/polster-spray-kleber-allgemeine-verwendung\/","title":{"rendered":"Autosattler Spr\u00fchkleber (Allgemeine Verwendung)"},"content":{"rendered":"<p>Autosattler Spr\u00fchkleber ist ein Klebstoff auf SBR-Basis, der in Spraydosen von 500 ml erh\u00e4ltlich ist. Dieser Kleber ist f\u00fcr die Verlegung von Teppichen, Polstern, Leder, Gummi und anderen Ziermaterialien geeignet, die keinen hohen Temperaturen (unter 60 \u00b0C) ausgesetzt sind.<\/p>\n<p>Dies ist ein nicht aush\u00e4rtender Klebstoff, der einfach und schnell aufgetragen werden kann, da er das Entfernen\/Neupositionieren von Innenteilen nach dem ersten Kontakt erm\u00f6glicht.<\/p>\n<p><strong>WICHTIG<\/strong> : Als Faustregel gilt, dass Sie pro 8-10 St\u00fcck Teppichboden eine Dose zum Kleben ben\u00f6tigen. Die meisten Teppichsets ben\u00f6tigen daher 2-3 Dosen. Bitte \u00fcberpr\u00fcfen Sie Ihre Bestellung und geben Sie unten die erforderliche Menge an.<\/p>\n<p>Dieses Produkt kann aufgrund von Luftfrachtbeschr\u00e4nkungen nicht au\u00dferhalb Europas verkauft werden.<\/p>\n","protected":false},"excerpt":{"rendered":"<p>Autosattler Spr\u00fchkleber ist ein Klebstoff auf SBR-Basis, der in Spraydosen von 500 ml erh\u00e4ltlich ist. Geeignet f\u00fcr die Verlegung von Teppichb\u00f6den und anderen Verkleidungsmaterialien, die keinen hohen Temperaturen ausgesetzt sind.<\/p>\n","protected":false},"featured_media":279048,"template":"","meta":[],"product_cat":[7516],"product_tag":[],"class_list":{"0":"post-279047","1":"product","2":"type-product","3":"status-publish","4":"has-post-thumbnail","6":"product_cat-klebstoffe","8":"first","9":"instock","10":"taxable","11":"shipping-taxable","12":"purchasable","13":"product-type-simple"},"wcpa_form_fields":null,"_links":{"self":[{"href":"https:\/\/www.lakewell.com\/de\/wp-json\/wp\/v2\/product\/279047","targetHints":{"allow":["GET"]}}],"collection":[{"href":"https:\/\/www.lakewell.com\/de\/wp-json\/wp\/v2\/product"}],"about":[{"href":"https:\/\/www.lakewell.com\/de\/wp-json\/wp\/v2\/types\/product"}],"wp:featuredmedia":[{"embeddable":true,"href":"https:\/\/www.lakewell.com\/de\/wp-json\/wp\/v2\/media\/279048"}],"wp:attachment":[{"href":"https:\/\/www.lakewell.com\/de\/wp-json\/wp\/v2\/media?parent=279047"}],"wp:term":[{"taxonomy":"product_cat","embeddable":true,"href":"https:\/\/www.lakewell.com\/de\/wp-json\/wp\/v2\/product_cat?post=279047"},{"taxonomy":"product_tag","embeddable":true,"href":"https:\/\/www.lakewell.com\/de\/wp-json\/wp\/v2\/product_tag?post=279047"}],"curies":[{"name":"wp","href":"https:\/\/api.w.org\/{rel}","templated":true}]}}