{"id":279154,"date":"2021-01-04T21:06:17","date_gmt":"2021-01-04T21:06:17","guid":{"rendered":"https:\/\/staging.lakewell.com\/product\/unkategorisiert\/innenraumteppichsatz-bmw-1600-gt-und-glas-1300-1700-gt-63-68\/"},"modified":"2022-08-07T11:00:48","modified_gmt":"2022-08-07T11:00:48","slug":"innenraum-teppichsatz-bmw-1600-gt-und-glas-13001700-gt-63-68","status":"publish","type":"product","link":"https:\/\/www.lakewell.com\/de\/shop\/bmw\/innenraum-teppichsatz-bmw-1600-gt-und-glas-13001700-gt-63-68\/","title":{"rendered":"Innenraum Teppichsatz BMW 1600 GT und Glas 1300\/1700 GT &#8217;63-&#8217;68"},"content":{"rendered":"<p>Kompletter Innenraumteppichsatz f\u00fcr BMW 1600 GT, Glas 1300 GT und Glas 1700 GT Coup\u00e9 Modelle von 1963-1968. Aus hochwertiger schwarz\/grauer zweifarbiger Schlinge wie beim Original.<\/p>\n<p>W\u00e4hrend des gesamten Produktionsprozesses halten wir uns eng an die M\u00fcnchner Werksspezifikationen; von N\u00e4hten, Randeinfassungen bis hin zu Verst\u00e4rkungen und Absatzschutzmatte. Alle Materialien sind pr\u00e4zisionsgeschnitten, druckgeklebt und vorgeformt, um eine originalgetreue Passform zu garantieren.<\/p>\n<p>Wir fertigen dieses Teppichset in einer hochwertigen schwarz\/grauen zweifarbigen Schlinge (Boucl\u00e9) als Original. Andere Farben auf Anfrage erh\u00e4ltlich. Nicht geeignet f\u00fcr Cabriolet-Modelle.<\/p>\n<p>Die Installation erfordert keine speziellen Werkzeuge und liegt im Bereich der F\u00e4higkeiten eines Hobbymechanikers.<\/p>\n","protected":false},"excerpt":{"rendered":"<p>Kompletter Innenraumteppichsatz f\u00fcr BMW 1600 GT, Glas 1300 GT und Glas 1700 GT Coup\u00e9 Modelle von 1963-1968. Aus hochwertiger schwarz\/grauer zweifarbiger Schlinge wie beim Original<\/p>\n","protected":false},"featured_media":279156,"template":"","meta":[],"product_cat":[7470],"product_tag":[],"class_list":{"0":"post-279154","1":"product","2":"type-product","3":"status-publish","4":"has-post-thumbnail","6":"product_cat-bmw","8":"first","9":"instock","10":"taxable","11":"shipping-taxable","12":"purchasable","13":"product-type-variable","14":"has-product-sample"},"wcpa_form_fields":null,"_links":{"self":[{"href":"https:\/\/www.lakewell.com\/de\/wp-json\/wp\/v2\/product\/279154","targetHints":{"allow":["GET"]}}],"collection":[{"href":"https:\/\/www.lakewell.com\/de\/wp-json\/wp\/v2\/product"}],"about":[{"href":"https:\/\/www.lakewell.com\/de\/wp-json\/wp\/v2\/types\/product"}],"wp:featuredmedia":[{"embeddable":true,"href":"https:\/\/www.lakewell.com\/de\/wp-json\/wp\/v2\/media\/279156"}],"wp:attachment":[{"href":"https:\/\/www.lakewell.com\/de\/wp-json\/wp\/v2\/media?parent=279154"}],"wp:term":[{"taxonomy":"product_cat","embeddable":true,"href":"https:\/\/www.lakewell.com\/de\/wp-json\/wp\/v2\/product_cat?post=279154"},{"taxonomy":"product_tag","embeddable":true,"href":"https:\/\/www.lakewell.com\/de\/wp-json\/wp\/v2\/product_tag?post=279154"}],"curies":[{"name":"wp","href":"https:\/\/api.w.org\/{rel}","templated":true}]}}