{"id":279253,"date":"2017-09-05T00:11:34","date_gmt":"2017-09-05T00:11:34","guid":{"rendered":"https:\/\/staging.lakewell.com\/product\/unkategorisiert\/kofferraumteppichsatz-mercedes-280-350-450-sl-r107-74-85\/"},"modified":"2022-08-06T22:56:04","modified_gmt":"2022-08-06T22:56:04","slug":"kofferraum-teppich-set-mercedes-280-350-450-sl-r107-74-85","status":"publish","type":"product","link":"https:\/\/www.lakewell.com\/de\/shop\/mercedes\/w107-71-89\/kofferraum-teppich-set-mercedes-280-350-450-sl-r107-74-85\/","title":{"rendered":"Kofferraumteppichsatz Mercedes 280\/ 350\/ 450 SL (R107) &#8217;74-&#8217;85"},"content":{"rendered":"<p>Komplettes 7-teiliges Kofferraumteppich-Set f\u00fcr alle Mercedes 280\/350\/450 SL Modelle (Roadster) der Baureihe 107 1974-1985.<\/p>\n<p>Unsere handgefertigten Teppichsets geh\u00f6ren zu den besten, die Sie in Bezug auf Originalit\u00e4t und Passform kaufen k\u00f6nnen. W\u00e4hrend des gesamten Produktionsprozesses halten wir uns eng an die Werksspezifikationen; von N\u00e4hten, Randeinfassungen bis hin zu Verst\u00e4rkungen und Absatzschutzmatte. Die Teppichteile, die das Reserverad und den Kofferraumverriegelungsmechanismus bedecken, wurden formgen\u00e4ht, um das Original zu replizieren. Alle Materialien sind pr\u00e4zisionsgeschnitten, druckgeklebt und vorgeformt, um eine originalgetreue Passform zu garantieren.<\/p>\n<p>Wir verwenden hochwertige Velours aus einer Woll\/Nylon-Mischung, die in den meisten Originalfarben erh\u00e4ltlich ist; Schwarz, Grau, Rot, Dunkelblau, Marineblau, Magnolie, Beige, Biscuit und Tan.<\/p>\n<p>Die Installation erfordert keine speziellen Werkzeuge und liegt im Bereich der F\u00e4higkeiten eines Hobbymechanikers.<\/p>\n","protected":false},"excerpt":{"rendered":"<p>Komplettes 7-teiliges Kofferraumteppich-Set f\u00fcr alle Mercedes 280\/350\/450 SL Modelle der Baureihe 107 1974-1985.<\/p>\n","protected":false},"featured_media":279269,"template":"","meta":[],"product_cat":[7534],"product_tag":[],"class_list":{"0":"post-279253","1":"product","2":"type-product","3":"status-publish","4":"has-post-thumbnail","6":"product_cat-w107-71-89","8":"first","9":"instock","10":"taxable","11":"shipping-taxable","12":"purchasable","13":"product-type-variable","14":"has-product-sample"},"wcpa_form_fields":null,"_links":{"self":[{"href":"https:\/\/www.lakewell.com\/de\/wp-json\/wp\/v2\/product\/279253","targetHints":{"allow":["GET"]}}],"collection":[{"href":"https:\/\/www.lakewell.com\/de\/wp-json\/wp\/v2\/product"}],"about":[{"href":"https:\/\/www.lakewell.com\/de\/wp-json\/wp\/v2\/types\/product"}],"wp:featuredmedia":[{"embeddable":true,"href":"https:\/\/www.lakewell.com\/de\/wp-json\/wp\/v2\/media\/279269"}],"wp:attachment":[{"href":"https:\/\/www.lakewell.com\/de\/wp-json\/wp\/v2\/media?parent=279253"}],"wp:term":[{"taxonomy":"product_cat","embeddable":true,"href":"https:\/\/www.lakewell.com\/de\/wp-json\/wp\/v2\/product_cat?post=279253"},{"taxonomy":"product_tag","embeddable":true,"href":"https:\/\/www.lakewell.com\/de\/wp-json\/wp\/v2\/product_tag?post=279253"}],"curies":[{"name":"wp","href":"https:\/\/api.w.org\/{rel}","templated":true}]}}