{"id":279326,"date":"2013-02-13T19:22:49","date_gmt":"2013-02-13T19:22:49","guid":{"rendered":"https:\/\/staging.lakewell.com\/product\/unkategorisiert\/sitzpolster-paar-jaguar-xke-e-type-s1-3-8-61-64\/"},"modified":"2022-08-07T07:54:03","modified_gmt":"2022-08-07T07:54:03","slug":"sitzpolster-jaguar-xke-e-type-s1-3-8-61-64-2","status":"publish","type":"product","link":"https:\/\/www.lakewell.com\/de\/shop\/jaguar\/e-type\/s1-1961-1968\/fhc\/sitzpolster-jaguar-xke-e-type-s1-3-8-61-64-2\/","title":{"rendered":"Sitzpolster (Paar) Jaguar XKE \/ E-Type S1 3.8 &#8217;61-&#8217;64"},"content":{"rendered":"<p>Paar Sitzpolster (links und rechts) f\u00fcr alle Jaguar XKE 3.8 Modelle (Serie 1) Roadster\/Coupe, 1961 -1964. Diese Polster f\u00fcr Sitzfl\u00e4chen werden sowohl in Bezug auf Form als auch Dichte nach OEM-Spezifikation geformt.<\/p>\n<p>Wir empfehlen, diese Sitzfl\u00e4chensch\u00e4ume in Kombination mit unseren Vordersitzbez\u00fcgen zu verwenden. Zusammen garantieren sie eine perfekte werksgetreue Passform. Verkauf nur paarweise.<\/p>\n","protected":false},"excerpt":{"rendered":"<p>Paar Sitzpolster (links und rechts) f\u00fcr alle Jaguar XKE 3.8 Modelle (Serie 1) Roadster\/Coupe, 1961 -1964. Passend zu unseren Vordersitzbez\u00fcgen aus Leder.<\/p>\n","protected":false},"featured_media":279331,"template":"","meta":[],"product_cat":[7485,7487],"product_tag":[],"class_list":{"0":"post-279326","1":"product","2":"type-product","3":"status-publish","4":"has-post-thumbnail","6":"product_cat-fhc","7":"product_cat-ots","9":"first","10":"instock","11":"taxable","12":"shipping-taxable","13":"purchasable","14":"product-type-simple"},"wcpa_form_fields":null,"_links":{"self":[{"href":"https:\/\/www.lakewell.com\/de\/wp-json\/wp\/v2\/product\/279326","targetHints":{"allow":["GET"]}}],"collection":[{"href":"https:\/\/www.lakewell.com\/de\/wp-json\/wp\/v2\/product"}],"about":[{"href":"https:\/\/www.lakewell.com\/de\/wp-json\/wp\/v2\/types\/product"}],"wp:featuredmedia":[{"embeddable":true,"href":"https:\/\/www.lakewell.com\/de\/wp-json\/wp\/v2\/media\/279331"}],"wp:attachment":[{"href":"https:\/\/www.lakewell.com\/de\/wp-json\/wp\/v2\/media?parent=279326"}],"wp:term":[{"taxonomy":"product_cat","embeddable":true,"href":"https:\/\/www.lakewell.com\/de\/wp-json\/wp\/v2\/product_cat?post=279326"},{"taxonomy":"product_tag","embeddable":true,"href":"https:\/\/www.lakewell.com\/de\/wp-json\/wp\/v2\/product_tag?post=279326"}],"curies":[{"name":"wp","href":"https:\/\/api.w.org\/{rel}","templated":true}]}}