{"id":251975,"date":"2017-12-15T10:26:09","date_gmt":"2017-12-15T10:26:09","guid":{"rendered":"https:\/\/staging.lakewell.com\/conditions-generales-de-vente\/"},"modified":"2022-06-20T14:49:39","modified_gmt":"2022-06-20T14:49:39","slug":"conditions-generales-de-vente","status":"publish","type":"page","link":"https:\/\/www.lakewell.com\/fr\/conditions-generales-de-vente\/","title":{"rendered":"Politique de retour"},"content":{"rendered":"\t\t<div data-elementor-type=\"wp-page\" data-elementor-id=\"251975\" class=\"elementor elementor-251975 elementor-451\">\n\t\t\t\t\t\t<section class=\"elementor-section elementor-top-section elementor-element elementor-element-366f58e elementor-section-full_width elementor-section-height-default elementor-section-height-default\" data-id=\"366f58e\" data-element_type=\"section\" data-e-type=\"section\">\n\t\t\t\t\t\t<div class=\"elementor-container elementor-column-gap-default\">\n\t\t\t\t\t<div class=\"elementor-column elementor-col-50 elementor-top-column elementor-element elementor-element-8f85ed4 th-card leftpane-margin\" data-id=\"8f85ed4\" data-element_type=\"column\" data-e-type=\"column\" data-settings=\"{&quot;background_background&quot;:&quot;classic&quot;}\">\n\t\t\t<div class=\"elementor-widget-wrap elementor-element-populated\">\n\t\t\t\t\t\t<div class=\"elementor-element elementor-element-2cd0f08 elementor-widget elementor-widget-heading\" data-id=\"2cd0f08\" data-element_type=\"widget\" data-e-type=\"widget\" data-widget_type=\"heading.default\">\n\t\t\t\t<div class=\"elementor-widget-container\">\n\t\t\t\t\t<h5 class=\"elementor-heading-title elementor-size-default\">Information<\/h5>\t\t\t\t<\/div>\n\t\t\t\t<\/div>\n\t\t\t\t<div class=\"elementor-element elementor-element-f84d023 elementor-widget elementor-widget-nav-menu\" data-id=\"f84d023\" data-element_type=\"widget\" data-e-type=\"widget\" data-widget_type=\"nav-menu.default\">\n\t\t\t\t<div class=\"elementor-widget-container\">\n\t\t\t\t\t \t\t\t\t<\/div>\n\t\t\t\t<\/div>\n\t\t\t\t<div class=\"elementor-element elementor-element-e117dc9 elementor-widget elementor-widget-heading\" data-id=\"e117dc9\" data-element_type=\"widget\" data-e-type=\"widget\" data-widget_type=\"heading.default\">\n\t\t\t\t<div class=\"elementor-widget-container\">\n\t\t\t\t\t<h5 class=\"elementor-heading-title elementor-size-default\">Conditions g\u00e9n\u00e9rales de vente<\/h5>\t\t\t\t<\/div>\n\t\t\t\t<\/div>\n\t\t\t\t<div class=\"elementor-element elementor-element-fb4b7c2 elementor-widget elementor-widget-nav-menu\" data-id=\"fb4b7c2\" data-element_type=\"widget\" data-e-type=\"widget\" data-widget_type=\"nav-menu.default\">\n\t\t\t\t<div class=\"elementor-widget-container\">\n\t\t\t\t\t \t\t\t\t<\/div>\n\t\t\t\t<\/div>\n\t\t\t\t\t<\/div>\n\t\t<\/div>\n\t\t\t\t<div class=\"elementor-column elementor-col-50 elementor-top-column elementor-element elementor-element-0489a59 th-card\" data-id=\"0489a59\" data-element_type=\"column\" data-e-type=\"column\">\n\t\t\t<div class=\"elementor-widget-wrap elementor-element-populated\">\n\t\t\t\t\t\t<div class=\"elementor-element elementor-element-58fed42 elementor-widget elementor-widget-menu-anchor\" data-id=\"58fed42\" data-element_type=\"widget\" data-e-type=\"widget\" data-widget_type=\"menu-anchor.default\">\n\t\t\t\t<div class=\"elementor-widget-container\">\n\t\t\t\t\t\t\t<div class=\"elementor-menu-anchor\" id=\"expdition\"><\/div>\n\t\t\t\t\t\t<\/div>\n\t\t\t\t<\/div>\n\t\t\t\t<div class=\"elementor-element elementor-element-cdca008 elementor-widget elementor-widget-text-editor\" data-id=\"cdca008\" data-element_type=\"widget\" data-e-type=\"widget\" data-widget_type=\"text-editor.default\">\n\t\t\t\t<div class=\"elementor-widget-container\">\n\t\t\t\t\t\t\t\t\t<p>Nous sommes passionn\u00e9s par les voitures classiques et de collection. Nous voulons que nos clients soient tout aussi passionn\u00e9s par le fait de travailler avec nous. Notre garantie de satisfaction et notre politique de retour refl\u00e8tent cette philosophie.<\/p><p>Nous prenons grand soin de nous assurer que tous les produits quittant notre usine r\u00e9pondent aux normes de qualit\u00e9 les plus \u00e9lev\u00e9es et sont soigneusement emball\u00e9s. Tous les articles doivent \u00eatre examin\u00e9s imm\u00e9diatement apr\u00e8s r\u00e9ception pour d\u00e9celer les d\u00e9fauts ou les pi\u00e8ces manquantes.<\/p><p>Si un produit est d\u00e9fectueux, nous offrons une garantie de remplacement sans fioritures, de la plus petite pi\u00e8ce \u00e0 un kit complet de restauration int\u00e9rieure. Si un produit n&#8217;est pas d\u00e9fectueux mais &#8211; pour une raison quelconque &#8211; vous n&#8217;\u00eates pas satisfait \u00e0 100 %, nous chercherons \u00e0 le remplacer \u00e0 votre satisfaction ou si cela n&#8217;est pas possible, vous rembourserons la valeur du produit lors du retour. Seuls les articles non utilis\u00e9s, non marqu\u00e9s et en \u00e9tat de revente peuvent \u00eatre retourn\u00e9s. Des frais de stockage de 20 % s&#8217;appliquent aux produits fabriqu\u00e9s sur commande.<\/p><ul><li>Les couleurs se reproduisent diff\u00e9remment sur diff\u00e9rents \u00e9crans. Nous encourageons fortement les clients \u00e0 demander un \u00e9chantillon physique pour examiner la couleur, le mat\u00e9riau et la texture avant de commander. Des frais de stockage de 20% s&#8217;appliquent au cas o\u00f9 aucun \u00e9chantillon physique n&#8217;a \u00e9t\u00e9 demand\u00e9.<\/li><li>Veuillez noter que nous ne remboursons pas les frais d&#8217;exp\u00e9dition ou d&#8217;importation. Les produits sur mesure ou les produits avec des sch\u00e9mas de couleurs personnalis\u00e9s ne peuvent pas \u00eatre retourn\u00e9s.<\/li><li>Les retours, remboursements ou autres r\u00e9clamations doivent \u00eatre demand\u00e9s dans les 14 jours suivant la livraison du produit. Une fois install\u00e9s, les produits ne peuvent pas \u00eatre retourn\u00e9s.<\/li><li>Les retours en dehors de l&#8217;UE sont soumis \u00e0 notre approbation et \u00e0 nos instructions.<\/li><li>Veuillez utiliser un service de messagerie suivi lors du retour de vos marchandises. Lakewell d\u00e9cline toute responsabilit\u00e9 pour les colis retourn\u00e9s qui sont mal livr\u00e9s, perdus ou endommag\u00e9s pendant le transport.<\/li><li>Nous nous r\u00e9servons le droit de refuser les retours qui arrivent endommag\u00e9s ou manipul\u00e9s dans une mesure d\u00e9raisonnable.<\/li><\/ul>\t\t\t\t\t\t\t\t<\/div>\n\t\t\t\t<\/div>\n\t\t\t\t\t<\/div>\n\t\t<\/div>\n\t\t\t\t\t<\/div>\n\t\t<\/section>\n\t\t\t\t<\/div>\n\t\t","protected":false},"excerpt":{"rendered":"<p>Information Conditions g\u00e9n\u00e9rales de vente Nous sommes passionn\u00e9s par les voitures classiques et de collection. Nous voulons que nos clients soient tout aussi passionn\u00e9s par le fait de travailler avec nous. Notre garantie de satisfaction et notre politique de retour refl\u00e8tent cette philosophie. Nous prenons grand soin de nous assurer que tous les produits quittant [&hellip;]<\/p>\n","protected":false},"author":1,"featured_media":0,"parent":0,"menu_order":35,"comment_status":"closed","ping_status":"closed","template":"elementor_theme","meta":{"footnotes":""},"class_list":["post-251975","page","type-page","status-publish","hentry"],"_links":{"self":[{"href":"https:\/\/www.lakewell.com\/fr\/wp-json\/wp\/v2\/pages\/251975","targetHints":{"allow":["GET"]}}],"collection":[{"href":"https:\/\/www.lakewell.com\/fr\/wp-json\/wp\/v2\/pages"}],"about":[{"href":"https:\/\/www.lakewell.com\/fr\/wp-json\/wp\/v2\/types\/page"}],"author":[{"embeddable":true,"href":"https:\/\/www.lakewell.com\/fr\/wp-json\/wp\/v2\/users\/1"}],"replies":[{"embeddable":true,"href":"https:\/\/www.lakewell.com\/fr\/wp-json\/wp\/v2\/comments?post=251975"}],"version-history":[{"count":0,"href":"https:\/\/www.lakewell.com\/fr\/wp-json\/wp\/v2\/pages\/251975\/revisions"}],"wp:attachment":[{"href":"https:\/\/www.lakewell.com\/fr\/wp-json\/wp\/v2\/media?parent=251975"}],"curies":[{"name":"wp","href":"https:\/\/api.w.org\/{rel}","templated":true}]}}