{"id":281499,"date":"2022-05-04T07:09:22","date_gmt":"2022-05-04T07:09:22","guid":{"rendered":"https:\/\/staging.lakewell.com\/politique-de-confidentialite\/"},"modified":"2022-05-30T13:43:17","modified_gmt":"2022-05-30T13:43:17","slug":"politique-de-confidentialite","status":"publish","type":"page","link":"https:\/\/www.lakewell.com\/fr\/politique-de-confidentialite\/","title":{"rendered":"Politique de confidentialit\u00e9\u200b"},"content":{"rendered":"\t\t<div data-elementor-type=\"wp-page\" data-elementor-id=\"281499\" class=\"elementor elementor-281499 elementor-281393\">\n\t\t\t\t\t\t<section class=\"elementor-section elementor-top-section elementor-element elementor-element-722f96c elementor-section-full_width elementor-section-height-default elementor-section-height-default\" data-id=\"722f96c\" data-element_type=\"section\" data-e-type=\"section\">\n\t\t\t\t\t\t<div class=\"elementor-container elementor-column-gap-default\">\n\t\t\t\t\t<div class=\"elementor-column elementor-col-50 elementor-top-column elementor-element elementor-element-e20bb87 th-card leftpane-margin\" data-id=\"e20bb87\" data-element_type=\"column\" data-e-type=\"column\" data-settings=\"{&quot;background_background&quot;:&quot;classic&quot;}\">\n\t\t\t<div class=\"elementor-widget-wrap elementor-element-populated\">\n\t\t\t\t\t\t<div class=\"elementor-element elementor-element-cadfed3 elementor-widget elementor-widget-heading\" data-id=\"cadfed3\" data-element_type=\"widget\" data-e-type=\"widget\" data-widget_type=\"heading.default\">\n\t\t\t\t<div class=\"elementor-widget-container\">\n\t\t\t\t\t<h5 class=\"elementor-heading-title elementor-size-default\">Information<\/h5>\t\t\t\t<\/div>\n\t\t\t\t<\/div>\n\t\t\t\t<div class=\"elementor-element elementor-element-6a06be1 elementor-widget elementor-widget-nav-menu\" data-id=\"6a06be1\" data-element_type=\"widget\" data-e-type=\"widget\" data-widget_type=\"nav-menu.default\">\n\t\t\t\t<div class=\"elementor-widget-container\">\n\t\t\t\t\t \t\t\t\t<\/div>\n\t\t\t\t<\/div>\n\t\t\t\t<div class=\"elementor-element elementor-element-3d2ad41 elementor-widget elementor-widget-heading\" data-id=\"3d2ad41\" data-element_type=\"widget\" data-e-type=\"widget\" data-widget_type=\"heading.default\">\n\t\t\t\t<div class=\"elementor-widget-container\">\n\t\t\t\t\t<h5 class=\"elementor-heading-title elementor-size-default\">Conditions g\u00e9n\u00e9rales de vente<\/h5>\t\t\t\t<\/div>\n\t\t\t\t<\/div>\n\t\t\t\t<div class=\"elementor-element elementor-element-875a412 elementor-widget elementor-widget-nav-menu\" data-id=\"875a412\" data-element_type=\"widget\" data-e-type=\"widget\" data-widget_type=\"nav-menu.default\">\n\t\t\t\t<div class=\"elementor-widget-container\">\n\t\t\t\t\t \t\t\t\t<\/div>\n\t\t\t\t<\/div>\n\t\t\t\t\t<\/div>\n\t\t<\/div>\n\t\t\t\t<div class=\"elementor-column elementor-col-50 elementor-top-column elementor-element elementor-element-3ae1521 th-card\" data-id=\"3ae1521\" data-element_type=\"column\" data-e-type=\"column\">\n\t\t\t<div class=\"elementor-widget-wrap elementor-element-populated\">\n\t\t\t\t\t\t<div class=\"elementor-element elementor-element-6829e2d elementor-widget elementor-widget-menu-anchor\" data-id=\"6829e2d\" data-element_type=\"widget\" data-e-type=\"widget\" data-widget_type=\"menu-anchor.default\">\n\t\t\t\t<div class=\"elementor-widget-container\">\n\t\t\t\t\t\t\t<div class=\"elementor-menu-anchor\" id=\"expdition\"><\/div>\n\t\t\t\t\t\t<\/div>\n\t\t\t\t<\/div>\n\t\t\t\t<div class=\"elementor-element elementor-element-58f0c2f elementor-widget elementor-widget-text-editor\" data-id=\"58f0c2f\" data-element_type=\"widget\" data-e-type=\"widget\" data-widget_type=\"text-editor.default\">\n\t\t\t\t<div class=\"elementor-widget-container\">\n\t\t\t\t\t\t\t\t\t<p>Le site utilise des cookies pour traiter des statistiques et des informations de trafic, pour faciliter la navigation et am\u00e9liorer le service pour votre confort. Vous pouvez refuser le d\u00e9p\u00f4t de ces cookies en configurant votre navigateur. Cependant, afin de faciliter la navigation sur le site Web de Lakewell, il est recommand\u00e9 que les param\u00e8tres du navigateur soient configur\u00e9s pour accepter les cookies.<\/p><p>Les informations recueillies sur ce site sont utilis\u00e9es pour traiter vos commandes. Les informations sont uniquement destin\u00e9es \u00e0 Lakewell et ne seront pas transmises \u00e0 un tiers.<\/p><p>Les informations de commande collect\u00e9es par le site Web seront conserv\u00e9es pendant un an apr\u00e8s la fin de la transaction. A l&#8217;expiration de ce d\u00e9lai, les donn\u00e9es collect\u00e9es seront automatiquement supprim\u00e9es. Vous disposez d&#8217;un droit d&#8217;acc\u00e8s, de modification, de rectification et de suppression des donn\u00e9es qui vous concernent. Vous pouvez exercer vos droits en nous adressant un <a href=\"https:\/\/lakewell.com\/fr\/nous-contacter\/\" target=\"_blank\" rel=\"noopener\">courrier \u00e9lectronique<\/a> ou en \u00e9crivant \u00e0 notre si\u00e8ge social.<\/p>\t\t\t\t\t\t\t\t<\/div>\n\t\t\t\t<\/div>\n\t\t\t\t\t<\/div>\n\t\t<\/div>\n\t\t\t\t\t<\/div>\n\t\t<\/section>\n\t\t\t\t<\/div>\n\t\t","protected":false},"excerpt":{"rendered":"<p>Information Conditions g\u00e9n\u00e9rales de vente Le site utilise des cookies pour traiter des statistiques et des informations de trafic, pour faciliter la navigation et am\u00e9liorer le service pour votre confort. Vous pouvez refuser le d\u00e9p\u00f4t de ces cookies en configurant votre navigateur. Cependant, afin de faciliter la navigation sur le site Web de Lakewell, il [&hellip;]<\/p>\n","protected":false},"author":1,"featured_media":0,"parent":0,"menu_order":23,"comment_status":"closed","ping_status":"closed","template":"elementor_theme","meta":{"footnotes":""},"class_list":["post-281499","page","type-page","status-publish","hentry"],"_links":{"self":[{"href":"https:\/\/www.lakewell.com\/fr\/wp-json\/wp\/v2\/pages\/281499","targetHints":{"allow":["GET"]}}],"collection":[{"href":"https:\/\/www.lakewell.com\/fr\/wp-json\/wp\/v2\/pages"}],"about":[{"href":"https:\/\/www.lakewell.com\/fr\/wp-json\/wp\/v2\/types\/page"}],"author":[{"embeddable":true,"href":"https:\/\/www.lakewell.com\/fr\/wp-json\/wp\/v2\/users\/1"}],"replies":[{"embeddable":true,"href":"https:\/\/www.lakewell.com\/fr\/wp-json\/wp\/v2\/comments?post=281499"}],"version-history":[{"count":0,"href":"https:\/\/www.lakewell.com\/fr\/wp-json\/wp\/v2\/pages\/281499\/revisions"}],"wp:attachment":[{"href":"https:\/\/www.lakewell.com\/fr\/wp-json\/wp\/v2\/media?parent=281499"}],"curies":[{"name":"wp","href":"https:\/\/api.w.org\/{rel}","templated":true}]}}