{"id":281509,"date":"2022-05-04T06:17:35","date_gmt":"2022-05-04T06:17:35","guid":{"rendered":"https:\/\/staging.lakewell.com\/application-de-la-tva\/"},"modified":"2022-05-30T13:43:17","modified_gmt":"2022-05-30T13:43:17","slug":"application-de-la-tva","status":"publish","type":"page","link":"https:\/\/www.lakewell.com\/fr\/application-de-la-tva\/","title":{"rendered":"Application de la TVA"},"content":{"rendered":"\t\t<div data-elementor-type=\"wp-page\" data-elementor-id=\"281509\" class=\"elementor elementor-281509 elementor-281290\">\n\t\t\t\t\t\t<section class=\"elementor-section elementor-top-section elementor-element elementor-element-43dcf80 elementor-section-full_width elementor-section-height-default elementor-section-height-default\" data-id=\"43dcf80\" data-element_type=\"section\" data-e-type=\"section\">\n\t\t\t\t\t\t<div class=\"elementor-container elementor-column-gap-default\">\n\t\t\t\t\t<div class=\"elementor-column elementor-col-50 elementor-top-column elementor-element elementor-element-c0cc5b4 th-card leftpane-margin\" data-id=\"c0cc5b4\" data-element_type=\"column\" data-e-type=\"column\" data-settings=\"{&quot;background_background&quot;:&quot;classic&quot;}\">\n\t\t\t<div class=\"elementor-widget-wrap elementor-element-populated\">\n\t\t\t\t\t\t<div class=\"elementor-element elementor-element-60f4450 elementor-widget elementor-widget-heading\" data-id=\"60f4450\" data-element_type=\"widget\" data-e-type=\"widget\" data-widget_type=\"heading.default\">\n\t\t\t\t<div class=\"elementor-widget-container\">\n\t\t\t\t\t<h5 class=\"elementor-heading-title elementor-size-default\">Information<\/h5>\t\t\t\t<\/div>\n\t\t\t\t<\/div>\n\t\t\t\t<div class=\"elementor-element elementor-element-2e0df1d elementor-widget elementor-widget-nav-menu\" data-id=\"2e0df1d\" data-element_type=\"widget\" data-e-type=\"widget\" data-widget_type=\"nav-menu.default\">\n\t\t\t\t<div class=\"elementor-widget-container\">\n\t\t\t\t\t \t\t\t\t<\/div>\n\t\t\t\t<\/div>\n\t\t\t\t<div class=\"elementor-element elementor-element-f6f4b11 elementor-widget elementor-widget-heading\" data-id=\"f6f4b11\" data-element_type=\"widget\" data-e-type=\"widget\" data-widget_type=\"heading.default\">\n\t\t\t\t<div class=\"elementor-widget-container\">\n\t\t\t\t\t<h5 class=\"elementor-heading-title elementor-size-default\">Conditions g\u00e9n\u00e9rales de vente<\/h5>\t\t\t\t<\/div>\n\t\t\t\t<\/div>\n\t\t\t\t<div class=\"elementor-element elementor-element-196146e elementor-widget elementor-widget-nav-menu\" data-id=\"196146e\" data-element_type=\"widget\" data-e-type=\"widget\" data-widget_type=\"nav-menu.default\">\n\t\t\t\t<div class=\"elementor-widget-container\">\n\t\t\t\t\t \t\t\t\t<\/div>\n\t\t\t\t<\/div>\n\t\t\t\t\t<\/div>\n\t\t<\/div>\n\t\t\t\t<div class=\"elementor-column elementor-col-50 elementor-top-column elementor-element elementor-element-5055c6c th-card\" data-id=\"5055c6c\" data-element_type=\"column\" data-e-type=\"column\">\n\t\t\t<div class=\"elementor-widget-wrap elementor-element-populated\">\n\t\t\t\t\t\t<div class=\"elementor-element elementor-element-875ed40 elementor-widget elementor-widget-menu-anchor\" data-id=\"875ed40\" data-element_type=\"widget\" data-e-type=\"widget\" data-widget_type=\"menu-anchor.default\">\n\t\t\t\t<div class=\"elementor-widget-container\">\n\t\t\t\t\t\t\t<div class=\"elementor-menu-anchor\" id=\"expdition\"><\/div>\n\t\t\t\t\t\t<\/div>\n\t\t\t\t<\/div>\n\t\t\t\t<div class=\"elementor-element elementor-element-bee31d3 elementor-widget elementor-widget-text-editor\" data-id=\"bee31d3\" data-element_type=\"widget\" data-e-type=\"widget\" data-widget_type=\"text-editor.default\">\n\t\t\t\t<div class=\"elementor-widget-container\">\n\t\t\t\t\t\t\t\t\t<p>Les prix de nos produits sont indiqu\u00e9s hors TVA. L&#8217;application de la TVA d\u00e9pend si vous \u00eates un acheteur professionnel ou particulier et du pays de destination de votre colis :<\/p><p><strong>Clients professionnels<\/strong><\/p><ul><li>Les clients professionnels en Belgique paient 21% de TVA. Veuillez nous fournir votre num\u00e9ro de TVA<\/li><li>Les clients professionnels hors Belgique ne paient pas de TVA, \u00e0 condition que vous nous fournissiez un num\u00e9ro de TVA valide<\/li><\/ul><p>Lorsque vous saisissez votre num\u00e9ro de TVA lors du paiement, veuillez utiliser la structure du num\u00e9ro d&#8217;identification TVA telle que prescrite par le syst\u00e8me d&#8217;\u00e9change d&#8217;informations de l&#8217;UE. Par exemple:<\/p><p>Belgique : BE0999999999<br>France : FRXX 999999999<br>Allemagne : DE999999999<br>Luxembourg : LU88888888<br>Pays-Bas: NL999999999B22<\/p><p>Si ce format n&#8217;est pas utilis\u00e9, le syst\u00e8me peut rejeter un num\u00e9ro de TVA valide. Le syst\u00e8me requiert un num\u00e9ro de TVA pour les professionnels de l&#8217;UE uniquement. Les professionnels hors UE sont pri\u00e9s de laisser le champ TVA vide.<\/p><p><strong>Clients priv\u00e9s<\/strong><\/p><ul><li>Les clients priv\u00e9s en Belgique paient 21 % de TVA.<\/li><li>Les clients priv\u00e9s dans le reste de l&#8217;UE paient leur taux de TVA local<\/li><li>Les clients priv\u00e9s en dehors de la zone douani\u00e8re de l&#8217;UE ne paient pas de TVA<\/li><\/ul>\t\t\t\t\t\t\t\t<\/div>\n\t\t\t\t<\/div>\n\t\t\t\t\t<\/div>\n\t\t<\/div>\n\t\t\t\t\t<\/div>\n\t\t<\/section>\n\t\t\t\t<\/div>\n\t\t","protected":false},"excerpt":{"rendered":"<p>Information Conditions g\u00e9n\u00e9rales de vente Les prix de nos produits sont indiqu\u00e9s hors TVA. L&#8217;application de la TVA d\u00e9pend si vous \u00eates un acheteur professionnel ou particulier et du pays de destination de votre colis : Clients professionnels Les clients professionnels en Belgique paient 21% de TVA. Veuillez nous fournir votre num\u00e9ro de TVA Les [&hellip;]<\/p>\n","protected":false},"author":1,"featured_media":0,"parent":0,"menu_order":3,"comment_status":"closed","ping_status":"closed","template":"elementor_theme","meta":{"footnotes":""},"class_list":["post-281509","page","type-page","status-publish","hentry"],"_links":{"self":[{"href":"https:\/\/www.lakewell.com\/fr\/wp-json\/wp\/v2\/pages\/281509","targetHints":{"allow":["GET"]}}],"collection":[{"href":"https:\/\/www.lakewell.com\/fr\/wp-json\/wp\/v2\/pages"}],"about":[{"href":"https:\/\/www.lakewell.com\/fr\/wp-json\/wp\/v2\/types\/page"}],"author":[{"embeddable":true,"href":"https:\/\/www.lakewell.com\/fr\/wp-json\/wp\/v2\/users\/1"}],"replies":[{"embeddable":true,"href":"https:\/\/www.lakewell.com\/fr\/wp-json\/wp\/v2\/comments?post=281509"}],"version-history":[{"count":0,"href":"https:\/\/www.lakewell.com\/fr\/wp-json\/wp\/v2\/pages\/281509\/revisions"}],"wp:attachment":[{"href":"https:\/\/www.lakewell.com\/fr\/wp-json\/wp\/v2\/media?parent=281509"}],"curies":[{"name":"wp","href":"https:\/\/api.w.org\/{rel}","templated":true}]}}