{"id":281510,"date":"2022-05-04T07:09:13","date_gmt":"2022-05-04T07:09:13","guid":{"rendered":"https:\/\/staging.lakewell.com\/mentions-legales\/"},"modified":"2022-05-30T13:43:20","modified_gmt":"2022-05-30T13:43:20","slug":"mentions-legales","status":"publish","type":"page","link":"https:\/\/www.lakewell.com\/fr\/mentions-legales\/","title":{"rendered":"Mentions l\u00e9gales"},"content":{"rendered":"\t\t<div data-elementor-type=\"wp-page\" data-elementor-id=\"281510\" class=\"elementor elementor-281510 elementor-281392\">\n\t\t\t\t\t\t<section class=\"elementor-section elementor-top-section elementor-element elementor-element-86c262e elementor-section-full_width elementor-section-height-default elementor-section-height-default\" data-id=\"86c262e\" data-element_type=\"section\" data-e-type=\"section\">\n\t\t\t\t\t\t<div class=\"elementor-container elementor-column-gap-default\">\n\t\t\t\t\t<div class=\"elementor-column elementor-col-50 elementor-top-column elementor-element elementor-element-30132b4 th-card leftpane-margin\" data-id=\"30132b4\" data-element_type=\"column\" data-e-type=\"column\" data-settings=\"{&quot;background_background&quot;:&quot;classic&quot;}\">\n\t\t\t<div class=\"elementor-widget-wrap elementor-element-populated\">\n\t\t\t\t\t\t<div class=\"elementor-element elementor-element-ce12c27 elementor-widget elementor-widget-heading\" data-id=\"ce12c27\" data-element_type=\"widget\" data-e-type=\"widget\" data-widget_type=\"heading.default\">\n\t\t\t\t<div class=\"elementor-widget-container\">\n\t\t\t\t\t<h5 class=\"elementor-heading-title elementor-size-default\">Information<\/h5>\t\t\t\t<\/div>\n\t\t\t\t<\/div>\n\t\t\t\t<div class=\"elementor-element elementor-element-ac9284f elementor-widget elementor-widget-nav-menu\" data-id=\"ac9284f\" data-element_type=\"widget\" data-e-type=\"widget\" data-widget_type=\"nav-menu.default\">\n\t\t\t\t<div class=\"elementor-widget-container\">\n\t\t\t\t\t \t\t\t\t<\/div>\n\t\t\t\t<\/div>\n\t\t\t\t<div class=\"elementor-element elementor-element-7c3346a elementor-widget elementor-widget-heading\" data-id=\"7c3346a\" data-element_type=\"widget\" data-e-type=\"widget\" data-widget_type=\"heading.default\">\n\t\t\t\t<div class=\"elementor-widget-container\">\n\t\t\t\t\t<h5 class=\"elementor-heading-title elementor-size-default\">Conditions g\u00e9n\u00e9rales de vente<\/h5>\t\t\t\t<\/div>\n\t\t\t\t<\/div>\n\t\t\t\t<div class=\"elementor-element elementor-element-c52b9cf elementor-widget elementor-widget-nav-menu\" data-id=\"c52b9cf\" data-element_type=\"widget\" data-e-type=\"widget\" data-widget_type=\"nav-menu.default\">\n\t\t\t\t<div class=\"elementor-widget-container\">\n\t\t\t\t\t \t\t\t\t<\/div>\n\t\t\t\t<\/div>\n\t\t\t\t\t<\/div>\n\t\t<\/div>\n\t\t\t\t<div class=\"elementor-column elementor-col-50 elementor-top-column elementor-element elementor-element-dd787cc th-card\" data-id=\"dd787cc\" data-element_type=\"column\" data-e-type=\"column\">\n\t\t\t<div class=\"elementor-widget-wrap elementor-element-populated\">\n\t\t\t\t\t\t<div class=\"elementor-element elementor-element-24fb7fc elementor-widget elementor-widget-menu-anchor\" data-id=\"24fb7fc\" data-element_type=\"widget\" data-e-type=\"widget\" data-widget_type=\"menu-anchor.default\">\n\t\t\t\t<div class=\"elementor-widget-container\">\n\t\t\t\t\t\t\t<div class=\"elementor-menu-anchor\" id=\"expdition\"><\/div>\n\t\t\t\t\t\t<\/div>\n\t\t\t\t<\/div>\n\t\t\t\t<div class=\"elementor-element elementor-element-ca98fca elementor-widget elementor-widget-text-editor\" data-id=\"ca98fca\" data-element_type=\"widget\" data-e-type=\"widget\" data-widget_type=\"text-editor.default\">\n\t\t\t\t<div class=\"elementor-widget-container\">\n\t\t\t\t\t\t\t\t\t<p><strong>Propri\u00e9t\u00e9 intellectuelle<\/strong><\/p><p>Le site Lakewell.com est la propri\u00e9t\u00e9 exclusive de Lakewell NV (ci-apr\u00e8s Lakewell), qui d\u00e9tient donc tous les droits de propri\u00e9t\u00e9 intellectuelle y aff\u00e9rents. La propri\u00e9t\u00e9 intellectuelle comprend, mais sans s&#8217;y limiter, les marques de commerce et le contenu prot\u00e9g\u00e9 par le droit d&#8217;auteur, y compris le texte, les images, les noms, les logos, les brevets, les vid\u00e9os, les conceptions de produits et les m\u00e9thodes de fabrication.<br>Par cons\u00e9quent, son contenu ne peut \u00eatre modifi\u00e9, copi\u00e9, distribu\u00e9, reproduit, t\u00e9l\u00e9charg\u00e9, affich\u00e9, publi\u00e9, communiqu\u00e9 ou vendu sous quelque forme ou par quelque moyen que ce soit, en tout ou en partie, sans le consentement \u00e9crit pr\u00e9alable de Lakewell.<\/p><p>Lakewell conserve le titre complet et exclusif de toutes les marques de commerce, mod\u00e8les d\u00e9pos\u00e9s et droits d&#8217;auteur attach\u00e9s aux produits fournis par ou accessibles via le site Web, ainsi que tous les autres droits de propri\u00e9t\u00e9 intellectuelle relatifs \u00e0 Lakewell.<\/p><p>Si, en ce qui concerne les pr\u00e9sentes conditions commerciales, le client enfreint ou est susceptible de porter atteinte aux droits susmentionn\u00e9s, Lakewell se r\u00e9serve le droit de prendre toutes les mesures appropri\u00e9es pour que ces perturbations cessent. Lakewell se r\u00e9serve \u00e9galement le droit de suspendre ou de supprimer l&#8217;inscription du client sur le site Internet ou d&#8217;en bloquer l&#8217;acc\u00e8s.<\/p><p>La mention des marques de v\u00e9hicules, des mod\u00e8les et des num\u00e9ros de pi\u00e8ces sur le site Web est uniquement \u00e0 des fins de r\u00e9f\u00e9rence et de comparaison. Lakewell n&#8217;est un repr\u00e9sentant officiel d&#8217;aucune marque de v\u00e9hicule et n&#8217;agit pas en son nom. Les marques, mod\u00e8les et num\u00e9ros de pi\u00e8ces des v\u00e9hicules sont des marques d\u00e9pos\u00e9es par leurs fabricants fournisseurs respectifs.<\/p><p><strong><br>Transfert de propri\u00e9t\u00e9<\/strong><\/p><p>Les produits command\u00e9s restent la propri\u00e9t\u00e9 de Lakewell jusqu&#8217;\u00e0 leur remise au transporteur.<\/p><p>Tout risque de perte ou de d\u00e9t\u00e9rioration des produits est transf\u00e9r\u00e9 au client au moment o\u00f9 le client, ou un tiers d\u00e9sign\u00e9 par le client, prend physiquement possession de ces produits. <br>En cas de retour de produit, les produits restent la propri\u00e9t\u00e9 du client jusqu&#8217;\u00e0 leur r\u00e9ception et leur contr\u00f4le par Lakewell. <br>Le client supportera les frais directs de retour des produits et sera responsable de toute d\u00e9pr\u00e9ciation de la valeur des produits r\u00e9sultant de la manipulation.<\/p><p><strong><br>Limitation de responsabilit\u00e9<\/strong><\/p><p>Lakewell d\u00e9cline toute responsabilit\u00e9 en cas d&#8217;utilisation ou d&#8217;exploitation illicite de tout ou partie du contenu du site. Lakewell ne sera pas non plus responsable envers les clients de toute perte ou dommage qu&#8217;ils pourraient subir en raison de leur incapacit\u00e9 \u00e0 communiquer des informations exactes \u00e0 Lakewell ou en ne prot\u00e9geant pas les informations de leur compte.<\/p><p>Le site Web peut contenir des liens hypertextes vers d&#8217;autres sites Web qui ne sont pas d\u00e9tenus ou contr\u00f4l\u00e9s par Lakewell. Lakewell n&#8217;a aucun contr\u00f4le sur le contenu, les chartes de protection des donn\u00e9es ou les pratiques des sites tiers et d\u00e9cline toute responsabilit\u00e9 \u00e0 cet \u00e9gard. Lakewell n&#8217;est pas responsable de la disponibilit\u00e9 de ces sites Web et ressources externes, et ne cautionne aucune publicit\u00e9, produit ou autre mat\u00e9riel sur ou accessible via ces sites Web ou ressources externes.<\/p><p>Lakewell ne sera pas responsable de toute perte de quelque nature que ce soit, qu&#8217;il s&#8217;agisse de dommages corporels, physiques ou \u00e9conomiques, qui pourraient r\u00e9sulter de l&#8217;installation, de l&#8217;utilisation, de la mauvaise utilisation ou de l&#8217;usure des produits vendus.<\/p><p>Lakewell garantit la conformit\u00e9 de ses produits selon les descriptions et sp\u00e9cifications des produits. Lakewell ne sera pas responsable de toute utilisation contraire \u00e0 ces sp\u00e9cifications.<\/p><p>Le client assume toute responsabilit\u00e9 autre que celle de la conformit\u00e9 des produits aux descriptions et sp\u00e9cifications des produits, et notamment quant \u00e0 l&#8217;ad\u00e9quation des produits \u00e0 leurs exigences et \u00e0 l&#8217;utilisation et au fonctionnement des produits.<\/p><p>Le client reconna\u00eet express\u00e9ment que Lakewell lui a fourni toutes les informations lui permettant d&#8217;appr\u00e9cier l&#8217;ad\u00e9quation des produits \u00e0 ses besoins, et de prendre toutes les pr\u00e9cautions n\u00e9cessaires \u00e0 leur mise en \u0153uvre et \u00e0 leur utilisation. <br>Le client accepte et par les pr\u00e9sentes indemnise, lib\u00e8re, d\u00e9fend et tient Lakewell, ses administrateurs, employ\u00e9s et actionnaires indemnes de et contre toutes r\u00e9clamations, dommages, pertes, co\u00fbts et d\u00e9penses d\u00e9coulant en faveur de toute personne, entreprise ou soci\u00e9t\u00e9 en raison de blessures corporelles ou des dommages mat\u00e9riels pr\u00e9tendument caus\u00e9s par les produits.<\/p><p><strong><br>Des disputes<\/strong><\/p><p>Les pr\u00e9sentes Conditions G\u00e9n\u00e9rales de Vente sont r\u00e9gies par le droit belge.<\/p><p>En cas de litige pouvant survenir concernant la validit\u00e9, l&#8217;application, l&#8217;ex\u00e9cution, la suspension ou la r\u00e9siliation des pr\u00e9sentes Conditions G\u00e9n\u00e9rales de Vente, les Parties feront leurs meilleurs efforts pour parvenir \u00e0 une solution \u00e0 l&#8217;amiable et s&#8217;engagent \u00e0 s&#8217;abstenir d&#8217;exposer publiquement tout litige sur les r\u00e9seaux sociaux. ou Internet en g\u00e9n\u00e9ral. Ces litiges peuvent \u00e9galement \u00eatre soumis \u00e0 la m\u00e9diation de la consommation. Le client reste cependant libre d&#8217;accepter ou de refuser le recours \u00e0 la m\u00e9diation de la consommation.<\/p><p>Les Parties peuvent \u00e9galement visiter la plateforme europ\u00e9enne de r\u00e8glement des litiges via le <a href=\"https:\/\/webgate.ec.europa.eu\/odr\/main\/?event=main.home.show&amp;lng=FR\" target=\"_blank\" rel=\"noopener\">lien<\/a> suivant . La solution propos\u00e9e par le m\u00e9diateur n&#8217;engage pas les Parties.<\/p><p>Tout litige entre les Parties n\u00e9 de l&#8217;interpr\u00e9tation ou de l&#8217;ex\u00e9cution des pr\u00e9sentes Conditions G\u00e9n\u00e9rales de Vente et qui n&#8217;aurait pu \u00eatre r\u00e9solu \u00e0 l&#8217;amiable ou par voie de m\u00e9diation, sera port\u00e9 devant les tribunaux comp\u00e9tents du lieu du domicile du d\u00e9fendeur ou du lieu d&#8217;ex\u00e9cution des Conditions G\u00e9n\u00e9rales de Vente se trouve.<\/p>\t\t\t\t\t\t\t\t<\/div>\n\t\t\t\t<\/div>\n\t\t\t\t\t<\/div>\n\t\t<\/div>\n\t\t\t\t\t<\/div>\n\t\t<\/section>\n\t\t\t\t<\/div>\n\t\t","protected":false},"excerpt":{"rendered":"<p>Information Conditions g\u00e9n\u00e9rales de vente Propri\u00e9t\u00e9 intellectuelle Le site Lakewell.com est la propri\u00e9t\u00e9 exclusive de Lakewell NV (ci-apr\u00e8s Lakewell), qui d\u00e9tient donc tous les droits de propri\u00e9t\u00e9 intellectuelle y aff\u00e9rents. La propri\u00e9t\u00e9 intellectuelle comprend, mais sans s&#8217;y limiter, les marques de commerce et le contenu prot\u00e9g\u00e9 par le droit d&#8217;auteur, y compris le texte, les [&hellip;]<\/p>\n","protected":false},"author":1,"featured_media":0,"parent":0,"menu_order":16,"comment_status":"closed","ping_status":"closed","template":"elementor_theme","meta":{"footnotes":""},"class_list":["post-281510","page","type-page","status-publish","hentry"],"_links":{"self":[{"href":"https:\/\/www.lakewell.com\/fr\/wp-json\/wp\/v2\/pages\/281510","targetHints":{"allow":["GET"]}}],"collection":[{"href":"https:\/\/www.lakewell.com\/fr\/wp-json\/wp\/v2\/pages"}],"about":[{"href":"https:\/\/www.lakewell.com\/fr\/wp-json\/wp\/v2\/types\/page"}],"author":[{"embeddable":true,"href":"https:\/\/www.lakewell.com\/fr\/wp-json\/wp\/v2\/users\/1"}],"replies":[{"embeddable":true,"href":"https:\/\/www.lakewell.com\/fr\/wp-json\/wp\/v2\/comments?post=281510"}],"version-history":[{"count":0,"href":"https:\/\/www.lakewell.com\/fr\/wp-json\/wp\/v2\/pages\/281510\/revisions"}],"wp:attachment":[{"href":"https:\/\/www.lakewell.com\/fr\/wp-json\/wp\/v2\/media?parent=281510"}],"curies":[{"name":"wp","href":"https:\/\/api.w.org\/{rel}","templated":true}]}}