{"id":267054,"date":"2021-01-05T02:04:25","date_gmt":"2021-01-05T00:04:25","guid":{"rendered":"https:\/\/staging.lakewell.com\/product\/non%20class\u00e9\/kit-de-restauration-de-toit-targa-porsche-911-74-93\/"},"modified":"2026-02-10T15:23:14","modified_gmt":"2026-02-10T13:23:14","slug":"kit-restauration-targa-top-porsche-911-74-93-2","status":"publish","type":"product","link":"https:\/\/www.lakewell.com\/fr\/shop\/porsche\/911\/1974-1983\/kit-restauration-targa-top-porsche-911-74-93-2\/","title":{"rendered":"Kit de restauration toit Targa Porsche 911 &#8217;74-&#8217;93"},"content":{"rendered":"<p>Kit complet de restauration Targa Top pour votre Porsche 911 de 1974 \u00e0 1993.<\/p>\n<p>Notre kit de restauration Targa Top est probablement le meilleur que vous puissiez acheter en termes d&#8217;exhaustivit\u00e9, d&#8217;originalit\u00e9 et d&#8217;ajustement. Le kit comprend tout ce dont vous avez g\u00e9n\u00e9ralement besoin pour remettre votre toit targa \u00e0 l&#8217;\u00e9tat neuf.<\/p>\n<p>Nous utilisons les mat\u00e9riaux allemands d&#8217;origine qui correspondent exactement aux sp\u00e9cifications de l&#8217;usine de Stuttgart; rev\u00eatement de toit en vinyle \u00e0 grain profond, garniture de pavillon en nylon \u00e0 endos de mousse, lin de tensionnement \u00e0 tissage dense et mousse d&#8217;isolation. Tous les mat\u00e9riaux sont coup\u00e9s avec pr\u00e9cision, bord\u00e9s et pr\u00e9form\u00e9s pour garantir un ajustement authentique d&#8217;usine.<\/p>\n<p>Le kit ne comprend pas de quincaillerie \/ visserie ou joints. Cependant, ceux-ci peuvent \u00eatre r\u00e9utilis\u00e9s dans la plupart des cas.<\/p>\n<p>Le kit est livr\u00e9 avec des instructions et des images d&#8217;installation \u00e9tape par \u00e9tape faciles \u00e0 suivre. L&#8217;installation ne n\u00e9cessite aucun outil sp\u00e9cifique et est confortablement \u00e0 la port\u00e9e d&#8217;un passionn\u00e9-bricoleur.<\/p>\n<p>Les toits Targa qui ont souffert d&#8217;infiltrations d&#8217;eau et les toits plus anciens n\u00e9cessitent g\u00e9n\u00e9ralement le remplacement des bandes de tension \u00e0 l&#8217;avant et \u00e0 l&#8217;arri\u00e8re du cadre. Les bandes de tension maintiennent l&#8217;espacement des plaques d&#8217;aluminium et aident \u00e0 assurer une bonne \u00e9tanch\u00e9it\u00e9 pour r\u00e9duire le bruit du vent. Le kit de bandes de tension comprend 2 bandes de tension de toile Sonnenland et 30 rivets.<\/p>\n<p>Pour un r\u00e9sultat durable, nous vous recommandons d&#8217;installer ce kit \u00e0 l&#8217;aide de colle PCP industrielle thermor\u00e9sistante avec durcisseur.<\/p>\n","protected":false},"excerpt":{"rendered":"<p>Kit complet de restauration Targa Top pour votre Porsche 911 de 1974 \u00e0 1993.<\/p>\n<p>Notre kit de restauration Targa Top \u00e0 sp\u00e9cifications d&#8217;origine Porsche comprend tout ce dont vous avez besoin pour ramener votre toit targa \u00e0 l&#8217;\u00e9tat neuf d&#8217;usine.<\/p>\n","protected":false},"featured_media":267006,"template":"","meta":[],"product_cat":[7550,7552,7554,7568],"product_tag":[],"class_list":{"0":"post-267054","1":"product","2":"type-product","3":"status-publish","4":"has-post-thumbnail","6":"product_cat-1974-1983","7":"product_cat-1984-1989","8":"product_cat-1990-1993","9":"product_cat-7568","11":"first","12":"instock","13":"taxable","14":"shipping-taxable","15":"purchasable","16":"product-type-variable"},"wcpa_form_fields":null,"_links":{"self":[{"href":"https:\/\/www.lakewell.com\/fr\/wp-json\/wp\/v2\/product\/267054","targetHints":{"allow":["GET"]}}],"collection":[{"href":"https:\/\/www.lakewell.com\/fr\/wp-json\/wp\/v2\/product"}],"about":[{"href":"https:\/\/www.lakewell.com\/fr\/wp-json\/wp\/v2\/types\/product"}],"wp:featuredmedia":[{"embeddable":true,"href":"https:\/\/www.lakewell.com\/fr\/wp-json\/wp\/v2\/media\/267006"}],"wp:attachment":[{"href":"https:\/\/www.lakewell.com\/fr\/wp-json\/wp\/v2\/media?parent=267054"}],"wp:term":[{"taxonomy":"product_cat","embeddable":true,"href":"https:\/\/www.lakewell.com\/fr\/wp-json\/wp\/v2\/product_cat?post=267054"},{"taxonomy":"product_tag","embeddable":true,"href":"https:\/\/www.lakewell.com\/fr\/wp-json\/wp\/v2\/product_tag?post=267054"}],"curies":[{"name":"wp","href":"https:\/\/api.w.org\/{rel}","templated":true}]}}