{"id":267293,"date":"2021-01-04T23:26:30","date_gmt":"2021-01-04T23:26:30","guid":{"rendered":"https:\/\/staging.lakewell.com\/product\/non%20class\u00e9\/jeu-de-tapis-interieur-mercedes-280-350-450-sl-r107-74-85\/"},"modified":"2022-08-06T22:53:00","modified_gmt":"2022-08-06T22:53:00","slug":"ensemble-tapis-interieur-mercedes-280-350-450-sl-r107-74-85","status":"publish","type":"product","link":"https:\/\/www.lakewell.com\/fr\/shop\/mercedes\/w107-71-89\/ensemble-tapis-interieur-mercedes-280-350-450-sl-r107-74-85\/","title":{"rendered":"Jeu de tapis int\u00e9rieur Mercedes 280\/ 350\/ 450 SL (R107) &#8217;74-&#8217;85"},"content":{"rendered":"<p>Jeu de tapis int\u00e9rieur complet de 17 pi\u00e8ces pour tous les mod\u00e8les Mercedes 280\/350\/450 SL (Roadster) de la s\u00e9rie 107 1974-1985.<\/p>\n<p>Nos ensembles de tapis fabriqu\u00e9s \u00e0 la main sont parmi les meilleurs que vous puissiez acheter en termes d&#8217;originalit\u00e9 et d&#8217;ajustement. Tout au long du processus de production, nous respectons \u00e9troitement les sp\u00e9cifications de l&#8217;usine ; de la couture, la reliure des bords, jusqu&#8217;\u00e0 la finition et les repose pieds. M\u00eame la talonnette du conducteur d&#8217;origine est reproduite selon des normes exactes dans notre usine de moulage de caoutchouc. Tous les mat\u00e9riaux sont coup\u00e9s avec pr\u00e9cision, coll\u00e9s sous pression et pr\u00e9form\u00e9s pour garantir un ajustement authentique d&#8217;usine.<\/p>\n<p>Nous utilisons du velours de qualit\u00e9 sup\u00e9rieure \u00e0 partir d&#8217;un m\u00e9lange laine\/nylon qui est disponible dans la plupart des couleurs originales ; Noir, gris, rouge, bleu fonc\u00e9, bleu marine, beige, biscuit et beige.<\/p>\n<p>L&#8217;installation ne n\u00e9cessite aucun outil sp\u00e9cifique et est confortablement \u00e0 la port\u00e9e d&#8217;un passionn\u00e9-bricoleur.<\/p>\n","protected":false},"excerpt":{"rendered":"<p>Jeu de tapis int\u00e9rieur complet de 17 pi\u00e8ces pour tous les mod\u00e8les Mercedes 280\/350\/450 SL de la s\u00e9rie 107 1974-1985. Disponible dans la plupart des couleurs d&#8217;origine, avec talonnette moul\u00e9e d&#8217;origine.<\/p>\n","protected":false},"featured_media":276122,"template":"","meta":[],"product_cat":[7533],"product_tag":[],"class_list":{"0":"post-267293","1":"product","2":"type-product","3":"status-publish","4":"has-post-thumbnail","6":"product_cat-w107-71-89","8":"first","9":"instock","10":"taxable","11":"shipping-taxable","12":"purchasable","13":"product-type-variable","14":"has-product-sample"},"wcpa_form_fields":null,"_links":{"self":[{"href":"https:\/\/www.lakewell.com\/fr\/wp-json\/wp\/v2\/product\/267293","targetHints":{"allow":["GET"]}}],"collection":[{"href":"https:\/\/www.lakewell.com\/fr\/wp-json\/wp\/v2\/product"}],"about":[{"href":"https:\/\/www.lakewell.com\/fr\/wp-json\/wp\/v2\/types\/product"}],"wp:featuredmedia":[{"embeddable":true,"href":"https:\/\/www.lakewell.com\/fr\/wp-json\/wp\/v2\/media\/276122"}],"wp:attachment":[{"href":"https:\/\/www.lakewell.com\/fr\/wp-json\/wp\/v2\/media?parent=267293"}],"wp:term":[{"taxonomy":"product_cat","embeddable":true,"href":"https:\/\/www.lakewell.com\/fr\/wp-json\/wp\/v2\/product_cat?post=267293"},{"taxonomy":"product_tag","embeddable":true,"href":"https:\/\/www.lakewell.com\/fr\/wp-json\/wp\/v2\/product_tag?post=267293"}],"curies":[{"name":"wp","href":"https:\/\/api.w.org\/{rel}","templated":true}]}}