{"id":267612,"date":"2021-01-04T23:04:29","date_gmt":"2021-01-04T21:04:29","guid":{"rendered":"https:\/\/staging.lakewell.com\/product\/non%20class\u00e9\/membranes-dembase-de-siege-paire-jaguar-xke-e-type-s1-s2-4-2\/"},"modified":"2022-08-07T07:11:11","modified_gmt":"2022-08-07T07:11:11","slug":"siege-base-diaphragmes-paire-jaguar-xke-e-type-s1-s2-4-2-2","status":"publish","type":"product","link":"https:\/\/www.lakewell.com\/fr\/shop\/jaguar\/e-type\/s2-1968-1971\/221626421759\/siege-base-diaphragmes-paire-jaguar-xke-e-type-s1-s2-4-2-2\/","title":{"rendered":"Membranes d&#8217;embase de si\u00e8ge (paire) Jaguar XKE E-Type S1-S2 4.2"},"content":{"rendered":"<p>Paire de diaphragmes de base de si\u00e8ge pour tous les mod\u00e8les Jaguar XKE 4.2 (S1 et S2) Coup\u00e9\/ Roadster\/ 2+2, 1965-1971, reproduits selon les sp\u00e9cifications d&#8217;origines.<\/p>\n<p>Lors du remplacement de vos housses de si\u00e8ge avant et des mousses de base de si\u00e8ge, il est conseill\u00e9 de v\u00e9rifier l&#8217;\u00e9tat de vos diaphragmes de base de si\u00e8ge. Remplacez si n\u00e9cessaire.<\/p>\n","protected":false},"excerpt":{"rendered":"<p>Paire de diaphragmes de base de si\u00e8ge pour tous les mod\u00e8les Jaguar XKE 4.2 (S1 et S2) Coup\u00e9\/ Roadster\/ 2+2, 1965-1971, remanufactur\u00e9s selon les sp\u00e9cifications OEM.<\/p>\n","protected":false},"featured_media":276323,"template":"","meta":[],"product_cat":[7491,7481,7494,7486,7488,7495],"product_tag":[],"class_list":{"0":"post-267612","1":"product","2":"type-product","3":"status-publish","4":"has-post-thumbnail","6":"product_cat-7491","7":"product_cat-22-2","8":"product_cat-xke-fhc-s2","9":"product_cat-fhc","10":"product_cat-ots","11":"product_cat-xke-ots-s2","13":"first","14":"instock","15":"taxable","16":"shipping-taxable","17":"purchasable","18":"product-type-simple"},"wcpa_form_fields":null,"_links":{"self":[{"href":"https:\/\/www.lakewell.com\/fr\/wp-json\/wp\/v2\/product\/267612","targetHints":{"allow":["GET"]}}],"collection":[{"href":"https:\/\/www.lakewell.com\/fr\/wp-json\/wp\/v2\/product"}],"about":[{"href":"https:\/\/www.lakewell.com\/fr\/wp-json\/wp\/v2\/types\/product"}],"wp:featuredmedia":[{"embeddable":true,"href":"https:\/\/www.lakewell.com\/fr\/wp-json\/wp\/v2\/media\/276323"}],"wp:attachment":[{"href":"https:\/\/www.lakewell.com\/fr\/wp-json\/wp\/v2\/media?parent=267612"}],"wp:term":[{"taxonomy":"product_cat","embeddable":true,"href":"https:\/\/www.lakewell.com\/fr\/wp-json\/wp\/v2\/product_cat?post=267612"},{"taxonomy":"product_tag","embeddable":true,"href":"https:\/\/www.lakewell.com\/fr\/wp-json\/wp\/v2\/product_tag?post=267612"}],"curies":[{"name":"wp","href":"https:\/\/api.w.org\/{rel}","templated":true}]}}