{"id":267655,"date":"2021-01-04T23:04:11","date_gmt":"2021-01-04T21:04:11","guid":{"rendered":"https:\/\/staging.lakewell.com\/product\/non%20class\u00e9\/tableau-de-bord-jaguar-xke-e-type-s1-s2-61-71\/"},"modified":"2022-08-07T07:11:09","modified_gmt":"2022-08-07T07:11:09","slug":"tableau-de-bord-section-principale-jaguar-xke-e-type-s1-s2-61-71","status":"publish","type":"product","link":"https:\/\/www.lakewell.com\/fr\/shop\/jaguar\/e-type\/s1-1961-1968\/22-2\/tableau-de-bord-section-principale-jaguar-xke-e-type-s1-s2-61-71\/","title":{"rendered":"Tableau de bord Jaguar XKE E-Type S1-S2 &#8217;61-&#8217;71"},"content":{"rendered":"<p>Section sup\u00e9rieure du tableau de bord pour tous les mod\u00e8les Jaguar XKE S1 et S2, Roadster\/Coup\u00e9\/2+2, 1961-1971, refabriqu\u00e9s selon les sp\u00e9cifications d&#8217;origine exactes. Convient aux mod\u00e8les LHD et RHD.<\/p>\n<p>Notre section sup\u00e9rieure de tableau de bord est probablement la meilleure que vous puissiez acheter pour son originalit\u00e9 et son ajustement. L&#8217;outil pour mouler et couler les tableaux de bord a \u00e9t\u00e9 d\u00e9velopp\u00e9 \u00e0 l&#8217;aide d&#8217;une num\u00e9risation 3D sur un tableau de bord NOS. La casquette du tableau de bord est en plastique PVC moul\u00e9 rempli de mousse. Le grain et la brillance de la couche de surface en vinyle correspondent aux sp\u00e9cifications d&#8217;origine de l&#8217;usine. Nous garantissons une apparence et un ajustement authentique d&#8217;usine.<\/p>\n<p>L&#8217;installation ne n\u00e9cessite aucun outil sp\u00e9cifique et est \u00e0 la port\u00e9e d&#8217;un passionn\u00e9-bricoleur moyennement exp\u00e9riment\u00e9. Veuillez noter que l&#8217;installation du tableau de bord n\u00e9cessite le d\u00e9montage du pare-brise. En raison de l&#8217;exposition \u00e0 la chaleur du moteur, nous recommandons l&#8217;utilisation de notre colle PCP thermo-resistante pour l&#8217;installation.<\/p>\n","protected":false},"excerpt":{"rendered":"<p>Section sup\u00e9rieure du tableau de bord pour tous les mod\u00e8les Jaguar XKE S1 et S2, Roadster\/Coup\u00e9\/2+2, 1961-1971, refabriqu\u00e9s selon les sp\u00e9cifications OEM exactes. Convient aux mod\u00e8les LHD et RHD.<\/p>\n","protected":false},"featured_media":276319,"template":"","meta":[],"product_cat":[7481,7491,7486,7494,7495,7488],"product_tag":[],"class_list":{"0":"post-267655","1":"product","2":"type-product","3":"status-publish","4":"has-post-thumbnail","6":"product_cat-22-2","7":"product_cat-7491","8":"product_cat-fhc","9":"product_cat-xke-fhc-s2","10":"product_cat-xke-ots-s2","11":"product_cat-ots","13":"first","14":"instock","15":"taxable","16":"shipping-taxable","17":"purchasable","18":"product-type-simple"},"wcpa_form_fields":null,"_links":{"self":[{"href":"https:\/\/www.lakewell.com\/fr\/wp-json\/wp\/v2\/product\/267655","targetHints":{"allow":["GET"]}}],"collection":[{"href":"https:\/\/www.lakewell.com\/fr\/wp-json\/wp\/v2\/product"}],"about":[{"href":"https:\/\/www.lakewell.com\/fr\/wp-json\/wp\/v2\/types\/product"}],"wp:featuredmedia":[{"embeddable":true,"href":"https:\/\/www.lakewell.com\/fr\/wp-json\/wp\/v2\/media\/276319"}],"wp:attachment":[{"href":"https:\/\/www.lakewell.com\/fr\/wp-json\/wp\/v2\/media?parent=267655"}],"wp:term":[{"taxonomy":"product_cat","embeddable":true,"href":"https:\/\/www.lakewell.com\/fr\/wp-json\/wp\/v2\/product_cat?post=267655"},{"taxonomy":"product_tag","embeddable":true,"href":"https:\/\/www.lakewell.com\/fr\/wp-json\/wp\/v2\/product_tag?post=267655"}],"curies":[{"name":"wp","href":"https:\/\/api.w.org\/{rel}","templated":true}]}}