{"id":267714,"date":"2018-05-01T21:05:50","date_gmt":"2018-05-01T19:05:50","guid":{"rendered":"https:\/\/staging.lakewell.com\/product\/non%20class\u00e9\/panneaux-de-portes-paire-porsche-911-77-93\/"},"modified":"2022-08-07T07:49:21","modified_gmt":"2022-08-07T07:49:21","slug":"panneaux-de-portes-paire-porsche-911-77-93-2","status":"publish","type":"product","link":"https:\/\/www.lakewell.com\/fr\/shop\/porsche\/911\/1974-1983\/panneaux-de-portes-paire-porsche-911-77-93-2\/","title":{"rendered":"Panneaux de portes (Paire) Porsche 911 &#8217;77-&#8217;93"},"content":{"rendered":"<p>Panneaux de porte complets pr\u00eats \u00e0 monter (paire) pour tous les mod\u00e8les Porsche 911 de 1977-1989 et tous les mod\u00e8les 964 1989-1993 (sp\u00e9cification OEM), disponibles en cuir ou vynil.<\/p>\n<p>Nos panneaux de porte sont parmi les meilleurs que vous puissiez acheter pour leur originalit\u00e9 et leur ajustement. Nous respectons \u00e9tape par \u00e9tape les sp\u00e9cifications de l&#8217;usine de Stuttgart ; \u00e0 partir des meilleures peaux \u00e9cossaises, vinyle assortie, mousse anti-vibrations, panneau de support r\u00e9sistant \u00e0 l&#8217;eau, mat\u00e9riau de support en calicot de qualit\u00e9 sup\u00e9rieure, remplissage de plis aux sp\u00e9cifications exactes, jusqu&#8217;aux fils \u00e0 haute r\u00e9sistance que nous utilisons. Tous les panneaux sont coup\u00e9s avec pr\u00e9cision, cousus et coll\u00e9s sous pression pour garantir un ajustement authentique d&#8217;usine.<\/p>\n<p>Pour l&#8217;installation, faites simplement des ouvertures pour les haut-parleurs\/accessoires et installez. Veuillez noter que les bacs de portes, les accoudoirs, les clips ou autre fournitures des panneaux de portes ne sont pas inclus.<\/p>\n<p>En raison de la d\u00e9coloration du mat\u00e9riau d&#8217;origine et des diff\u00e9rences de couleur entre les lots de teinture, nous proposons les panneaux de porte en noir et certaines couleurs uniquement. Pour les kits int\u00e9rieur complets en cuir, nous pouvons proposer la plupart des couleurs Porsche d&#8217;origine (veuillez nous contacter).<\/p>\n<p>Si d\u00e9sir\u00e9, nous pouvons pr\u00e9-installer de nouveaux joints sur les bords avant et arri\u00e8re de vos nouveaux panneaux de porte.<\/p>\n","protected":false},"excerpt":{"rendered":"<p>Panneaux de porte complets pr\u00eats \u00e0 monter pour tous les mod\u00e8les Porsche 911 de 1977-1989 et tous les mod\u00e8les 964 1989-1993 (sp\u00e9cification OEM), disponibles en cuir de vynil.<\/p>\n","protected":false},"featured_media":267720,"template":"","meta":[],"product_cat":[7550,7552,7554,7568],"product_tag":[],"class_list":{"0":"post-267714","1":"product","2":"type-product","3":"status-publish","4":"has-post-thumbnail","6":"product_cat-1974-1983","7":"product_cat-1984-1989","8":"product_cat-1990-1993","9":"product_cat-7568","11":"first","12":"instock","13":"taxable","14":"shipping-taxable","15":"purchasable","16":"product-type-variable","17":"has-product-sample"},"wcpa_form_fields":null,"_links":{"self":[{"href":"https:\/\/www.lakewell.com\/fr\/wp-json\/wp\/v2\/product\/267714","targetHints":{"allow":["GET"]}}],"collection":[{"href":"https:\/\/www.lakewell.com\/fr\/wp-json\/wp\/v2\/product"}],"about":[{"href":"https:\/\/www.lakewell.com\/fr\/wp-json\/wp\/v2\/types\/product"}],"wp:featuredmedia":[{"embeddable":true,"href":"https:\/\/www.lakewell.com\/fr\/wp-json\/wp\/v2\/media\/267720"}],"wp:attachment":[{"href":"https:\/\/www.lakewell.com\/fr\/wp-json\/wp\/v2\/media?parent=267714"}],"wp:term":[{"taxonomy":"product_cat","embeddable":true,"href":"https:\/\/www.lakewell.com\/fr\/wp-json\/wp\/v2\/product_cat?post=267714"},{"taxonomy":"product_tag","embeddable":true,"href":"https:\/\/www.lakewell.com\/fr\/wp-json\/wp\/v2\/product_tag?post=267714"}],"curies":[{"name":"wp","href":"https:\/\/api.w.org\/{rel}","templated":true}]}}