{"id":268107,"date":"2012-11-27T02:39:42","date_gmt":"2012-11-27T02:39:42","guid":{"rendered":"https:\/\/staging.lakewell.com\/product\/non%20class\u00e9\/poignee-pour-levier-de-frein-a-main-porsche-914\/"},"modified":"2022-08-07T07:53:39","modified_gmt":"2022-08-07T07:53:39","slug":"poignee-pour-levier-de-frein-a-main-porsche-914","status":"publish","type":"product","link":"https:\/\/www.lakewell.com\/fr\/shop\/porsche\/914\/poignee-pour-levier-de-frein-a-main-porsche-914\/","title":{"rendered":"Poign\u00e9e pour levier de frein \u00e0 main Porsche 914"},"content":{"rendered":"<p><span>Poign\u00e9e noire sur levier de frein \u00e0 main pour tous les mod\u00e8les Porsche 914 de 1969 \u00e0 1976. Il s&#8217;agit d&#8217;une reproduction suivant sp\u00e9cifications d&#8217;origine de haute qualit\u00e9.<\/span><\/p>\n<p><span>En<\/span> <span>raison de l&#8217;utilisation, de l&#8217;exposition au soleil<\/span> et de l&#8217;\u00e2ge, la <span>poign\u00e9e est souvent d\u00e9color\u00e9e et fissur\u00e9e, distrayant du reste de votre int\u00e9rieur magnifiquement restaur\u00e9.<\/span><\/p>\n<p><span><\/span>L&#8217;outil de moulage de la <span>poign\u00e9e<\/span> a \u00e9t\u00e9 d\u00e9velopp\u00e9 \u00e0 l&#8217;aide d&#8217;un scan 3D sur une poign\u00e9e NOS. La brillance de la couche de surface a \u00e9t\u00e9 optimis\u00e9e pour correspondre \u00e0 l&#8217;original. Nous garantissons une apparence et un ajustement authentique d&#8217;usine.<\/p>\n<p>L&#8217;installation prend 5 minutes. R\u00e9chauffez simplement l&#8217;ancienne poign\u00e9e pour la retirer et appliquez une colle \u00e0 base de PU pour installer votre nouvelle poign\u00e9e sur le <span>levier.<\/span><\/p>\n","protected":false},"excerpt":{"rendered":"<p>Poign\u00e9e noire sur levier de frein \u00e0 main pour tous les mod\u00e8les Porsche 914 de 1969 \u00e0 1976. Il s&#8217;agit d&#8217;une reproduction de sp\u00e9cifications OEM de haute qualit\u00e9.<\/p>\n","protected":false},"featured_media":267996,"template":"","meta":[],"product_cat":[7576],"product_tag":[],"class_list":{"0":"post-268107","1":"product","2":"type-product","3":"status-publish","4":"has-post-thumbnail","6":"product_cat-7576","8":"first","9":"instock","10":"taxable","11":"shipping-taxable","12":"purchasable","13":"product-type-simple"},"wcpa_form_fields":null,"_links":{"self":[{"href":"https:\/\/www.lakewell.com\/fr\/wp-json\/wp\/v2\/product\/268107","targetHints":{"allow":["GET"]}}],"collection":[{"href":"https:\/\/www.lakewell.com\/fr\/wp-json\/wp\/v2\/product"}],"about":[{"href":"https:\/\/www.lakewell.com\/fr\/wp-json\/wp\/v2\/types\/product"}],"wp:featuredmedia":[{"embeddable":true,"href":"https:\/\/www.lakewell.com\/fr\/wp-json\/wp\/v2\/media\/267996"}],"wp:attachment":[{"href":"https:\/\/www.lakewell.com\/fr\/wp-json\/wp\/v2\/media?parent=268107"}],"wp:term":[{"taxonomy":"product_cat","embeddable":true,"href":"https:\/\/www.lakewell.com\/fr\/wp-json\/wp\/v2\/product_cat?post=268107"},{"taxonomy":"product_tag","embeddable":true,"href":"https:\/\/www.lakewell.com\/fr\/wp-json\/wp\/v2\/product_tag?post=268107"}],"curies":[{"name":"wp","href":"https:\/\/api.w.org\/{rel}","templated":true}]}}