{"id":268272,"date":"2021-01-04T21:46:53","date_gmt":"2021-01-04T19:46:53","guid":{"rendered":"https:\/\/staging.lakewell.com\/product\/non%20class\u00e9\/tissus-porsche-pasha-damier\/"},"modified":"2022-08-09T18:31:14","modified_gmt":"2022-08-09T18:31:14","slug":"tissus-damier-porsche-pasha","status":"publish","type":"product","link":"https:\/\/www.lakewell.com\/fr\/shop\/materiaux-et-fournitures\/tissus\/tissus-damier-porsche-pasha\/","title":{"rendered":"Tissus Porsche &#8220;Pasha&#8221; (Damier)"},"content":{"rendered":"<p>Tissu flanelle Porsche &#8216;Pasha&#8217; (Pascha) pour les mod\u00e8les Porsche 911, 924 et 928 de 1980 \u00e0 1984. Disponible en Noir\/Blanc, Noir\/Bleu, Bleu\/Beige et Marron\/Beige. Il s&#8217;agit d&#8217;un beau tissu de sp\u00e9cification OEM. Nous garantissons un motif, un tissage et une qualit\u00e9 authentiques.<\/p>\n<p>Le tissu velours\/flanelle Porsche Pasha (Pascha) a \u00e9t\u00e9 utilis\u00e9 dans les int\u00e9rieurs des Porsche 911, 924 et 928 de 1980 \u00e0 1984. Il \u00e9tait \u00e9galement connu sous le nom de &#8220;Schachbrett&#8221; ou &#8220;Checkerboard&#8221;. Les voitures \u00e9quip\u00e9es \u00e0 l&#8217;origine d&#8217;int\u00e9rieurs Pasha peuvent \u00eatre reconnues gr\u00e2ce aux codes TPB. Nous avons les tissus Porsche Pasha suivants disponibles; Pasha Noir\/Blanc, Noir\/Bleu, Bleu\/Beige et Marron\/Beige. Pour d&#8217;autres couleurs, veuillez vous renseigner. Il s&#8217;agit d&#8217;un beau tissu de sp\u00e9cification OEM. Nous garantissons un motif, un tissage et une qualit\u00e9 authentiques.<\/p>\n<p>Ce tissu est vendu au m\u00e8tre carr\u00e9. La largeur du tissu est de 1m50. Pour regarnir 2 si\u00e8ges avant (sections centrales uniquement), vous avez besoin de 2 m\u00e8tres carr\u00e9s.<\/p>\n","protected":false},"excerpt":{"rendered":"<p>Tissu flanelle Porsche &#8216;Pasha&#8217; (Pascha) pour les mod\u00e8les Porsche 911, 924 et 928 de 1980 \u00e0 1984. Disponible en Noir\/Blanc, Noir\/Bleu, Bleu\/Beige et Marron\/Beige. Nous garantissons un motif, un tissage et une qualit\u00e9 authentiques.<\/p>\n","protected":false},"featured_media":268273,"template":"","meta":[],"product_cat":[7521],"product_tag":[],"class_list":{"0":"post-268272","1":"product","2":"type-product","3":"status-publish","4":"has-post-thumbnail","6":"product_cat-tissus","8":"first","9":"instock","10":"taxable","11":"shipping-taxable","12":"purchasable","13":"product-type-variable","14":"has-product-sample"},"wcpa_form_fields":null,"_links":{"self":[{"href":"https:\/\/www.lakewell.com\/fr\/wp-json\/wp\/v2\/product\/268272","targetHints":{"allow":["GET"]}}],"collection":[{"href":"https:\/\/www.lakewell.com\/fr\/wp-json\/wp\/v2\/product"}],"about":[{"href":"https:\/\/www.lakewell.com\/fr\/wp-json\/wp\/v2\/types\/product"}],"wp:featuredmedia":[{"embeddable":true,"href":"https:\/\/www.lakewell.com\/fr\/wp-json\/wp\/v2\/media\/268273"}],"wp:attachment":[{"href":"https:\/\/www.lakewell.com\/fr\/wp-json\/wp\/v2\/media?parent=268272"}],"wp:term":[{"taxonomy":"product_cat","embeddable":true,"href":"https:\/\/www.lakewell.com\/fr\/wp-json\/wp\/v2\/product_cat?post=268272"},{"taxonomy":"product_tag","embeddable":true,"href":"https:\/\/www.lakewell.com\/fr\/wp-json\/wp\/v2\/product_tag?post=268272"}],"curies":[{"name":"wp","href":"https:\/\/api.w.org\/{rel}","templated":true}]}}