{"id":268431,"date":"2021-01-04T23:46:02","date_gmt":"2021-01-04T23:46:02","guid":{"rendered":"https:\/\/staging.lakewell.com\/product\/non%20class\u00e9\/kit-de-restauration-siege-sport-2-places-porsche-911-65-73\/"},"modified":"2022-08-07T07:55:38","modified_gmt":"2022-08-07T07:55:38","slug":"kit-restauration-siege-sport-2-places-porsche-911-65-73","status":"publish","type":"product","link":"https:\/\/www.lakewell.com\/fr\/shop\/porsche\/911\/1965-1968\/kit-restauration-siege-sport-2-places-porsche-911-65-73\/","title":{"rendered":"Kit de restauration si\u00e8ge sport (2 si\u00e8ges) Porsche 911 &#8217;65-&#8217;73"},"content":{"rendered":"<p>Kit de restauration complet pour 2 si\u00e8ges sport Recaro d&#8217;origine des mod\u00e8les Porsche 911 1965-1973. Ce kit est disponible avec des sections centrales unies, perfor\u00e9es, &#8220;Pepita&#8221; (pied de poule) ou en velours c\u00f4tel\u00e9, en cuir Porsche Nappa ou en vynil classique. Les housses d&#8217;appui-t\u00eate (standard pour les mod\u00e8les &#8217;72-&#8217;73) ne sont pas incluses dans ce kit, mais peuvent \u00eatre command\u00e9es s\u00e9par\u00e9ment.<\/p>\n<p>Notre kit de restauration de si\u00e8ges sport Recaro est probablement le meilleur que vous puissiez acheter en termes d&#8217;exhaustivit\u00e9, d&#8217;originalit\u00e9 et d&#8217;ajustement. Le kit comprend tout ce dont vous avez g\u00e9n\u00e9ralement besoin pour remettre vos si\u00e8ges avant \u00e0 l&#8217;\u00e9tat neuf ; toutes les housses de si\u00e8ge avant et mousse de correction pour les traversins de base de si\u00e8ge.<\/p>\n<p>Nos housses de si\u00e8ge avant fabriqu\u00e9es \u00e0 la main (2 housses de dossier et 2 housses de base de si\u00e8ge), correspondent \u00e9tape par \u00e9tape aux sp\u00e9cifications d&#8217;usine de Stuttgart&nbsp;; \u00e0 partir des meilleures peaux \u00e9cossaises avec perforation pour les sections centrales (si n\u00e9cessaire), vinyle assortie, mat\u00e9riau de support en calicot de qualit\u00e9 sup\u00e9rieure, remplissage de plis aux sp\u00e9cifications exactes, jusqu&#8217;au cordon passepoil et aux fils haute r\u00e9sistance que nous utilisons. Toutes les peaux sont coup\u00e9es avec pr\u00e9cision, passepoil\u00e9es et pr\u00e9form\u00e9es pour garantir un ajustement authentique d&#8217;usine.<\/p>\n<p>Gardez \u00e0 l&#8217;esprit qu&#8217;une base de si\u00e8ge fortement d\u00e9form\u00e9e ou d\u00e9compos\u00e9e ne peut \u00eatre restaur\u00e9e qu&#8217;avec une nouvelle mousse cellulaire. Les nouvelles mousses de cellules de base de si\u00e8ge ne sont pas incluses dans ce kit (disponibles s\u00e9par\u00e9ment).<\/p>\n<p>Le kit de restauration de si\u00e8ge est livr\u00e9 avec des instructions d&#8217;installation \u00e9tape par \u00e9tape et des images. L&#8217;installation ne n\u00e9cessite aucun outil sp\u00e9cifique et est \u00e0 la port\u00e9e d&#8217;un passionn\u00e9-bricoleur mod\u00e9r\u00e9ment exp\u00e9riment\u00e9.<\/p>\n<p>En raison de la d\u00e9coloration du mat\u00e9riau d&#8217;origine et des diff\u00e9rences de couleur entre les lots de teinture, nous proposons le kit de restauration des si\u00e8ges avant en noir uniquement. Pour les kits int\u00e9rieur complets en cuir, nous pouvons proposer la plupart des couleurs Porsche d&#8217;origine (veuillez nous contacter).<\/p>\n","protected":false},"excerpt":{"rendered":"<p>Kit complet de restauration de si\u00e8ges sport (2 si\u00e8ges) pour Porsche 911 mod\u00e8les 1965-1973 avec si\u00e8ges sport Recaro d&#8217;origine. Ce kit est disponible avec des sections centrales unies, perfor\u00e9es, &#8220;Pepita&#8221; (pied de poule) ou en velours c\u00f4tel\u00e9, en cuir Porsche Nappa ou en vynil classique.<\/p>\n","protected":false},"featured_media":268443,"template":"","meta":[],"product_cat":[7546,7548],"product_tag":[],"class_list":{"0":"post-268431","1":"product","2":"type-product","3":"status-publish","4":"has-post-thumbnail","6":"product_cat-1965-1968","7":"product_cat-1969-1973","9":"first","10":"instock","11":"taxable","12":"shipping-taxable","13":"purchasable","14":"product-type-variable","15":"has-product-sample"},"wcpa_form_fields":null,"_links":{"self":[{"href":"https:\/\/www.lakewell.com\/fr\/wp-json\/wp\/v2\/product\/268431","targetHints":{"allow":["GET"]}}],"collection":[{"href":"https:\/\/www.lakewell.com\/fr\/wp-json\/wp\/v2\/product"}],"about":[{"href":"https:\/\/www.lakewell.com\/fr\/wp-json\/wp\/v2\/types\/product"}],"wp:featuredmedia":[{"embeddable":true,"href":"https:\/\/www.lakewell.com\/fr\/wp-json\/wp\/v2\/media\/268443"}],"wp:attachment":[{"href":"https:\/\/www.lakewell.com\/fr\/wp-json\/wp\/v2\/media?parent=268431"}],"wp:term":[{"taxonomy":"product_cat","embeddable":true,"href":"https:\/\/www.lakewell.com\/fr\/wp-json\/wp\/v2\/product_cat?post=268431"},{"taxonomy":"product_tag","embeddable":true,"href":"https:\/\/www.lakewell.com\/fr\/wp-json\/wp\/v2\/product_tag?post=268431"}],"curies":[{"name":"wp","href":"https:\/\/api.w.org\/{rel}","templated":true}]}}