{"id":268483,"date":"2021-01-04T21:34:46","date_gmt":"2021-01-04T19:34:46","guid":{"rendered":"https:\/\/staging.lakewell.com\/product\/non%20class\u00e9\/ecusson-porsche-en-relief-sur-les-appuie-tete-des-sieges-porsche-911-85-98\/"},"modified":"2022-08-07T07:55:42","modified_gmt":"2022-08-07T07:55:42","slug":"blason-porsche-en-relief-dans-les-appuis-tete-porsche-911-85-98","status":"publish","type":"product","link":"https:\/\/www.lakewell.com\/fr\/shop\/materiaux-et-fournitures\/scripts-et-logos\/blason-porsche-en-relief-dans-les-appuis-tete-porsche-911-85-98\/","title":{"rendered":"\u00c9cusson Porsche en relief sur les appuie-t\u00eate des si\u00e8ges Porsche 911 &#8217;85-&#8217;98"},"content":{"rendered":"<p>Embl\u00e8me Porsche en relief sur les appuie-t\u00eate des si\u00e8ges pour les mod\u00e8les Porsche 911 &#8217;85-&#8217;98 avec appuie-t\u00eate lisses. Nous adaptons exactement les outils et processus de l&#8217;usine St\u00fcttgart pour effectuer un gaufrage sous pression thermique. La taille du logo correspond \u00e0 un rectangle de 5 x 8 cm. Aspect authentique d&#8217;usine garanti.<\/p>\n<p>Peut \u00eatre command\u00e9 avec le kit de restauration de si\u00e8ge uniquement. Le prix est pour le gaufrage de 2 appuis-t\u00eate.<\/p>\n","protected":false},"excerpt":{"rendered":"<p>\u00c9cusson Porsche en relief dans les appuie-t\u00eate des si\u00e8ges pour les mod\u00e8les Porsche 911 &#8217;85-&#8217;98 avec appuie-t\u00eate lisses. Aspect authentique d&#8217;usine garanti.<\/p>\n","protected":false},"featured_media":268497,"template":"","meta":[],"product_cat":[7526],"product_tag":[],"class_list":{"0":"post-268483","1":"product","2":"type-product","3":"status-publish","4":"has-post-thumbnail","6":"product_cat-scripts-et-logos","8":"first","9":"instock","10":"taxable","11":"shipping-taxable","12":"purchasable","13":"product-type-simple"},"wcpa_form_fields":null,"_links":{"self":[{"href":"https:\/\/www.lakewell.com\/fr\/wp-json\/wp\/v2\/product\/268483","targetHints":{"allow":["GET"]}}],"collection":[{"href":"https:\/\/www.lakewell.com\/fr\/wp-json\/wp\/v2\/product"}],"about":[{"href":"https:\/\/www.lakewell.com\/fr\/wp-json\/wp\/v2\/types\/product"}],"wp:featuredmedia":[{"embeddable":true,"href":"https:\/\/www.lakewell.com\/fr\/wp-json\/wp\/v2\/media\/268497"}],"wp:attachment":[{"href":"https:\/\/www.lakewell.com\/fr\/wp-json\/wp\/v2\/media?parent=268483"}],"wp:term":[{"taxonomy":"product_cat","embeddable":true,"href":"https:\/\/www.lakewell.com\/fr\/wp-json\/wp\/v2\/product_cat?post=268483"},{"taxonomy":"product_tag","embeddable":true,"href":"https:\/\/www.lakewell.com\/fr\/wp-json\/wp\/v2\/product_tag?post=268483"}],"curies":[{"name":"wp","href":"https:\/\/api.w.org\/{rel}","templated":true}]}}