{"id":268651,"date":"2021-01-05T02:08:00","date_gmt":"2021-01-05T02:08:00","guid":{"rendered":"https:\/\/staging.lakewell.com\/product\/non%20class\u00e9\/couvre-coffre-cabriolet-porsche-911-et-964-85-93\/"},"modified":"2022-08-07T10:49:13","modified_gmt":"2022-08-07T10:49:13","slug":"couvre-capote-porsche-911-et-964-85-93-2","status":"publish","type":"product","link":"https:\/\/www.lakewell.com\/fr\/shop\/porsche\/911\/1984-1989\/couvre-capote-porsche-911-et-964-85-93-2\/","title":{"rendered":"Couvre capote Porsche 911 et 964 &#8217;85-&#8217;93"},"content":{"rendered":"<p>Couvre capote complet, neuf et d&#8217;origine pour votre cabriolet Porsche 911 de 1985 \u00e0 1993. Il s&#8217;agit d&#8217;une magnifique pi\u00e8ce Porsche \u00e0 sp\u00e9cifications d&#8217;origine disponible en plusieurs couleurs, avec le sac d&#8217;origine.<\/p>\n<p>Notre couvre capote cabriolet est probablement le meilleur que vous puissiez acheter en termes d&#8217;exhaustivit\u00e9, d&#8217;originalit\u00e9 et d&#8217;ajustement. Il est identique au produit Porsche \u00e0 tous \u00e9gards. Nous utilisons les mat\u00e9riaux allemands d&#8217;origine ; toile &#8220;Sonnenland Classic&#8221; de qualit\u00e9 sup\u00e9rieure et toile de reliure assortie provenant du fournisseur d&#8217;origine, fils \u00e0 haute r\u00e9sistance et toutes les attaches et accessoires de pr\u00e9cision n\u00e9cessaires. M\u00eame le vinyle \u00e9pais et le &#8220;Velcro&#8221; utilis\u00e9s pour la fabrication du sac correspondent exactement aux sp\u00e9cifications de l&#8217;usine de Stuttgart. Tous les mat\u00e9riaux sont coup\u00e9s avec pr\u00e9cision, coll\u00e9s sous pression, cousus \u00e0 la forme et bord\u00e9s pour garantir un ajustement authentique de l&#8217;usine.<\/p>\n<p>Si vous conduisez actuellement votre Porsche sans couvre capote, sachez que vous pourriez endommager votre capote. Ces voitures ont \u00e9t\u00e9 livr\u00e9es en usine avec le couvre capote pour garantir que la structure de sangle \u00e0 l&#8217;int\u00e9rieur de la capote est prot\u00e9g\u00e9e en cas de conduite decapot\u00e9 \u00e0 grande vitesse. De plus, rien n&#8217;approche le couvre capote pour accentuer la sensualit\u00e9 des courbes de votre cabriolet.<\/p>\n<p>Pour garantir que notre couvre capote s&#8217;adaptera parfaitement aux capotes d&#8217;origine et remplac\u00e9es, les fixations TENAX (pour les mod\u00e8les &#8217;85-&#8217;93) sont livr\u00e9es avec la housse mais non pr\u00e9install\u00e9es.<\/p>\n","protected":false},"excerpt":{"rendered":"<p>Couvre capote complet, neuf et d&#8217;origine pour votre cabriolet Porsche 911 de 1985 \u00e0 1993. Il s&#8217;agit d&#8217;une magnifique pi\u00e8ce Porsche \u00e0 sp\u00e9cifications d&#8217;origine disponible en plusieurs couleurs, avec le sac d&#8217;origine.<\/p>\n","protected":false},"featured_media":275983,"template":"","meta":[],"product_cat":[7552,7554,7568],"product_tag":[],"class_list":{"0":"post-268651","1":"product","2":"type-product","3":"status-publish","4":"has-post-thumbnail","6":"product_cat-1984-1989","7":"product_cat-1990-1993","8":"product_cat-7568","10":"first","11":"instock","12":"taxable","13":"shipping-taxable","14":"purchasable","15":"product-type-variable","16":"has-product-sample"},"wcpa_form_fields":null,"_links":{"self":[{"href":"https:\/\/www.lakewell.com\/fr\/wp-json\/wp\/v2\/product\/268651","targetHints":{"allow":["GET"]}}],"collection":[{"href":"https:\/\/www.lakewell.com\/fr\/wp-json\/wp\/v2\/product"}],"about":[{"href":"https:\/\/www.lakewell.com\/fr\/wp-json\/wp\/v2\/types\/product"}],"wp:featuredmedia":[{"embeddable":true,"href":"https:\/\/www.lakewell.com\/fr\/wp-json\/wp\/v2\/media\/275983"}],"wp:attachment":[{"href":"https:\/\/www.lakewell.com\/fr\/wp-json\/wp\/v2\/media?parent=268651"}],"wp:term":[{"taxonomy":"product_cat","embeddable":true,"href":"https:\/\/www.lakewell.com\/fr\/wp-json\/wp\/v2\/product_cat?post=268651"},{"taxonomy":"product_tag","embeddable":true,"href":"https:\/\/www.lakewell.com\/fr\/wp-json\/wp\/v2\/product_tag?post=268651"}],"curies":[{"name":"wp","href":"https:\/\/api.w.org\/{rel}","templated":true}]}}