{"id":268837,"date":"2021-01-04T22:01:19","date_gmt":"2021-01-04T22:01:19","guid":{"rendered":"https:\/\/staging.lakewell.com\/product\/non%20class\u00e9\/bande-de-porte-arriere-jaguar-xke-61-74\/"},"modified":"2022-08-07T10:59:27","modified_gmt":"2022-08-07T10:59:27","slug":"bandeau-de-porte-arriere-jaguar-xke-61-74-2","status":"publish","type":"product","link":"https:\/\/www.lakewell.com\/fr\/shop\/jaguar\/e-type\/s2-1968-1971\/221626421759\/bandeau-de-porte-arriere-jaguar-xke-61-74-2\/","title":{"rendered":"Bourrelet de porte arri\u00e8re Jaguar XKE &#8217;61-&#8217;74"},"content":{"rendered":"<p>Joint d&#8217;\u00e9tanch\u00e9it\u00e9 en plastique pour la porte arri\u00e8re de tous les mod\u00e8les Jaguar E Type FHC et 2+2 1961-1974. Disponible en noir seulement.<\/p>\n<p>Pour une installation en douceur, nous vous recommandons de r\u00e9chauffer la bande avec un s\u00e8che-cheveux et de la fixer avec notre kit de colle PU.<\/p>\n","protected":false},"excerpt":{"rendered":"<p>Joint d&#8217;\u00e9tanch\u00e9it\u00e9 en plastique pour la porte arri\u00e8re de tous les mod\u00e8les Jaguar E Type FHC et 2+2 1961-1974. Disponible en noir seulement.<\/p>\n","protected":false},"featured_media":276533,"template":"","meta":[],"product_cat":[7491,7481,7500,7486,7494],"product_tag":[],"class_list":{"0":"post-268837","1":"product","2":"type-product","3":"status-publish","4":"has-post-thumbnail","6":"product_cat-7491","7":"product_cat-22-2","8":"product_cat-xke-coupe-s3","9":"product_cat-fhc","10":"product_cat-xke-fhc-s2","12":"first","13":"instock","14":"taxable","15":"shipping-taxable","16":"purchasable","17":"product-type-simple"},"wcpa_form_fields":null,"_links":{"self":[{"href":"https:\/\/www.lakewell.com\/fr\/wp-json\/wp\/v2\/product\/268837","targetHints":{"allow":["GET"]}}],"collection":[{"href":"https:\/\/www.lakewell.com\/fr\/wp-json\/wp\/v2\/product"}],"about":[{"href":"https:\/\/www.lakewell.com\/fr\/wp-json\/wp\/v2\/types\/product"}],"wp:featuredmedia":[{"embeddable":true,"href":"https:\/\/www.lakewell.com\/fr\/wp-json\/wp\/v2\/media\/276533"}],"wp:attachment":[{"href":"https:\/\/www.lakewell.com\/fr\/wp-json\/wp\/v2\/media?parent=268837"}],"wp:term":[{"taxonomy":"product_cat","embeddable":true,"href":"https:\/\/www.lakewell.com\/fr\/wp-json\/wp\/v2\/product_cat?post=268837"},{"taxonomy":"product_tag","embeddable":true,"href":"https:\/\/www.lakewell.com\/fr\/wp-json\/wp\/v2\/product_tag?post=268837"}],"curies":[{"name":"wp","href":"https:\/\/api.w.org\/{rel}","templated":true}]}}