{"id":268958,"date":"2021-01-04T21:45:29","date_gmt":"2021-01-04T19:45:29","guid":{"rendered":"https:\/\/staging.lakewell.com\/product\/non%20class\u00e9\/joint-de-panneau-de-porte-porsche-911-69-93\/"},"modified":"2022-08-07T11:00:41","modified_gmt":"2022-08-07T11:00:41","slug":"joint-panneau-porte-porsche-911-69-93","status":"publish","type":"product","link":"https:\/\/www.lakewell.com\/fr\/shop\/materiaux-et-fournitures\/coupeoid\/joint-panneau-porte-porsche-911-69-93\/","title":{"rendered":"Joint de panneau de porte Porsche 911 &#8217;69-&#8217;93"},"content":{"rendered":"<p>Joint de panneau de porte en caoutchouc noir pour panneaux de porte Porsche 911\/912\/964 1969-1994. Agrafez aux bords d&#8217;attaque et de fuite de votre panneau de porte.<\/p>\n<p>Les joints des anciens panneaux de porte se fissurent souvent lorsque vous essayez de les transf\u00e9rer des anciens aux nouveaux panneaux de porte. Parce que les joints de panneaux de porte aident \u00e0 \u00e9viter les vibrations, nous vous recommandons d&#8217;ajouter le joint de panneau de porte lors de l&#8217;achat de nouveaux panneaux de porte.<\/p>\n<p>Pour installer, il suffit de couper \u00e0 la taille et d&#8217;agrafer sur les bords avant et arri\u00e8re de votre panneau de porte.<\/p>\n<p>Vendu au m\u00e8tre. Pour 2 portes il faut 2 m\u00e8tres.<\/p>\n","protected":false},"excerpt":{"rendered":"<p>Joint de panneau de porte en caoutchouc noir pour panneaux de porte Porsche 911\/912\/964 1969-1994. Agrafez aux bords d&#8217;attaque et de fuite de votre panneau de porte.<\/p>\n","protected":false},"featured_media":268962,"template":"","meta":[],"product_cat":[7527],"product_tag":[],"class_list":{"0":"post-268958","1":"product","2":"type-product","3":"status-publish","4":"has-post-thumbnail","6":"product_cat-coupeoid","8":"first","9":"instock","10":"taxable","11":"shipping-taxable","12":"purchasable","13":"product-type-simple"},"wcpa_form_fields":null,"_links":{"self":[{"href":"https:\/\/www.lakewell.com\/fr\/wp-json\/wp\/v2\/product\/268958","targetHints":{"allow":["GET"]}}],"collection":[{"href":"https:\/\/www.lakewell.com\/fr\/wp-json\/wp\/v2\/product"}],"about":[{"href":"https:\/\/www.lakewell.com\/fr\/wp-json\/wp\/v2\/types\/product"}],"wp:featuredmedia":[{"embeddable":true,"href":"https:\/\/www.lakewell.com\/fr\/wp-json\/wp\/v2\/media\/268962"}],"wp:attachment":[{"href":"https:\/\/www.lakewell.com\/fr\/wp-json\/wp\/v2\/media?parent=268958"}],"wp:term":[{"taxonomy":"product_cat","embeddable":true,"href":"https:\/\/www.lakewell.com\/fr\/wp-json\/wp\/v2\/product_cat?post=268958"},{"taxonomy":"product_tag","embeddable":true,"href":"https:\/\/www.lakewell.com\/fr\/wp-json\/wp\/v2\/product_tag?post=268958"}],"curies":[{"name":"wp","href":"https:\/\/api.w.org\/{rel}","templated":true}]}}