{"id":268996,"date":"2016-12-21T20:41:44","date_gmt":"2016-12-21T20:41:44","guid":{"rendered":"https:\/\/staging.lakewell.com\/product\/non%20class\u00e9\/pommeau-de-levier-de-vitesse-jaguar-xj6-xj12-automatique-69-87\/"},"modified":"2022-08-07T11:00:40","modified_gmt":"2022-08-07T11:00:40","slug":"pommeau-de-vitesse-jaguar-xj6-xj12-automatique-69-87","status":"publish","type":"product","link":"https:\/\/www.lakewell.com\/fr\/shop\/jaguar\/xj\/pommeau-de-vitesse-jaguar-xj6-xj12-automatique-69-87\/","title":{"rendered":"Pommeau de levier de vitesse Jaguar XJ6-XJ12 automatique &#8217;69-&#8217;87"},"content":{"rendered":"<p>Pommeau de levier de vitesse pour tous les mod\u00e8les Jaguar XJ6-XJ12 de 1969 \u00e0 1987 avec bo\u00eete de vitesses automatique. Il s&#8217;agit d&#8217;une belle reproduction \u00e0 sp\u00e9cifications d&#8217;origine en bois de ronce poli.<\/p>\n<p>L&#8217;installation est simple. Les 2 moiti\u00e9s se vissent simplement en position sur votre levier de vitesse.<\/p>\n<p>Ne convient pas aux voitures \u00e0 transmission manuelle.<\/p>\n","protected":false},"excerpt":{"rendered":"<p>Pommeau de levier de vitesse pour tous les mod\u00e8les Jaguar XJ6-XJ12 de 1969 \u00e0 1987 avec bo\u00eete de vitesses automatique. Il s&#8217;agit d&#8217;une belle reproduction \u00e0 sp\u00e9cifications d&#8217;origine en bois de ronce poli.<\/p>\n","protected":false},"featured_media":276585,"template":"","meta":[],"product_cat":[7509],"product_tag":[],"class_list":{"0":"post-268996","1":"product","2":"type-product","3":"status-publish","4":"has-post-thumbnail","6":"product_cat-xj","8":"first","9":"instock","10":"taxable","11":"shipping-taxable","12":"purchasable","13":"product-type-simple"},"wcpa_form_fields":null,"_links":{"self":[{"href":"https:\/\/www.lakewell.com\/fr\/wp-json\/wp\/v2\/product\/268996","targetHints":{"allow":["GET"]}}],"collection":[{"href":"https:\/\/www.lakewell.com\/fr\/wp-json\/wp\/v2\/product"}],"about":[{"href":"https:\/\/www.lakewell.com\/fr\/wp-json\/wp\/v2\/types\/product"}],"wp:featuredmedia":[{"embeddable":true,"href":"https:\/\/www.lakewell.com\/fr\/wp-json\/wp\/v2\/media\/276585"}],"wp:attachment":[{"href":"https:\/\/www.lakewell.com\/fr\/wp-json\/wp\/v2\/media?parent=268996"}],"wp:term":[{"taxonomy":"product_cat","embeddable":true,"href":"https:\/\/www.lakewell.com\/fr\/wp-json\/wp\/v2\/product_cat?post=268996"},{"taxonomy":"product_tag","embeddable":true,"href":"https:\/\/www.lakewell.com\/fr\/wp-json\/wp\/v2\/product_tag?post=268996"}],"curies":[{"name":"wp","href":"https:\/\/api.w.org\/{rel}","templated":true}]}}