{"id":269023,"date":"2021-01-04T21:06:17","date_gmt":"2021-01-04T21:06:17","guid":{"rendered":"https:\/\/staging.lakewell.com\/product\/non%20class\u00e9\/jeu-de-moquettes-interieures-bmw-1600-gt-et-glas-1300-1700-gt-63-68\/"},"modified":"2022-08-07T11:00:52","modified_gmt":"2022-08-07T11:00:52","slug":"jeu-tapis-interieur-bmw-1600-gt-et-vitre-13001700-gt-63-68","status":"publish","type":"product","link":"https:\/\/www.lakewell.com\/fr\/shop\/bmw\/jeu-tapis-interieur-bmw-1600-gt-et-vitre-13001700-gt-63-68\/","title":{"rendered":"Jeu de moquettes int\u00e9rieur BMW 1600 GT et Glas 1300\/1700 GT &#8217;63-&#8217;68"},"content":{"rendered":"<p>Jeu complet de moquettes int\u00e9rieur pour les mod\u00e8les BMW 1600 GT, Glas 1300 GT et Glas 1700 GT Coup\u00e9 de 1963 \u00e0 1968. Fabriqu\u00e9 en velours boucl\u00e9 bicolore noir\/gris de haute qualit\u00e9 comme d&#8217;origine.<\/p>\n<p>Tout au long du processus de production, nous respectons \u00e9troitement les sp\u00e9cifications de l&#8217;usine de Munich&nbsp;; de la couture, la reliure des bords, jusqu&#8217;\u00e0 l&#8217;ameublement et le rembourrage du talon. Tous les mat\u00e9riaux sont coup\u00e9s avec pr\u00e9cision, coll\u00e9s sous pression et pr\u00e9form\u00e9s pour garantir un ajustement authentique d&#8217;usine.<\/p>\n<p>Nous fabriquons cet ensemble de tapis dans un velours boucl\u00e9 bicolore noir\/gris de haute qualit\u00e9 (boucl\u00e9) comme d&#8217;origine. Autres couleurs disponibles sur demande. Ne convient pas aux mod\u00e8les cabriolets.<\/p>\n<p>L&#8217;installation ne n\u00e9cessite aucun outil sp\u00e9cifique et est confortablement \u00e0 la port\u00e9e d&#8217;un passionn\u00e9-bricoleur.<\/p>\n","protected":false},"excerpt":{"rendered":"<p>Jeu complet de moquettes int\u00e9rieur pour les mod\u00e8les BMW 1600 GT, Glas 1300 GT et Glas 1700 GT Coup\u00e9 de 1963 \u00e0 1968. Fabriqu\u00e9 en velours boucl\u00e9 bicolore noir\/gris de haute qualit\u00e9 comme d&#8217;origine.<\/p>\n","protected":false},"featured_media":276568,"template":"","meta":[],"product_cat":[7469],"product_tag":[],"class_list":{"0":"post-269023","1":"product","2":"type-product","3":"status-publish","4":"has-post-thumbnail","6":"product_cat-bmw","8":"first","9":"instock","10":"taxable","11":"shipping-taxable","12":"purchasable","13":"product-type-variable","14":"has-product-sample"},"wcpa_form_fields":null,"_links":{"self":[{"href":"https:\/\/www.lakewell.com\/fr\/wp-json\/wp\/v2\/product\/269023","targetHints":{"allow":["GET"]}}],"collection":[{"href":"https:\/\/www.lakewell.com\/fr\/wp-json\/wp\/v2\/product"}],"about":[{"href":"https:\/\/www.lakewell.com\/fr\/wp-json\/wp\/v2\/types\/product"}],"wp:featuredmedia":[{"embeddable":true,"href":"https:\/\/www.lakewell.com\/fr\/wp-json\/wp\/v2\/media\/276568"}],"wp:attachment":[{"href":"https:\/\/www.lakewell.com\/fr\/wp-json\/wp\/v2\/media?parent=269023"}],"wp:term":[{"taxonomy":"product_cat","embeddable":true,"href":"https:\/\/www.lakewell.com\/fr\/wp-json\/wp\/v2\/product_cat?post=269023"},{"taxonomy":"product_tag","embeddable":true,"href":"https:\/\/www.lakewell.com\/fr\/wp-json\/wp\/v2\/product_tag?post=269023"}],"curies":[{"name":"wp","href":"https:\/\/api.w.org\/{rel}","templated":true}]}}