{"id":271758,"date":"2021-11-22T19:31:36","date_gmt":"2021-11-22T17:31:36","guid":{"rendered":"https:\/\/staging.lakewell.com\/product\/non%20class\u00e9\/cache-coffre-arriere-zippe-ferrari-308-328-75-89\/"},"modified":"2022-08-21T15:14:19","modified_gmt":"2022-08-21T15:14:19","slug":"housse-de-coffre-arriere-fermeture-eclair-ferrari-308-328-75-89","status":"publish","type":"product","link":"https:\/\/www.lakewell.com\/fr\/shop\/ferrari\/housse-de-coffre-arriere-fermeture-eclair-ferrari-308-328-75-89\/","title":{"rendered":"Cache coffre arri\u00e8re zipp\u00e9 Ferrari 308\/328 &#8217;75-&#8217;89"},"content":{"rendered":"<p>Couvre coffre arri\u00e8re zipp\u00e9 pour tous les mod\u00e8les Ferrari 308 et 328 GTB et GTS. Avec fermeture \u00e0 glissi\u00e8re et traceur en m\u00e9tal de sp\u00e9cification d&#8217;origine.<\/p>\n<p>Notre couvre coffre arri\u00e8re zipp\u00e9 fabriqu\u00e9 \u00e0 la main est probablement le meilleur que vous puissiez acheter pour son originalit\u00e9 et son ajustement. Tout au long du processus de production, nous respectons \u00e9troitement les sp\u00e9cifications de l&#8217;usine de Mod\u00e8ne ; vinyle grain\u00e9, bordures, renforts autour des ouvertures de serrure, fermeture \u00e0 glissi\u00e8re \u00e0 double couture, jusqu&#8217;\u00e0 la fermeture \u00e0 glissi\u00e8re en spirale en m\u00e9tal et le traceur que nous utilisons. Tous les mat\u00e9riaux sont coup\u00e9s avec pr\u00e9cision pour garantir un ajustement authentique d&#8217;usine.<\/p>\n<p>Une vid\u00e9o pour vous accompagner dans l&#8217;installation est disponible. L&#8217;installation ne n\u00e9cessite aucun outil sp\u00e9cifique et est confortablement \u00e0 la port\u00e9e d&#8217;un passionn\u00e9-bricoleur.<\/p>\n","protected":false},"excerpt":{"rendered":"<p>Couvre coffre arri\u00e8re zipp\u00e9 pour tous les mod\u00e8les Ferrari 308 et 328 GTB et GTS. Avec fermeture \u00e0 glissi\u00e8re et traceur en m\u00e9tal de sp\u00e9cification d&#8217;origine.<\/p>\n","protected":false},"featured_media":269189,"template":"","meta":[],"product_cat":[7471],"product_tag":[],"class_list":{"0":"post-271758","1":"product","2":"type-product","3":"status-publish","4":"has-post-thumbnail","6":"product_cat-ferrari","8":"first","9":"instock","10":"featured","11":"taxable","12":"shipping-taxable","13":"purchasable","14":"product-type-simple"},"wcpa_form_fields":null,"_links":{"self":[{"href":"https:\/\/www.lakewell.com\/fr\/wp-json\/wp\/v2\/product\/271758","targetHints":{"allow":["GET"]}}],"collection":[{"href":"https:\/\/www.lakewell.com\/fr\/wp-json\/wp\/v2\/product"}],"about":[{"href":"https:\/\/www.lakewell.com\/fr\/wp-json\/wp\/v2\/types\/product"}],"wp:featuredmedia":[{"embeddable":true,"href":"https:\/\/www.lakewell.com\/fr\/wp-json\/wp\/v2\/media\/269189"}],"wp:attachment":[{"href":"https:\/\/www.lakewell.com\/fr\/wp-json\/wp\/v2\/media?parent=271758"}],"wp:term":[{"taxonomy":"product_cat","embeddable":true,"href":"https:\/\/www.lakewell.com\/fr\/wp-json\/wp\/v2\/product_cat?post=271758"},{"taxonomy":"product_tag","embeddable":true,"href":"https:\/\/www.lakewell.com\/fr\/wp-json\/wp\/v2\/product_tag?post=271758"}],"curies":[{"name":"wp","href":"https:\/\/api.w.org\/{rel}","templated":true}]}}