{"id":271995,"date":"2021-06-03T16:10:48","date_gmt":"2021-06-03T14:10:48","guid":{"rendered":"https:\/\/staging.lakewell.com\/product\/non%20class\u00e9\/jeu-de-tapis-de-sol-ferrari-348-89-95\/"},"modified":"2022-08-06T22:54:03","modified_gmt":"2022-08-06T22:54:03","slug":"ensemble-tapis-ferrari-348-89-95","status":"publish","type":"product","link":"https:\/\/www.lakewell.com\/fr\/shop\/ferrari\/ensemble-tapis-ferrari-348-89-95\/","title":{"rendered":"Jeu de tapis de sol Ferrari 348 &#8217;89-&#8217;95"},"content":{"rendered":"<p>Jeu de tapis en deux parties pour les mod\u00e8les Ferrari 348 Coup\u00e9, Targa et Cabriolet &#8217;89-&#8217;95. Notre ensemble de tapis de sol fabriqu\u00e9s \u00e0 la main est probablement le meilleur que vous puissiez acheter en termes d&#8217;originalit\u00e9 et d&#8217;ajustement.<\/p>\n<p>Tout au long du processus de production, nous respectons \u00e9troitement les sp\u00e9cifications de l&#8217;usine de Mod\u00e8ne&nbsp;; de la couture, la reliure des bords, jusqu&#8217;\u00e0 l&#8217;ameublement et le rembourrage du talon. M\u00eame les talonnettes d&#8217;origine sont reproduites selon des normes exactes dans notre usine de moulage de caoutchouc. Tous les mat\u00e9riaux sont coup\u00e9s avec pr\u00e9cision, coll\u00e9s sous pression et pr\u00e9form\u00e9s pour garantir un ajustement authentique d&#8217;usine.<\/p>\n<p>Nous utilisons du velours de qualit\u00e9 sup\u00e9rieure \u00e0 partir d&#8217;un m\u00e9lange laine\/nylon qui est disponible dans la plupart des couleurs originales ; Noir, rouge, beige, biscuit, beige et bleu fonc\u00e9.<\/p>\n","protected":false},"excerpt":{"rendered":"<p>Jeu de tapis en deux parties pour les mod\u00e8les Ferrari 348 Coup\u00e9, Targa et Cabriolet &#8217;89-&#8217;95. Disponible dans la plupart des couleurs originales avec des talonnettes moul\u00e9es originales.<\/p>\n","protected":false},"featured_media":269325,"template":"","meta":[],"product_cat":[7471],"product_tag":[],"class_list":{"0":"post-271995","1":"product","2":"type-product","3":"status-publish","4":"has-post-thumbnail","6":"product_cat-ferrari","8":"first","9":"instock","10":"taxable","11":"shipping-taxable","12":"purchasable","13":"product-type-variable","14":"has-product-sample"},"wcpa_form_fields":null,"_links":{"self":[{"href":"https:\/\/www.lakewell.com\/fr\/wp-json\/wp\/v2\/product\/271995","targetHints":{"allow":["GET"]}}],"collection":[{"href":"https:\/\/www.lakewell.com\/fr\/wp-json\/wp\/v2\/product"}],"about":[{"href":"https:\/\/www.lakewell.com\/fr\/wp-json\/wp\/v2\/types\/product"}],"wp:featuredmedia":[{"embeddable":true,"href":"https:\/\/www.lakewell.com\/fr\/wp-json\/wp\/v2\/media\/269325"}],"wp:attachment":[{"href":"https:\/\/www.lakewell.com\/fr\/wp-json\/wp\/v2\/media?parent=271995"}],"wp:term":[{"taxonomy":"product_cat","embeddable":true,"href":"https:\/\/www.lakewell.com\/fr\/wp-json\/wp\/v2\/product_cat?post=271995"},{"taxonomy":"product_tag","embeddable":true,"href":"https:\/\/www.lakewell.com\/fr\/wp-json\/wp\/v2\/product_tag?post=271995"}],"curies":[{"name":"wp","href":"https:\/\/api.w.org\/{rel}","templated":true}]}}